{"id":286,"date":"2025-05-26T21:18:00","date_gmt":"2025-05-26T21:18:00","guid":{"rendered":"https:\/\/madridanimalpark.com\/?page_id=286"},"modified":"2025-08-11T09:58:02","modified_gmt":"2025-08-11T09:58:02","slug":"familles","status":"publish","type":"page","link":"https:\/\/madridanimalpark.com\/fr\/familles\/","title":{"rendered":"Zoo Aquarium de Madrid : excursion pour les familles"},"content":{"rendered":"<p>Sur un terrain de plus de 20 hectares, le zoo et l'aquarium de Madrid offrent des exp\u00e9riences int\u00e9ressantes et passionnantes aux visiteurs, petits et grands. Situ\u00e9 au c\u0153ur du parc municipal de la Casa de Campo, cette destination n'est pas seulement int\u00e9ressante pour les habitants de la ville, mais aussi pour les touristes. Le zoo n'est pas seulement un lieu o\u00f9 les visiteurs peuvent admirer les animaux locaux et exotiques, car l'\u00e9quipe du zoo ne se contente pas d'exploiter un centre de loisirs, mais souhaite \u00e9galement montrer les diff\u00e9rentes esp\u00e8ces et sensibiliser les visiteurs \u00e0 l'urgence de la protection de la nature et des animaux.<\/p>\n\n\n\n<p>C'est la raison pour laquelle ils associent des connaissances anciennes et les derni\u00e8res d\u00e9couvertes scientifiques et technologiques afin d'offrir aux animaux un foyer adapt\u00e9 \u00e0 leurs besoins et de pr\u00e9server les esp\u00e8ces menac\u00e9es.<\/p>\n\n\n\n<p>L'\u00e9quipe de l'aquarium et du zoo s'efforce d'offrir aux animaux aquatiques et terrestres un environnement aussi naturel que possible, qui reproduit autant que possible l'habitat naturel des habitants du zoo. C'est tr\u00e8s instructif pour les plus jeunes visiteurs, qui peuvent ainsi s'immerger dans diff\u00e9rents pays et voir les animaux dans leur habitat individuel.<\/p>\n\n\n\n<h2 class=\"wp-block-heading\">Peut-\u00eatre pour une occasion sp\u00e9ciale ?<\/h2>\n\n\n\n<p>Que vous viviez \u00e0 Madrid ou que vous visitiez la m\u00e9tropole espagnole, une visite au zoo et \u00e0 l'aquarium de Madrid est toujours recommand\u00e9e. Dans le cadre d'un voyage de vacances, il ne faut jamais n\u00e9gliger les besoins des enfants, mais r\u00e9server \u00e9galement des activit\u00e9s qui correspondent aux int\u00e9r\u00eats des plus jeunes. Une excursion au zoo est toujours une exp\u00e9rience agr\u00e9able, surtout si vous pouvez y passer une journ\u00e9e sp\u00e9ciale. Le zoo propose, entre autres, de f\u00eater un anniversaire au plus pr\u00e8s des animaux.<\/p>\n\n\n<div class=\"wp-block-image\">\n<figure class=\"aligncenter size-large\"><img loading=\"lazy\" decoding=\"async\" width=\"1024\" height=\"682\" src=\"https:\/\/madridanimalpark.com\/wp-content\/uploads\/2025\/05\/baby-snow-leopard-8132690_1280-1024x682.jpg\" alt=\"\" class=\"wp-image-275\" srcset=\"https:\/\/madridanimalpark.com\/wp-content\/uploads\/2025\/05\/baby-snow-leopard-8132690_1280-1024x682.jpg 1024w, https:\/\/madridanimalpark.com\/wp-content\/uploads\/2025\/05\/baby-snow-leopard-8132690_1280-300x200.jpg 300w, https:\/\/madridanimalpark.com\/wp-content\/uploads\/2025\/05\/baby-snow-leopard-8132690_1280-768x512.jpg 768w, https:\/\/madridanimalpark.com\/wp-content\/uploads\/2025\/05\/baby-snow-leopard-8132690_1280.jpg 1280w\" sizes=\"(max-width: 1024px) 100vw, 1024px\" \/><\/figure><\/div>\n\n\n<p>Les enfants qui f\u00eatent leur anniversaire peuvent c\u00e9l\u00e9brer leur journ\u00e9e sp\u00e9ciale panda pendant les heures d'ouverture du zoo et passer quelques heures inoubliables ici. Un guide exp\u00e9riment\u00e9 accompagne les enfants \u00e0 travers le zoo, montre \u00e0 la troupe les particularit\u00e9s et r\u00e9pond aux questions. Bien entendu, il y aura quelque chose \u00e0 manger et \u00e0 f\u00eater ensemble apr\u00e8s la visite.<\/p>\n\n\n\n<p>Non seulement l'anniversaire, mais aussi d'autres occasions peuvent \u00eatre c\u00e9l\u00e9br\u00e9es dans cet environnement particulier. Un anniversaire ou une autre occasion sont \u00e9galement de bonnes occasions de visiter le zoo et l'aquarium de la belle ville de Madrid et de vivre une journ\u00e9e riche en exp\u00e9riences et en enseignements.<\/p>\n\n\n\n<h2 class=\"wp-block-heading\">Restaurants pour enfants au Zoo Aquarium de Madrid<\/h2>\n\n\n\n<p>Une visite au zoo est toujours une exp\u00e9rience passionnante pour les enfants, \u00e0 la fois instructive et amusante. Mais une journ\u00e9e aussi passionnante au zoo donne aussi faim. Pour \u00e9viter que les enfants ne rentrent chez eux le ventre vide, le zoo et l'aquarium de Madrid proposent une offre de restauration vari\u00e9e.<\/p>\n\n\n\n<p>Si vous ne souhaitez pas interrompre votre exp\u00e9rience, mais seulement prendre un petit en-cas sur le pouce, le kiosque de l'aquarium, mais aussi le kiosque Australia, proposent une s\u00e9lection de petits plats comme des sandwichs, des hamburgers, des salades et des d\u00e9lices sucr\u00e9s. Vous pouvez faire une petite pause \u00e0 la Serengueti Cafeteria, qui se trouve pr\u00e8s de l'enclos des pandas. Vous pourrez y d\u00e9guster des p\u00e2tes, des salades fra\u00eeches ou des hamburgers et des sandwhiches.<\/p>\n\n\n\n<p>Si vous souhaitez terminer votre journ\u00e9e au zoo dans une ambiance particuli\u00e8re ou faire une pause, vous pouvez vous r\u00e9galer au restaurant Kibanda ou au restaurant Bagaray. Des plats sans gluten ou v\u00e9g\u00e9taliens y sont propos\u00e9s, ainsi que du poisson frais au menu. Des menus enfants et des friandises sont \u00e9galement propos\u00e9s dans une ambiance chaleureuse.<\/p>\n\n\n\n<h2 class=\"wp-block-heading\">Un parc d'attractions \u00e0 proximit\u00e9<\/h2>\n\n\n\n<p>Le zoo et l'aquarium de Madrid sont des parcs de loisirs id\u00e9alement situ\u00e9s dans le parc Casa de Compo. Ce parc urbain populaire n'est pas seulement un coin de verdure reposant au milieu de la ville espagnole anim\u00e9e, il est surtout connu pour ses attractions vari\u00e9es qui sont tr\u00e8s appr\u00e9ci\u00e9es, et pas seulement par les habitants de la ville.<\/p>\n\n\n\n\n\n<p>La Casa de Compo abrite un zoo et un aquarium, ainsi qu'un parc d'attractions qui attire particuli\u00e8rement les familles avec enfants. Mais le lac est \u00e9galement une destination populaire pour les habitants de Madrid et pour de nombreux touristes qui souhaitent profiter d'un moment de d\u00e9tente dans l'\u00e9cosyst\u00e8me vert de Madrid apr\u00e8s une journ\u00e9e d'activit\u00e9 dans la ville.<\/p>\n\n\n\n<p>Lors de votre s\u00e9jour \u00e0 Madrid, ne manquez pas de visiter la Casa di Compo, qui accueille r\u00e9guli\u00e8rement des \u00e9v\u00e9nements culturels, mais aussi des sportifs qui profitent des heures matinales pour faire de longues promenades dans le parc. Le zoo, l'aquarium et le parc d'attractions tout proche sont des lieux id\u00e9aux pour les familles.<\/p>\n\n\n\n<h2 class=\"wp-block-heading\">Activit\u00e9s pour les enfants au Zoo de Madrid<\/h2>\n\n\n\n<p>Voir les animaux dans leur environnement naturel est d\u00e9j\u00e0 un grand plaisir pour les enfants, qui peut \u00eatre non seulement amusant mais aussi instructif pour les plus jeunes. Pour combiner parfaitement connaissance et amusement, le zoo de Madrid offre les possibilit\u00e9s les plus diverses. Les animaux sont r\u00e9partis en cinq zones, qui correspondent aux continents. Outre les animaux exotiques comme la famille des pandas, les girafes, les z\u00e8bres ou les gorilles, les enfants peuvent aller \u00e0 la rencontre des animaux locaux. Dans la petite ferme, il est notamment possible de voir des ch\u00e8vres et des \u00e2nes.<\/p>\n\n\n<div class=\"wp-block-image\">\n<figure class=\"aligncenter size-large\"><img loading=\"lazy\" decoding=\"async\" width=\"1024\" height=\"682\" src=\"https:\/\/madridanimalpark.com\/wp-content\/uploads\/2025\/05\/zoomadrid05-1-1024x682.jpg\" alt=\"\" class=\"wp-image-271\" srcset=\"https:\/\/madridanimalpark.com\/wp-content\/uploads\/2025\/05\/zoomadrid05-1-1024x682.jpg 1024w, https:\/\/madridanimalpark.com\/wp-content\/uploads\/2025\/05\/zoomadrid05-1-300x200.jpg 300w, https:\/\/madridanimalpark.com\/wp-content\/uploads\/2025\/05\/zoomadrid05-1-768x512.jpg 768w, https:\/\/madridanimalpark.com\/wp-content\/uploads\/2025\/05\/zoomadrid05-1.jpg 1280w\" sizes=\"(max-width: 1024px) 100vw, 1024px\" \/><\/figure><\/div>\n\n\n<p>La zone africaine peut \u00eatre visit\u00e9e avec le Zoo-Express. Depuis le train, il est possible de voir des lions, des \u00e9l\u00e9phants ou des z\u00e8bres. Que ce soit pour les otaries ou les oiseaux exotiques, vous pouvez apprendre des faits int\u00e9ressants sur les animaux. Un point fort particulier est l'aventure \u00e0 360 degr\u00e9s, qui permet de s'immerger dans le monde des animaux gr\u00e2ce \u00e0 la technologie immersive. On ne peut certainement plus s'approcher aussi pr\u00e8s des gorilles ou des requins. Il y a donc toujours de nouvelles activit\u00e9s tr\u00e8s excitantes \u00e0 vivre au zoo de Madrid.<\/p>\n\n\n\n<h2 class=\"wp-block-heading\">Billets en ligne et acc\u00e8s facile \/ Pas de files d'attente<\/h2>\n\n\n\n<p>Le zoo, ainsi que le bel aquarium au c\u0153ur de Madrid, est une destination populaire pour de nombreuses familles locales et, bien s\u00fbr, pour les touristes avec de jeunes enfants. Il n'est pas rare de voir de longues files d'attente devant les caisses, en particulier les week-ends et les jours f\u00e9ri\u00e9s. Il est donc conseill\u00e9 d'acheter des billets \u00e0 l'avance afin de mieux planifier et d'utiliser le temps de mani\u00e8re efficace. Les billets dat\u00e9s vous permettent d'acc\u00e9der directement au zoo et \u00e0 l'aquarium et de profiter de votre journ\u00e9e sans attendre, en vous plongeant directement dans le monde unique des animaux exotiques et locaux.<\/p>\n\n\n<center><div data-tiqets-widget=\"availability\" data-layout=\"full\" data-orientation=\"horizontal\" data-product-id=\"974821\" data-partner=\"madridanimalpark\"><\/div><script defer src=\"https:\/\/widgets.tiqets.com\/loader.js\"><\/script><\/center>\n\n\n<p>Le zoo offre aux visiteurs la possibilit\u00e9 de r\u00e9server des billets en ligne pour une visite. Cela permet non seulement de gagner du temps, mais c'est aussi souvent moins cher que d'acheter un billet d'entr\u00e9e sur place. Dans ce cas, plus t\u00f4t vous achetez vos billets en ligne pour votre visite, moins ch\u00e8re sera la visite. Les enfants de moins de 3 ans ne doivent pas payer d'entr\u00e9e.<\/p>\n\n\n\n<h2 class=\"wp-block-heading\">Arriv\u00e9e avec des enfants<\/h2>\n\n\n\n<p>La Casa de Campo est un paradis naturel aux multiples facettes qui offre une grande vari\u00e9t\u00e9 de loisirs au c\u0153ur de la m\u00e9tropole espagnole. Il existe plusieurs fa\u00e7ons de se rendre au zoo de Madrid avec des enfants. Vous pouvez vous y rendre en voiture, en bus, en m\u00e9tro ou \u00e0 v\u00e9lo.<\/p>\n\n\n<iframe src=\"https:\/\/www.google.com\/maps\/embed?pb=!1m18!1m12!1m3!1d3037.995085533026!2d-3.76380908761245!3d40.40895965599191!2m3!1f0!2f0!3f0!3m2!1i1024!2i768!4f13.1!3m3!1m2!1s0xd41880ac6b6041d%3A0x89911a7043a52183!2sZoo%20Aquarium%20de%20Madrid!5e0!3m2!1sde!2ses!4v1748344943413!5m2!1sde!2ses\" width=\"100%\" height=\"450\" style=\"border:0;\" allowfullscreen=\"\" loading=\"lazy\" referrerpolicy=\"no-referrer-when-downgrade\"><\/iframe>\n\n\n<p>La M-30, la Carretera de Extremadura (A-5\/N-V), permet d'acc\u00e9der facilement et rapidement au zoo depuis le centre de Madrid. Un certain nombre de places de parking sont disponibles \u00e0 proximit\u00e9 du zoo. Il est encore plus facile de s'y rendre en m\u00e9tro, qui est d\u00e9j\u00e0 une aventure en soi pour de nombreux enfants. Une station de m\u00e9tro se trouve \u00e0 l'entr\u00e9e de la Casa de Campo. Un bus s'arr\u00eate \u00e9galement dans ce parc tr\u00e8s anim\u00e9. La ligne 33 permet de se rendre facilement de Madrid \u00e0 l'entr\u00e9e du parc et de parcourir les quelques m\u00e8tres qui s\u00e9parent le zoo de l'aquarium. Bien qu'il soit facile de s'y rendre en voiture et qu'il y ait des places de parking, l'\u00e9quipe du zoo recommande d'utiliser les transports en commun, car c'est plus simple et plus respectueux de l'environnement.<\/p>\n\n\n\n<h2 class=\"wp-block-heading\">Un bon moment pour toute la famille \/ Autre chose que la culture<\/h2>\n\n\n\n<p>Madrid offre de nombreuses attractions int\u00e9ressantes et vari\u00e9es, ce qui rend un s\u00e9jour dans la ville si diversifi\u00e9. Mais les activit\u00e9s culturelles peuvent vite devenir ennuyeuses pour les enfants, qui ont des int\u00e9r\u00eats diff\u00e9rents de ceux de leurs parents. Alors pourquoi ne pas pr\u00e9voir une excursion int\u00e9ressante au zoo de Madrid, o\u00f9 tous les membres de la famille trouveront leur compte.<\/p>\n\n\n\n<p>Les familles avec enfants peuvent vivre une belle exp\u00e9rience au zoo et \u00e0 l'aquarium de Madrid et y passer des moments inoubliables. Non seulement le contact avec des animaux comme les \u00e9l\u00e9phants, les koalas, les girafes ou les lions est passionnant pour de nombreux enfants, mais les attractions \u00e9ducatives comme l'exp\u00e9rience virtuelle immersive compl\u00e8tent la visite de ce zoo. On peut voir les animaux dans un environnement qui reproduit leur habitat naturel. Les visiteurs ne sont donc pas seulement plong\u00e9s dans les habitats europ\u00e9ens, mais aussi en Afrique, en Oc\u00e9anie ou en Asie.<\/p>\n\n\n\n<p>Pour les enfants, c'est une aventure unique que d'explorer et d'observer ces mondes et ces animaux. Le monde vari\u00e9 du zoo espagnol promet une exp\u00e9rience formidable pour toute la famille.<\/p>\n\n\n\n<h2 class=\"wp-block-heading\">La s\u00e9curit\u00e9 con\u00e7ue pour les familles<\/h2>\n\n\n\n<p>Les voyageurs ne recherchent pas seulement l'excitation et l'amusement, mais aussi et surtout la s\u00e9curit\u00e9 lorsqu'ils partent en excursion avec leurs enfants. Au zoo de Madrid aussi, la s\u00e9curit\u00e9 est importante pour offrir aux visiteurs une exp\u00e9rience exceptionnelle. Ainsi, tous les visiteurs, mais aussi les animaux, sont assur\u00e9s de passer un agr\u00e9able s\u00e9jour au zoo, au cours duquel ils pourront s'adonner \u00e0 l'aventure en toute s\u00e9r\u00e9nit\u00e9.<\/p>\n\n\n\n<p>Pour que les visiteurs puissent toujours trouver les destinations souhait\u00e9es, les chemins de ce vaste zoo sont bien indiqu\u00e9s. Les consignes de s\u00e9curit\u00e9 dans les enclos sont affich\u00e9es en plusieurs langues. Un personnel suffisant est disponible pour r\u00e9pondre aux questions ou r\u00e9soudre les probl\u00e8mes. La s\u00e9curit\u00e9 des animaux est \u00e9galement un facteur important dans le zoo. Afin de pr\u00e9server la biodiversit\u00e9, le zoo participe \u00e0 diff\u00e9rents programmes, tels que des programmes de protection ou de conservation des esp\u00e8ces.<\/p>\n\n\n\n<p>Les animaux qui y vivent sont maintenus dans des habitats qui reproduisent leur environnement naturel. Un espace suffisant permet aux animaux de se sentir \u00e0 l'aise et de se reproduire afin de r\u00e9habiliter les esp\u00e8ces menac\u00e9es. La protection des habitants du zoo est tr\u00e8s importante pour les exploitants, de sorte que les visiteurs se rendent \u00e9galement compte que les animaux peuvent vivre conform\u00e9ment \u00e0 leur esp\u00e8ce.<\/p>\n\n\n\n<h2 class=\"wp-block-heading\">Conclusion<\/h2>\n\n\n\n<p>Madrid est une ville extraordinaire qui a beaucoup \u00e0 offrir. Si vous voyagez avec vos enfants, vous souhaitez \u00e9galement leur offrir des moments inoubliables qui procureront beaucoup de plaisir aux plus jeunes. Le zoo et l'aquarium de Madrid offrent une sortie riche en \u00e9motions, qui non seulement amusera les enfants, mais leur permettra aussi de faire de nouvelles d\u00e9couvertes.<\/p>\n\n\n\n\n\n<p>Un s\u00e9jour au zoo est une belle excursion d'une journ\u00e9e pour les visiteurs de la ville. Situ\u00e9 \u00e0 environ une heure \u00e0 l'\u00e9cart de la m\u00e9tropole, dans le quartier \u00e9clectique de Casa de Campo, le zoo s'\u00e9tend sur 20 hectares et permet aux visiteurs de s'immerger dans diff\u00e9rents univers. Que ce soit en Asie, en Afrique ou m\u00eame en Oc\u00e9anie, les visiteurs, petits et grands, peuvent d\u00e9couvrir et observer les animaux dans leur environnement naturel. De plus, de nombreuses informations int\u00e9ressantes sur les diff\u00e9rentes esp\u00e8ces animales sont pr\u00e9sent\u00e9es de mani\u00e8re passionnante et int\u00e9ressante, de sorte qu'une excursion au zoo permet \u00e9galement d'acqu\u00e9rir de nouvelles connaissances.<\/p>\n\n\n\n<p>Pour les familles avec enfants, mais aussi pour les visiteurs adultes qui ont une passion pour les animaux, une visite au zoo de Madrid est toujours recommand\u00e9e. De belles photos vous permettront de ne pas oublier de sit\u00f4t votre s\u00e9jour aupr\u00e8s des animaux.&nbsp;&nbsp;&nbsp;&nbsp;&nbsp;&nbsp;&nbsp;&nbsp;&nbsp;&nbsp;&nbsp;&nbsp;&nbsp;<\/p>","protected":false},"excerpt":{"rendered":"<p>Auf einem Gel\u00e4nde von mehr als 20 Hektar bietet der Zoo und Aquarium in Madrid interessante und spannende Erlebnisse f\u00fcr gro\u00dfe und kleine Besucher. Im Herzen des Stadtparks Casa de Campo befindet sich dieses Ausflugsziel, dass nicht nur f\u00fcr Einheimische sehenswert ist, sondern auch viele Urlauber begeistern kann. Die Einrichtung ist allerdings nicht nur ein [&hellip;]<\/p>","protected":false},"author":1,"featured_media":267,"parent":0,"menu_order":0,"comment_status":"closed","ping_status":"closed","template":"","meta":{"saved_in_kubio":true,"footnotes":""},"class_list":["post-286","page","type-page","status-publish","has-post-thumbnail","hentry"],"kubio_ai_page_context":{"short_desc":"","purpose":"general"},"yoast_head":"<!-- This site is optimized with the Yoast SEO plugin v27.4 - https:\/\/yoast.com\/product\/yoast-seo-wordpress\/ -->\n<title>Der Zoo Aquarium in Madrid - Ausflug f\u00fcr Familien<\/title>\n<meta name=\"description\" content=\"Ein gro\u00dfartiges Erlebnis f\u00fcr Kinder - Restaurants f\u00fcr Kinder - Streichelzoo - Aquarium - Aktivit\u00e4ten f\u00fcr Kinder - Tipps - Infos\" \/>\n<meta name=\"robots\" content=\"index, follow, max-snippet:-1, max-image-preview:large, max-video-preview:-1\" \/>\n<link rel=\"canonical\" href=\"https:\/\/madridanimalpark.com\/fr\/familles\/\" \/>\n<meta property=\"og:locale\" content=\"fr_FR\" \/>\n<meta property=\"og:type\" content=\"article\" \/>\n<meta property=\"og:title\" content=\"Der Zoo Aquarium in Madrid - Ausflug f\u00fcr Familien\" \/>\n<meta property=\"og:description\" content=\"Ein gro\u00dfartiges Erlebnis f\u00fcr Kinder - Restaurants f\u00fcr Kinder - Streichelzoo - Aquarium - Aktivit\u00e4ten f\u00fcr Kinder - Tipps - Infos\" \/>\n<meta property=\"og:url\" content=\"https:\/\/madridanimalpark.com\/fr\/familles\/\" \/>\n<meta property=\"og:site_name\" content=\"madridanimalpark.com\" \/>\n<meta property=\"article:modified_time\" content=\"2025-08-11T09:58:02+00:00\" \/>\n<meta property=\"og:image\" content=\"https:\/\/madridanimalpark.com\/wp-content\/uploads\/2025\/05\/zoomadrid01-1.jpg\" \/>\n\t<meta property=\"og:image:width\" content=\"1280\" \/>\n\t<meta property=\"og:image:height\" content=\"853\" \/>\n\t<meta property=\"og:image:type\" content=\"image\/jpeg\" \/>\n<meta name=\"twitter:card\" content=\"summary_large_image\" \/>\n<meta name=\"twitter:label1\" content=\"Dur\u00e9e de lecture estim\u00e9e\" \/>\n\t<meta name=\"twitter:data1\" content=\"1 minute\" \/>\n<script type=\"application\/ld+json\" class=\"yoast-schema-graph\">{\"@context\":\"https:\\\/\\\/schema.org\",\"@graph\":[{\"@type\":\"WebPage\",\"@id\":\"https:\\\/\\\/madridanimalpark.com\\\/familien\\\/\",\"url\":\"https:\\\/\\\/madridanimalpark.com\\\/familien\\\/\",\"name\":\"Der Zoo Aquarium in Madrid - Ausflug f\u00fcr Familien\",\"isPartOf\":{\"@id\":\"https:\\\/\\\/madridanimalpark.com\\\/#website\"},\"primaryImageOfPage\":{\"@id\":\"https:\\\/\\\/madridanimalpark.com\\\/familien\\\/#primaryimage\"},\"image\":{\"@id\":\"https:\\\/\\\/madridanimalpark.com\\\/familien\\\/#primaryimage\"},\"thumbnailUrl\":\"https:\\\/\\\/madridanimalpark.com\\\/wp-content\\\/uploads\\\/2025\\\/05\\\/zoomadrid01-1.jpg\",\"datePublished\":\"2025-05-26T21:18:00+00:00\",\"dateModified\":\"2025-08-11T09:58:02+00:00\",\"description\":\"Ein gro\u00dfartiges Erlebnis f\u00fcr Kinder - Restaurants f\u00fcr Kinder - Streichelzoo - Aquarium - Aktivit\u00e4ten f\u00fcr Kinder - Tipps - Infos\",\"breadcrumb\":{\"@id\":\"https:\\\/\\\/madridanimalpark.com\\\/familien\\\/#breadcrumb\"},\"inLanguage\":\"fr-FR\",\"potentialAction\":[{\"@type\":\"ReadAction\",\"target\":[\"https:\\\/\\\/madridanimalpark.com\\\/familien\\\/\"]}]},{\"@type\":\"ImageObject\",\"inLanguage\":\"fr-FR\",\"@id\":\"https:\\\/\\\/madridanimalpark.com\\\/familien\\\/#primaryimage\",\"url\":\"https:\\\/\\\/madridanimalpark.com\\\/wp-content\\\/uploads\\\/2025\\\/05\\\/zoomadrid01-1.jpg\",\"contentUrl\":\"https:\\\/\\\/madridanimalpark.com\\\/wp-content\\\/uploads\\\/2025\\\/05\\\/zoomadrid01-1.jpg\",\"width\":1280,\"height\":853},{\"@type\":\"BreadcrumbList\",\"@id\":\"https:\\\/\\\/madridanimalpark.com\\\/familien\\\/#breadcrumb\",\"itemListElement\":[{\"@type\":\"ListItem\",\"position\":1,\"name\":\"Home\",\"item\":\"https:\\\/\\\/madridanimalpark.com\\\/\"},{\"@type\":\"ListItem\",\"position\":2,\"name\":\"Zoo Aquarium Madrid: Ausflug f\u00fcr Familien\"}]},{\"@type\":\"WebSite\",\"@id\":\"https:\\\/\\\/madridanimalpark.com\\\/#website\",\"url\":\"https:\\\/\\\/madridanimalpark.com\\\/\",\"name\":\"madridanimalpark.com\",\"description\":\"Zoo Aquarium Madrid\",\"publisher\":{\"@id\":\"https:\\\/\\\/madridanimalpark.com\\\/#organization\"},\"potentialAction\":[{\"@type\":\"SearchAction\",\"target\":{\"@type\":\"EntryPoint\",\"urlTemplate\":\"https:\\\/\\\/madridanimalpark.com\\\/?s={search_term_string}\"},\"query-input\":{\"@type\":\"PropertyValueSpecification\",\"valueRequired\":true,\"valueName\":\"search_term_string\"}}],\"inLanguage\":\"fr-FR\"},{\"@type\":\"Organization\",\"@id\":\"https:\\\/\\\/madridanimalpark.com\\\/#organization\",\"name\":\"madridanimalpark.com\",\"url\":\"https:\\\/\\\/madridanimalpark.com\\\/\",\"logo\":{\"@type\":\"ImageObject\",\"inLanguage\":\"fr-FR\",\"@id\":\"https:\\\/\\\/madridanimalpark.com\\\/#\\\/schema\\\/logo\\\/image\\\/\",\"url\":\"https:\\\/\\\/madridanimalpark.com\\\/wp-content\\\/uploads\\\/2025\\\/05\\\/madridanimalparklogo.png\",\"contentUrl\":\"https:\\\/\\\/madridanimalpark.com\\\/wp-content\\\/uploads\\\/2025\\\/05\\\/madridanimalparklogo.png\",\"width\":2000,\"height\":658,\"caption\":\"madridanimalpark.com\"},\"image\":{\"@id\":\"https:\\\/\\\/madridanimalpark.com\\\/#\\\/schema\\\/logo\\\/image\\\/\"}}]}<\/script>\n<!-- \/ Yoast SEO plugin. -->","yoast_head_json":{"title":"Le Zoo Aquarium de Madrid - Excursion pour les familles","description":"Une exp\u00e9rience formidable pour les enfants - Restaurants pour enfants - Zoo pour enfants - Aquarium - Activit\u00e9s pour enfants - Conseils - Infos","robots":{"index":"index","follow":"follow","max-snippet":"max-snippet:-1","max-image-preview":"max-image-preview:large","max-video-preview":"max-video-preview:-1"},"canonical":"https:\/\/madridanimalpark.com\/fr\/familles\/","og_locale":"fr_FR","og_type":"article","og_title":"Der Zoo Aquarium in Madrid - Ausflug f\u00fcr Familien","og_description":"Ein gro\u00dfartiges Erlebnis f\u00fcr Kinder - Restaurants f\u00fcr Kinder - Streichelzoo - Aquarium - Aktivit\u00e4ten f\u00fcr Kinder - Tipps - Infos","og_url":"https:\/\/madridanimalpark.com\/fr\/familles\/","og_site_name":"madridanimalpark.com","article_modified_time":"2025-08-11T09:58:02+00:00","og_image":[{"width":1280,"height":853,"url":"https:\/\/madridanimalpark.com\/wp-content\/uploads\/2025\/05\/zoomadrid01-1.jpg","type":"image\/jpeg"}],"twitter_card":"summary_large_image","twitter_misc":{"Dur\u00e9e de lecture estim\u00e9e":"1 minute"},"schema":{"@context":"https:\/\/schema.org","@graph":[{"@type":"WebPage","@id":"https:\/\/madridanimalpark.com\/familien\/","url":"https:\/\/madridanimalpark.com\/familien\/","name":"Le Zoo Aquarium de Madrid - Excursion pour les familles","isPartOf":{"@id":"https:\/\/madridanimalpark.com\/#website"},"primaryImageOfPage":{"@id":"https:\/\/madridanimalpark.com\/familien\/#primaryimage"},"image":{"@id":"https:\/\/madridanimalpark.com\/familien\/#primaryimage"},"thumbnailUrl":"https:\/\/madridanimalpark.com\/wp-content\/uploads\/2025\/05\/zoomadrid01-1.jpg","datePublished":"2025-05-26T21:18:00+00:00","dateModified":"2025-08-11T09:58:02+00:00","description":"Une exp\u00e9rience formidable pour les enfants - Restaurants pour enfants - Zoo pour enfants - Aquarium - Activit\u00e9s pour enfants - Conseils - Infos","breadcrumb":{"@id":"https:\/\/madridanimalpark.com\/familien\/#breadcrumb"},"inLanguage":"fr-FR","potentialAction":[{"@type":"ReadAction","target":["https:\/\/madridanimalpark.com\/familien\/"]}]},{"@type":"ImageObject","inLanguage":"fr-FR","@id":"https:\/\/madridanimalpark.com\/familien\/#primaryimage","url":"https:\/\/madridanimalpark.com\/wp-content\/uploads\/2025\/05\/zoomadrid01-1.jpg","contentUrl":"https:\/\/madridanimalpark.com\/wp-content\/uploads\/2025\/05\/zoomadrid01-1.jpg","width":1280,"height":853},{"@type":"BreadcrumbList","@id":"https:\/\/madridanimalpark.com\/familien\/#breadcrumb","itemListElement":[{"@type":"ListItem","position":1,"name":"Home","item":"https:\/\/madridanimalpark.com\/"},{"@type":"ListItem","position":2,"name":"Zoo Aquarium Madrid: Ausflug f\u00fcr Familien"}]},{"@type":"WebSite","@id":"https:\/\/madridanimalpark.com\/#website","url":"https:\/\/madridanimalpark.com\/","name":"madridanimalpark.com","description":"Aquarium Zoo de Madrid","publisher":{"@id":"https:\/\/madridanimalpark.com\/#organization"},"potentialAction":[{"@type":"SearchAction","target":{"@type":"EntryPoint","urlTemplate":"https:\/\/madridanimalpark.com\/?s={search_term_string}"},"query-input":{"@type":"PropertyValueSpecification","valueRequired":true,"valueName":"search_term_string"}}],"inLanguage":"fr-FR"},{"@type":"Organization","@id":"https:\/\/madridanimalpark.com\/#organization","name":"madridanimalpark.com","url":"https:\/\/madridanimalpark.com\/","logo":{"@type":"ImageObject","inLanguage":"fr-FR","@id":"https:\/\/madridanimalpark.com\/#\/schema\/logo\/image\/","url":"https:\/\/madridanimalpark.com\/wp-content\/uploads\/2025\/05\/madridanimalparklogo.png","contentUrl":"https:\/\/madridanimalpark.com\/wp-content\/uploads\/2025\/05\/madridanimalparklogo.png","width":2000,"height":658,"caption":"madridanimalpark.com"},"image":{"@id":"https:\/\/madridanimalpark.com\/#\/schema\/logo\/image\/"}}]}},"_links":{"self":[{"href":"https:\/\/madridanimalpark.com\/fr\/wp-json\/wp\/v2\/pages\/286","targetHints":{"allow":["GET"]}}],"collection":[{"href":"https:\/\/madridanimalpark.com\/fr\/wp-json\/wp\/v2\/pages"}],"about":[{"href":"https:\/\/madridanimalpark.com\/fr\/wp-json\/wp\/v2\/types\/page"}],"author":[{"embeddable":true,"href":"https:\/\/madridanimalpark.com\/fr\/wp-json\/wp\/v2\/users\/1"}],"replies":[{"embeddable":true,"href":"https:\/\/madridanimalpark.com\/fr\/wp-json\/wp\/v2\/comments?post=286"}],"version-history":[{"count":6,"href":"https:\/\/madridanimalpark.com\/fr\/wp-json\/wp\/v2\/pages\/286\/revisions"}],"predecessor-version":[{"id":429,"href":"https:\/\/madridanimalpark.com\/fr\/wp-json\/wp\/v2\/pages\/286\/revisions\/429"}],"wp:featuredmedia":[{"embeddable":true,"href":"https:\/\/madridanimalpark.com\/fr\/wp-json\/wp\/v2\/media\/267"}],"wp:attachment":[{"href":"https:\/\/madridanimalpark.com\/fr\/wp-json\/wp\/v2\/media?parent=286"}],"curies":[{"name":"wp","href":"https:\/\/api.w.org\/{rel}","templated":true}]}}