{"id":306,"date":"2025-05-26T21:41:37","date_gmt":"2025-05-26T21:41:37","guid":{"rendered":"https:\/\/madridanimalpark.com\/?page_id=306"},"modified":"2025-05-27T11:31:36","modified_gmt":"2025-05-27T11:31:36","slug":"visite","status":"publish","type":"page","link":"https:\/\/madridanimalpark.com\/fr\/visite\/","title":{"rendered":"13 raisons de visiter le zoo de Madrid"},"content":{"rendered":"<p>Il y a de nombreuses raisons de visiter le zoo de Madrid. La vie urbaine peut \u00eatre stressante et vous avez d\u00e9j\u00e0 vu beaucoup de culture dans la ville. Maintenant, il est peut-\u00eatre temps de passer \u00e0 autre chose. Vos enfants vous en remercieront, car une visite au zoo est toujours une exp\u00e9rience que les enfants adorent !<\/p>\n\n\n\n<p>Le zoo est id\u00e9alement situ\u00e9, il y a beaucoup \u00e0 d\u00e9couvrir et c'est un type de sortie diff\u00e9rent. Il y a aussi une super boutique de souvenirs si vous cherchez le souvenir parfait de Madrid pour vos enfants.<\/p>\n\n\n\n<p>Alors pourquoi devriez-vous aller au zoo de Madrid ? Qu'y a-t-il \u00e0 voir ? Vous trouverez dans cet article toutes les explications et les raisons pour lesquelles vous ne devez pas manquer une journ\u00e9e formidable avec vos enfants.<\/p>\n\n\n\n<h2 class=\"wp-block-heading\">01 - Parfaitement adapt\u00e9 aux enfants<\/h2>\n\n\n\n<p>C'est peut-\u00eatre la meilleure activit\u00e9 pour les enfants que vous pouvez faire \u00e0 Madrid. Il s'agit d'une combinaison de leurs attractions pr\u00e9f\u00e9r\u00e9es.<\/p>\n\n\n\n<p>Zoo de Madrid : vous trouverez ici tous leurs animaux pr\u00e9f\u00e9r\u00e9s. Rhinoc\u00e9ros, pandas, singes ou lions - le zoo de Madrid les a tous !<\/p>\n\n\n\n<p>Aquarium : dans la plupart des villes, le zoo n'est pas n\u00e9cessairement associ\u00e9 \u00e0 une visite de l'aquarium. Dans d'autres villes, il s'agit g\u00e9n\u00e9ralement de deux attractions distinctes. A Madrid, un seul billet donne acc\u00e8s aux deux attractions.<\/p>\n\n\n\n\n\n<p>Delphinarium : avec un peu de chance, vous pourrez assister \u00e0 un spectacle avec des dauphins. Veuillez vous renseigner \u00e0 l'avance sur les horaires des spectacles au delphinarium. Le site officiel du zoo indique que les horaires des spectacles peuvent \u00eatre modifi\u00e9s. Il est recommand\u00e9 de v\u00e9rifier l'horaire \u00e0 l'entr\u00e9e du parc le jour de votre visite.<\/p>\n\n\n\n<p>Photographie : profitez de l'occasion pour prendre les meilleures photos que vous pouvez. Les enfants riront et adoreront poser \u00e0 proximit\u00e9 des animaux (il ne faut pas toucher les animaux).<\/p>\n\n\n\n<h2 class=\"wp-block-heading\">02 - Un moment de d\u00e9tente<\/h2>\n\n\n\n<p>Une visite au zoo a toujours quelque chose d'apaisant et de relaxant. Il y r\u00e8gne une atmosph\u00e8re particuli\u00e8re qui rappelle le calme de la nature. Vous pouvez parcourir le parc \u00e0 votre propre rythme, faire de nombreuses pauses et voir les diff\u00e9rents animaux.<\/p>\n\n\n\n<p>C'est une zone sans stress. Un endroit o\u00f9 le stress quotidien dispara\u00eet presque compl\u00e8tement. Regarder les enfants profiter de l'exp\u00e9rience est \u00e9galement quelque chose de tr\u00e8s relaxant.<\/p>\n\n\n\n<p>N'oubliez pas que vous aurez une visite encore plus agr\u00e9able et calme si vous visitez le zoo en dehors des heures de pointe.<\/p>\n\n\n\n<p>L'aquarium offre \u00e9galement un environnement relaxant. La couleur bleue est synonyme de calme et de s\u00e9r\u00e9nit\u00e9. \u00catre entour\u00e9 de poissons et dans cet environnement bleu vous procure naturellement beaucoup de joie et de paix.<\/p>\n\n\n\n<h2 class=\"wp-block-heading\">03 - Une petite surprise ou un cadeau<\/h2>\n\n\n\n<p>Vous \u00eates peut-\u00eatre \u00e0 la recherche d'un cadeau sp\u00e9cial pour vos enfants ou m\u00eame pour vos proches. Eh bien, vous avez trouv\u00e9 ici une id\u00e9e g\u00e9niale. Une visite au zoo peut \u00eatre un cadeau original. Pourquoi ? Parce que l'amour, c'est le temps que vous passez ensemble et les exp\u00e9riences que vous vivez avec cette personne sp\u00e9ciale.<\/p>\n\n\n\n<p>Les enfants ? Ils adorent toujours le zoo, combin\u00e9 avec un super cadeau de la boutique de souvenirs \u00e0 la fin du zoo, ils seront ravis.<\/p>\n\n\n\n<p>Votre bien-aim\u00e9e ou votre bien-aim\u00e9 ? Il sera probablement tr\u00e8s heureux que vous ayez pens\u00e9 \u00e0 un cadeau original pour que vous puissiez passer du temps ensemble !<\/p>\n\n\n\n<p>Il s'agit d'une v\u00e9ritable excursion, vous devriez pr\u00e9voir 2 \u00e0 3 heures pour visiter le zoo, qui offre tout un apr\u00e8s-midi de plaisir.<\/p>\n\n\n\n<p>Vous pouvez combiner l'exp\u00e9rience avec un excellent pique-nique dans le parc Casa de Campo ou avec une visite dans un bon restaurant \u00e0 la fin de la journ\u00e9e. Madrid compte quelques-uns des meilleurs restaurants d'Espagne.<\/p>\n\n\n\n<h2 class=\"wp-block-heading\">04 - L'un des plus beaux zoos d'Europe<\/h2>\n\n\n\n<p>Le zoo de Madrid est l'un des plus beaux zoos d'Europe. Il abrite une collection vari\u00e9e de 6000 animaux et 500 esp\u00e8ces.<\/p>\n\n\n\n<p>La plupart des zoos ne disposent pas non plus d'un aquarium. Comparons-le \u00e0 la ville rivale de Barcelone, o\u00f9 le zoo et l'aquarium sont s\u00e9par\u00e9s et ont des entr\u00e9es distinctes. De ce point de vue, le zoo de Madrid offre un avantage consid\u00e9rable.<\/p>\n\n\n\n\n\n<p>Le site lui-m\u00eame est \u00e9galement spectaculaire - 20 hectares dans la pittoresque Casa de Campo. Des aires de pique-nique, un site agr\u00e9able et la proximit\u00e9 du centre-ville sont autant de raisons suppl\u00e9mentaires de s'y rendre.<\/p>\n\n\n\n<h2 class=\"wp-block-heading\">05 - De nombreuses esp\u00e8ces animales<\/h2>\n\n\n\n<p>L'une des meilleures raisons de visiter le zoo de Madrid est la grande vari\u00e9t\u00e9 d'animaux que l'on peut y voir.<\/p>\n\n\n\n<p>Vous pouvez voir des mammif\u00e8res et des oiseaux. L'aquarium rend l'exp\u00e9rience encore plus cool, car vous pouvez y voir des requins, des hippocampes, des m\u00e9rous g\u00e9ants et d'autres cr\u00e9atures marines.<\/p>\n\n\n\n<p>Il y a \u00e9galement une partie du zoo consacr\u00e9e aux reptiles et aux amphibiens.<\/p>\n\n\n\n<p>Le zoo est organis\u00e9 par \u00e9cosyst\u00e8me et par continent (Afrique, Asie, Am\u00e9rique du Sud, Am\u00e9rique du Nord, Europe et Oc\u00e9anie). Les enfants peuvent ainsi facilement comprendre quelles esp\u00e8ces d'animaux vivent dans les diff\u00e9rentes parties du monde.<\/p>\n\n\n\n<p>La diversit\u00e9 des animaux du zoo est tr\u00e8s instructive pour les enfants, car ils peuvent d\u00e9couvrir tant de choses en peu de temps et voir \u00e0 quel point le monde animal peut \u00eatre vaste.<\/p>\n\n\n\n<p>Il y a toujours des explications pour chaque esp\u00e8ce animale du zoo.<\/p>\n\n\n\n<h2 class=\"wp-block-heading\">06 - Une super boutique de souvenirs<\/h2>\n\n\n\n<p>\u00c0 la fin de la visite, vous aurez la possibilit\u00e9 d'acheter quelque chose dans la boutique de souvenirs du zoo de Madrid. Surtout pour les enfants, cela peut \u00eatre un bien meilleur souvenir que quelque chose de la ville de Madrid.<\/p>\n\n\n\n<p>Ces peluches ont une valeur sentimentale plus \u00e9lev\u00e9e pour les enfants, car elles leur rappellent le zoo de Madrid. Outre les peluches, vous trouverez \u00e9galement des T-shirts, des casquettes, des aimants, des sacs \u00e0 dos et de nombreux autres produits.<\/p>\n\n\n\n<p>Des nounours avec des motifs d'animaux ou des accessoires personnalis\u00e9s sont \u00e9galement disponibles.<\/p>\n\n\n\n<p>Bien entendu, il existe \u00e9galement de nombreux produits pour adultes. Tous les produits sont de grande qualit\u00e9. Dans l'ensemble, la boutique de souvenirs a re\u00e7u de nombreuses bonnes \u00e9valuations<\/p>\n\n\n\n<h2 class=\"wp-block-heading\">07 - Dur\u00e9e parfaite de la visite<\/h2>\n\n\n\n<p>Je dirais que c'est plus ou moins la dur\u00e9e de visite id\u00e9ale. Ce n'est pas seulement une courte visite, mais toute une aventure pour toute la famille. Il est recommand\u00e9 de pr\u00e9voir 2 \u00e0 3 heures rien que pour la visite du Zoo Aquarium.<\/p>\n\n\n\n<p>Cela ne comprend pas le trajet jusqu'au zoo, qui d\u00e9pend bien s\u00fbr de l'emplacement de votre h\u00f4tel, ni le temps d'attente \u00e0 la caisse.<\/p>\n\n\n\n<p>Il est fortement recommand\u00e9 d'acheter un billet en ligne avant votre arriv\u00e9e afin de ne pas perdre de temps inutilement \u00e0 l'entr\u00e9e. Il n'est pas rare de voir de longues files d'attente les week-ends et les jours f\u00e9ri\u00e9s.<\/p>\n\n\n\n<p>Une longue pause d\u00e9jeuner peut \u00e9galement prolonger consid\u00e9rablement le temps de visite. Il y a plusieurs restaurants dans le parc. En semaine, ils sont plut\u00f4t vides, mais ne sous-estimez pas le temps d'attente aux heures de pointe.<\/p>\n\n\n\n<p>Au total, il faut pr\u00e9voir un apr\u00e8s-midi entier pour visiter le parc, qui offre une belle exp\u00e9rience pour toute la famille.<\/p>\n\n\n\n<p>Ne vous pr\u00e9cipitez pas dans le parc, car vous voulez que la famille profite vraiment de l'exp\u00e9rience et que les enfants passent un bon moment au zoo.<\/p>\n\n\n\n<h2 class=\"wp-block-heading\">08 - Situation favorable aux transports<\/h2>\n\n\n\n<p>Le zoo de Madrid est assez facile d'acc\u00e8s. Il est situ\u00e9 \u00e0 seulement 6 km du centre-ville.<\/p>\n\n\n<iframe src=\"https:\/\/www.google.com\/maps\/embed?pb=!1m18!1m12!1m3!1d3037.995085533026!2d-3.76380908761245!3d40.40895965599191!2m3!1f0!2f0!3f0!3m2!1i1024!2i768!4f13.1!3m3!1m2!1s0xd41880ac6b6041d%3A0x89911a7043a52183!2sZoo%20Aquarium%20de%20Madrid!5e0!3m2!1sde!2ses!4v1748345447246!5m2!1sde!2ses\" width=\"100%\" height=\"450\" style=\"border:0;\" allowfullscreen=\"\" loading=\"lazy\" referrerpolicy=\"no-referrer-when-downgrade\"><\/iframe>\n\n\n<p>&gt; En m\u00e9tro : prenez la ligne 10 jusqu'\u00e0 la station \"Casa de Campo\". Le trajet ne dure que 11 minutes depuis la c\u00e9l\u00e8bre Plaza Espa\u00f1a. De la station, il vous faudra 4 minutes \u00e0 pied pour atteindre l'entr\u00e9e du zoo.<\/p>\n\n\n\n<p>&gt; En bus : La ligne 33 vous emm\u00e8ne \u00e0 la station \"Principe Pio\". La station se trouve juste devant l'entr\u00e9e du zoo. Les bus passent r\u00e9guli\u00e8rement toutes les 30 minutes.<\/p>\n\n\n\n<p>&gt; En train : il n'y a qu'un seul train qui va jusqu'\u00e0 la station Laguna. Dans ce cas, vous devrez marcher un peu plus longtemps, environ 10 minutes, pour vous rendre au zoo.<\/p>\n\n\n\n<p>&gt; En voiture : Le zoo \u00e9tant situ\u00e9 en dehors du centre-ville, il y a suffisamment de places de parking, ce qui est un avantage certain. Prenez la sortie 5A et suivez les panneaux indiquant le zoo.<\/p>\n\n\n\n<p>&gt; En taxi : c'est l'une de mes recommandations. Les taxis \u00e0 Madrid ne sont pas aussi chers que dans d'autres pays d'Europe du Nord. L'avantage est que vous descendez juste devant le zoo. Un trajet en taxi depuis le centre co\u00fbte entre 13 et 18 \u20ac, ce qui est tout \u00e0 fait correct si vous voyagez avec toute la famille.<\/p>\n\n\n\n<h2 class=\"wp-block-heading\">09 - Une visite un peu diff\u00e9rente<\/h2>\n\n\n\n<p>Madrid est la capitale de l'Espagne. Il y a beaucoup \u00e0 voir, beaucoup de monuments et de mus\u00e9es, et une simple promenade dans la ville est une exp\u00e9rience en soi. Quelle ville fantastique !<\/p>\n\n\n\n<p>Mais les enfants ne sont peut-\u00eatre pas aussi int\u00e9ress\u00e9s par la culture et l'histoire.<\/p>\n\n\n\n<p>C'est pourquoi une visite au zoo pourrait pimenter l'aventure et vous offrir une exp\u00e9rience vari\u00e9e \u00e0 Madrid.<\/p>\n\n\n\n<p>Une visite au zoo est plut\u00f4t relaxante et offre un agr\u00e9able changement de la vie urbaine tr\u00e9pidante de la capitale espagnole.<\/p>\n\n\n\n<p>Si vous passez quelques jours \u00e0 Madrid, je vous recommande vivement d'inclure le zoo dans votre programme afin de d\u00e9couvrir les nombreuses facettes de Madrid. N'oubliez pas que le zoo est \u00e9galement tr\u00e8s populaire aupr\u00e8s des locaux !<\/p>\n\n\n\n\n\n<h2 class=\"wp-block-heading\">10 - Parfait pour les groupes<\/h2>\n\n\n\n<p>C'est une exp\u00e9rience formidable d'y aller en groupe. Qu'est-ce qui est le plus int\u00e9ressant ? Le zoo est assez grand et il faut environ deux \u00e0 trois heures pour le visiter. Il y a donc plusieurs fa\u00e7ons de visiter le zoo de Madrid. Vous pouvez soit vous promener dans le zoo avec tout le groupe, soit vous s\u00e9parer pour que chacun puisse explorer le zoo \u00e0 son propre rythme.<\/p>\n\n\n\n<p>Trouver des activit\u00e9s, des billets et des sorties pour un groupe peut \u00eatre difficile. Mais au zoo, le probl\u00e8me se r\u00e9sout de lui-m\u00eame, car chacun peut visiter le zoo \u00e0 son propre rythme et se retrouver \u00e0 l'entr\u00e9e \u00e0 une heure pr\u00e9cise !<\/p>\n\n\n\n<h2 class=\"wp-block-heading\">11 - Superbes bars \/ restaurants \u00e0 proximit\u00e9<\/h2>\n\n\n\n<p>Un point important, surtout si vous voyagez avec des enfants. Que faites-vous s'ils ont faim ou s'ils ont besoin d'une pause ? Exactement ! Vous voulez qu'ils appr\u00e9cient la visite et ne soient pas stress\u00e9s ! Examinons les diff\u00e9rentes options en mati\u00e8re de nourriture !<\/p>\n\n\n\n<p>Restaurant-caf\u00e9t\u00e9ria principal : il est situ\u00e9 pr\u00e8s de l'entr\u00e9e principale et est facile \u00e0 trouver. Il propose un choix de plats, dont des sandwichs, des hamburgers, des lasagnes et des salades fra\u00eeches.<\/p>\n\n\n\n<p>Restaurant Bagaray : au milieu du zoo. Pour un repas d\u00e9contract\u00e9. Ambiance inspir\u00e9e de la nature. Plats simples et raffin\u00e9s.<\/p>\n\n\n\n<p>Des stands de restauration et des distributeurs automatiques : R\u00e9partis un peu partout dans le parc, ils sont id\u00e9aux lorsque les enfants ont envie de quelque chose de frais !<\/p>\n\n\n\n<p>N'oubliez pas que vous pouvez \u00e9galement apporter vos propres plats, ce qui peut \u00eatre tr\u00e8s pratique pour les personnes allergiques ou qui ont besoin d'aliments sans gluten.<\/p>\n\n\n\n<h2 class=\"wp-block-heading\">12 - Horaires d'ouverture flexibles<\/h2>\n\n\n\n<p>Les horaires d'ouverture du zoo peuvent varier au cours de la saison, mais le zoo est ouvert toute l'ann\u00e9e de 11h00 \u00e0 18h00.<\/p>\n\n\n\n<p>C'est id\u00e9al et cela donne beaucoup d'id\u00e9es. Que diriez-vous d'un bon petit d\u00e9jeuner vers 10 heures dans le centre-ville pour que les enfants puissent faire le plein d'\u00e9nergie et se rendre directement au zoo pour s'amuser au maximum ?<\/p>\n\n\n\n<p>Comme nous l'avons mentionn\u00e9 plus haut, il y a des restaurants dans le parc si les enfants ont encore faim.<\/p>\n\n\n\n<p>C'est aussi une bonne chose que le parc ne soit pas ouvert tard le soir. Cela nous permet de retourner au centre-ville \u00e0 temps pour profiter d'un peu de soleil ou nous pr\u00e9parer pour la soir\u00e9e !<\/p>\n\n\n\n<h2 class=\"wp-block-heading\">13 - Une belle promenade dans Madrid jusqu'au zoo<\/h2>\n\n\n\n<p>Ce sera certainement une aventure. Selon l'endroit o\u00f9 vous habitez \u00e0 Madrid, il vous faudra entre une heure et une heure et demie de marche pour vous rendre au zoo. Ce n'est vraiment pas recommand\u00e9 avec des enfants, car ils seront d\u00e9j\u00e0 \u00e9puis\u00e9s avant m\u00eame d'arriver au zoo.<\/p>\n\n\n\n<p>Mais pour les adultes, il est certainement recommand\u00e9, car il permet de se faire guider dans la banlieue de Madrid et de voir comment vivent les habitants.<\/p>\n\n\n\n<p>La derni\u00e8re partie de la promenade passe par le parc de la Casa de Campo et longe le Parque de Atracciones de Madrid.<\/p>\n\n\n\n<p>Dans l'ensemble, il s'agit d'une promenade vraiment agr\u00e9able qui permet de d\u00e9couvrir une toute autre facette de Madrid.<\/p>","protected":false},"excerpt":{"rendered":"<p>Es gibt viele Gr\u00fcnde, den Zoo in Madrid zu besuchen. Das Stadtleben kann stressig sein und ihr habt schon viel Kultur in der Stadt gesehen. Jetzt ist es vielleicht Zeit f\u00fcr etwas anderes. Eure Kinder werden es euch danken, denn ein Zoobesuch ist immer ein Erlebnis, das Kinder lieben! Die Lage des Zoos ist ideal, [&hellip;]<\/p>","protected":false},"author":1,"featured_media":0,"parent":0,"menu_order":0,"comment_status":"closed","ping_status":"closed","template":"","meta":{"saved_in_kubio":true,"footnotes":""},"class_list":["post-306","page","type-page","status-publish","hentry"],"kubio_ai_page_context":{"short_desc":"","purpose":"general"},"yoast_head":"<!-- This site is optimized with the Yoast SEO plugin v27.4 - https:\/\/yoast.com\/product\/yoast-seo-wordpress\/ -->\n<title>13 Gr\u00fcnde der Zoo in Madrid zu besichtigen<\/title>\n<meta name=\"description\" content=\"Tipps - Infos - Hinweise - Online-Tickets - Perfekte Besuchsdauer - Restaurants - Streichelzoo - Delphinarium\" \/>\n<meta name=\"robots\" content=\"index, follow, max-snippet:-1, max-image-preview:large, max-video-preview:-1\" \/>\n<link rel=\"canonical\" href=\"https:\/\/madridanimalpark.com\/fr\/visite\/\" \/>\n<meta property=\"og:locale\" content=\"fr_FR\" \/>\n<meta property=\"og:type\" content=\"article\" \/>\n<meta property=\"og:title\" content=\"13 Gr\u00fcnde der Zoo in Madrid zu besichtigen\" \/>\n<meta property=\"og:description\" content=\"Tipps - Infos - Hinweise - Online-Tickets - Perfekte Besuchsdauer - Restaurants - Streichelzoo - Delphinarium\" \/>\n<meta property=\"og:url\" content=\"https:\/\/madridanimalpark.com\/fr\/visite\/\" \/>\n<meta property=\"og:site_name\" content=\"madridanimalpark.com\" \/>\n<meta property=\"article:modified_time\" content=\"2025-05-27T11:31:36+00:00\" \/>\n<meta name=\"twitter:card\" content=\"summary_large_image\" \/>\n<meta name=\"twitter:label1\" content=\"Dur\u00e9e de lecture estim\u00e9e\" \/>\n\t<meta name=\"twitter:data1\" content=\"11 minutes\" \/>\n<script type=\"application\/ld+json\" class=\"yoast-schema-graph\">{\"@context\":\"https:\\\/\\\/schema.org\",\"@graph\":[{\"@type\":\"WebPage\",\"@id\":\"https:\\\/\\\/madridanimalpark.com\\\/besichtigung\\\/\",\"url\":\"https:\\\/\\\/madridanimalpark.com\\\/besichtigung\\\/\",\"name\":\"13 Gr\u00fcnde der Zoo in Madrid zu besichtigen\",\"isPartOf\":{\"@id\":\"https:\\\/\\\/madridanimalpark.com\\\/#website\"},\"datePublished\":\"2025-05-26T21:41:37+00:00\",\"dateModified\":\"2025-05-27T11:31:36+00:00\",\"description\":\"Tipps - Infos - Hinweise - Online-Tickets - Perfekte Besuchsdauer - Restaurants - Streichelzoo - Delphinarium\",\"breadcrumb\":{\"@id\":\"https:\\\/\\\/madridanimalpark.com\\\/besichtigung\\\/#breadcrumb\"},\"inLanguage\":\"fr-FR\",\"potentialAction\":[{\"@type\":\"ReadAction\",\"target\":[\"https:\\\/\\\/madridanimalpark.com\\\/besichtigung\\\/\"]}]},{\"@type\":\"BreadcrumbList\",\"@id\":\"https:\\\/\\\/madridanimalpark.com\\\/besichtigung\\\/#breadcrumb\",\"itemListElement\":[{\"@type\":\"ListItem\",\"position\":1,\"name\":\"Home\",\"item\":\"https:\\\/\\\/madridanimalpark.com\\\/\"},{\"@type\":\"ListItem\",\"position\":2,\"name\":\"13 Gr\u00fcnde der Zoo in Madrid zu besichtigen\"}]},{\"@type\":\"WebSite\",\"@id\":\"https:\\\/\\\/madridanimalpark.com\\\/#website\",\"url\":\"https:\\\/\\\/madridanimalpark.com\\\/\",\"name\":\"madridanimalpark.com\",\"description\":\"Zoo Aquarium Madrid\",\"publisher\":{\"@id\":\"https:\\\/\\\/madridanimalpark.com\\\/#organization\"},\"potentialAction\":[{\"@type\":\"SearchAction\",\"target\":{\"@type\":\"EntryPoint\",\"urlTemplate\":\"https:\\\/\\\/madridanimalpark.com\\\/?s={search_term_string}\"},\"query-input\":{\"@type\":\"PropertyValueSpecification\",\"valueRequired\":true,\"valueName\":\"search_term_string\"}}],\"inLanguage\":\"fr-FR\"},{\"@type\":\"Organization\",\"@id\":\"https:\\\/\\\/madridanimalpark.com\\\/#organization\",\"name\":\"madridanimalpark.com\",\"url\":\"https:\\\/\\\/madridanimalpark.com\\\/\",\"logo\":{\"@type\":\"ImageObject\",\"inLanguage\":\"fr-FR\",\"@id\":\"https:\\\/\\\/madridanimalpark.com\\\/#\\\/schema\\\/logo\\\/image\\\/\",\"url\":\"https:\\\/\\\/madridanimalpark.com\\\/wp-content\\\/uploads\\\/2025\\\/05\\\/madridanimalparklogo.png\",\"contentUrl\":\"https:\\\/\\\/madridanimalpark.com\\\/wp-content\\\/uploads\\\/2025\\\/05\\\/madridanimalparklogo.png\",\"width\":2000,\"height\":658,\"caption\":\"madridanimalpark.com\"},\"image\":{\"@id\":\"https:\\\/\\\/madridanimalpark.com\\\/#\\\/schema\\\/logo\\\/image\\\/\"}}]}<\/script>\n<!-- \/ Yoast SEO plugin. -->","yoast_head_json":{"title":"13 raisons de visiter le zoo de Madrid","description":"Conseils - Infos - Indications - Billets en ligne - Dur\u00e9e de visite id\u00e9ale - Restaurants - Zoo pour enfants - Delphinarium","robots":{"index":"index","follow":"follow","max-snippet":"max-snippet:-1","max-image-preview":"max-image-preview:large","max-video-preview":"max-video-preview:-1"},"canonical":"https:\/\/madridanimalpark.com\/fr\/visite\/","og_locale":"fr_FR","og_type":"article","og_title":"13 Gr\u00fcnde der Zoo in Madrid zu besichtigen","og_description":"Tipps - Infos - Hinweise - Online-Tickets - Perfekte Besuchsdauer - Restaurants - Streichelzoo - Delphinarium","og_url":"https:\/\/madridanimalpark.com\/fr\/visite\/","og_site_name":"madridanimalpark.com","article_modified_time":"2025-05-27T11:31:36+00:00","twitter_card":"summary_large_image","twitter_misc":{"Dur\u00e9e de lecture estim\u00e9e":"11 minutes"},"schema":{"@context":"https:\/\/schema.org","@graph":[{"@type":"WebPage","@id":"https:\/\/madridanimalpark.com\/besichtigung\/","url":"https:\/\/madridanimalpark.com\/besichtigung\/","name":"13 raisons de visiter le zoo de Madrid","isPartOf":{"@id":"https:\/\/madridanimalpark.com\/#website"},"datePublished":"2025-05-26T21:41:37+00:00","dateModified":"2025-05-27T11:31:36+00:00","description":"Conseils - Infos - Indications - Billets en ligne - Dur\u00e9e de visite id\u00e9ale - Restaurants - Zoo pour enfants - Delphinarium","breadcrumb":{"@id":"https:\/\/madridanimalpark.com\/besichtigung\/#breadcrumb"},"inLanguage":"fr-FR","potentialAction":[{"@type":"ReadAction","target":["https:\/\/madridanimalpark.com\/besichtigung\/"]}]},{"@type":"BreadcrumbList","@id":"https:\/\/madridanimalpark.com\/besichtigung\/#breadcrumb","itemListElement":[{"@type":"ListItem","position":1,"name":"Home","item":"https:\/\/madridanimalpark.com\/"},{"@type":"ListItem","position":2,"name":"13 Gr\u00fcnde der Zoo in Madrid zu besichtigen"}]},{"@type":"WebSite","@id":"https:\/\/madridanimalpark.com\/#website","url":"https:\/\/madridanimalpark.com\/","name":"madridanimalpark.com","description":"Aquarium Zoo de Madrid","publisher":{"@id":"https:\/\/madridanimalpark.com\/#organization"},"potentialAction":[{"@type":"SearchAction","target":{"@type":"EntryPoint","urlTemplate":"https:\/\/madridanimalpark.com\/?s={search_term_string}"},"query-input":{"@type":"PropertyValueSpecification","valueRequired":true,"valueName":"search_term_string"}}],"inLanguage":"fr-FR"},{"@type":"Organization","@id":"https:\/\/madridanimalpark.com\/#organization","name":"madridanimalpark.com","url":"https:\/\/madridanimalpark.com\/","logo":{"@type":"ImageObject","inLanguage":"fr-FR","@id":"https:\/\/madridanimalpark.com\/#\/schema\/logo\/image\/","url":"https:\/\/madridanimalpark.com\/wp-content\/uploads\/2025\/05\/madridanimalparklogo.png","contentUrl":"https:\/\/madridanimalpark.com\/wp-content\/uploads\/2025\/05\/madridanimalparklogo.png","width":2000,"height":658,"caption":"madridanimalpark.com"},"image":{"@id":"https:\/\/madridanimalpark.com\/#\/schema\/logo\/image\/"}}]}},"_links":{"self":[{"href":"https:\/\/madridanimalpark.com\/fr\/wp-json\/wp\/v2\/pages\/306","targetHints":{"allow":["GET"]}}],"collection":[{"href":"https:\/\/madridanimalpark.com\/fr\/wp-json\/wp\/v2\/pages"}],"about":[{"href":"https:\/\/madridanimalpark.com\/fr\/wp-json\/wp\/v2\/types\/page"}],"author":[{"embeddable":true,"href":"https:\/\/madridanimalpark.com\/fr\/wp-json\/wp\/v2\/users\/1"}],"replies":[{"embeddable":true,"href":"https:\/\/madridanimalpark.com\/fr\/wp-json\/wp\/v2\/comments?post=306"}],"version-history":[{"count":3,"href":"https:\/\/madridanimalpark.com\/fr\/wp-json\/wp\/v2\/pages\/306\/revisions"}],"predecessor-version":[{"id":342,"href":"https:\/\/madridanimalpark.com\/fr\/wp-json\/wp\/v2\/pages\/306\/revisions\/342"}],"wp:attachment":[{"href":"https:\/\/madridanimalpark.com\/fr\/wp-json\/wp\/v2\/media?parent=306"}],"curies":[{"name":"wp","href":"https:\/\/api.w.org\/{rel}","templated":true}]}}