{"id":347,"date":"2025-05-27T11:48:30","date_gmt":"2025-05-27T11:48:30","guid":{"rendered":"https:\/\/madridanimalpark.com\/?page_id=347"},"modified":"2025-07-21T17:49:40","modified_gmt":"2025-07-21T17:49:40","slug":"mentions-legales","status":"publish","type":"page","link":"https:\/\/madridanimalpark.com\/fr\/mentions-legales\/","title":{"rendered":"Mentions l\u00e9gales"},"content":{"rendered":"<p>Informations conform\u00e9ment au \u00a7 5 DDG<\/p>\n\n\n\n<p>Marc Kugge<br>Marc Kugge<br>Carrer Nou de San Francesc 32<br>08002 Barcelone<br><\/p>\n\n\n\n<p><strong>Repr\u00e9sent\u00e9 par :<\/strong><br>Marc Kugge<br><\/p>\n\n\n\n<p><strong>Contact :<\/strong><br>e-mail : <a href=\"mailto:marckugge@gmail.com\">marckugge@gmail.com<\/a><\/p>\n\n\n\n<p><strong>Num\u00e9ro de TVA intracommunautaire :<\/strong><br>Num\u00e9ro d'identification de la taxe sur le chiffre d'affaires conform\u00e9ment au \u00a727a de la loi sur la taxe sur le chiffre d'affaires : ESY4781919A<br><br><strong>ID \u00e9conomique :<\/strong><br><br><\/p>\n\n\n\n<p><strong>Responsable du contenu conform\u00e9ment au \u00a7 18 Abs. 2 MStV :<\/strong><br>Marc Kugge<br>Carrer Nou de San Francesc 32<br>08002 Barcelone<\/p>\n\n\n\n<p><strong>Clause de non-responsabilit\u00e9 :<\/strong><br><br><strong>Responsabilit\u00e9 du contenu<\/strong><br><br>Le contenu de nos pages a \u00e9t\u00e9 r\u00e9dig\u00e9 avec le plus grand soin. Nous ne pouvons toutefois pas garantir l'exactitude, l'exhaustivit\u00e9 et l'actualit\u00e9 des contenus. En tant que prestataire de services, nous sommes responsables, conform\u00e9ment au \u00a7 7 alin\u00e9a 1 de la loi allemande sur les services de sant\u00e9 (DDG), de nos propres contenus sur ces pages selon les lois g\u00e9n\u00e9rales. Conform\u00e9ment aux \u00a7\u00a7 8 \u00e0 10 de la DDG, nous ne sommes toutefois pas tenus, en tant que prestataire de services, de surveiller les informations externes transmises ou enregistr\u00e9es ou de rechercher les circonstances qui indiquent une activit\u00e9 ill\u00e9gale. L'obligation de supprimer ou de bloquer l'utilisation d'informations conform\u00e9ment aux lois g\u00e9n\u00e9rales reste inchang\u00e9e. Une responsabilit\u00e9 \u00e0 cet \u00e9gard n'est toutefois possible qu'\u00e0 partir du moment o\u00f9 une violation concr\u00e8te de la loi est connue. D\u00e8s la prise de connaissance d'une telle violation, nous supprimerons imm\u00e9diatement le contenu en question.<br><br><strong>Responsabilit\u00e9 des liens<\/strong><br><br>Notre offre contient des liens vers des sites web externes de tiers, sur lesquels nous n'avons aucune influence. Nous ne pouvons donc pas nous porter garants de ces contenus externes. Le fournisseur ou l'exploitant des pages li\u00e9es est toujours responsable du contenu de ces pages. Les pages li\u00e9es ont \u00e9t\u00e9 v\u00e9rifi\u00e9es au moment de la cr\u00e9ation du lien afin de s'assurer qu'elles n'enfreignaient pas la loi. Aucun contenu ill\u00e9gal n'a \u00e9t\u00e9 identifi\u00e9 au moment de la cr\u00e9ation du lien. Un contr\u00f4le permanent du contenu des pages li\u00e9es n'est cependant pas exigible sans indices concrets d'une violation de la loi. Si nous prenons connaissance de violations de la loi, nous supprimerons imm\u00e9diatement les liens en question.<br><br><strong>Droit d'auteur<\/strong><br><br>Les contenus et \u0153uvres cr\u00e9\u00e9s par les exploitants de ces pages sont soumis au droit d'auteur allemand. La reproduction, le traitement, la diffusion et tout type d'exploitation en dehors des limites du droit d'auteur n\u00e9cessitent l'accord \u00e9crit de l'auteur ou du cr\u00e9ateur concern\u00e9. Les t\u00e9l\u00e9chargements et les copies de ce site ne sont autoris\u00e9s que pour un usage priv\u00e9 et non commercial. Dans la mesure o\u00f9 les contenus de ce site n'ont pas \u00e9t\u00e9 cr\u00e9\u00e9s par l'exploitant, les droits d'auteur de tiers sont respect\u00e9s. En particulier, les contenus de tiers sont identifi\u00e9s comme tels. Si vous deviez n\u00e9anmoins constater une violation des droits d'auteur, nous vous prions de nous en informer. D\u00e8s que nous aurons connaissance d'une violation de la loi, nous supprimerons imm\u00e9diatement le contenu en question.<br><br><strong>Protection des donn\u00e9es<\/strong><br><br>En r\u00e8gle g\u00e9n\u00e9rale, l'utilisation de notre site web est possible sans indication de donn\u00e9es personnelles. Dans la mesure o\u00f9 des donn\u00e9es personnelles (par exemple nom, adresse ou adresse e-mail) sont collect\u00e9es sur notre site, cela se fait toujours, dans la mesure du possible, sur une base volontaire. Ces donn\u00e9es ne seront pas transmises \u00e0 des tiers sans votre accord explicite.<br>Nous attirons votre attention sur le fait que la transmission de donn\u00e9es sur Internet (par ex. lors de la communication par e-mail) peut pr\u00e9senter des failles de s\u00e9curit\u00e9. Une protection compl\u00e8te des donn\u00e9es contre l'acc\u00e8s par des tiers n'est pas possible.<br>L'utilisation par des tiers des donn\u00e9es de contact publi\u00e9es dans le cadre des mentions l\u00e9gales obligatoires pour l'envoi de publicit\u00e9 et de mat\u00e9riel d'information non express\u00e9ment demand\u00e9s est express\u00e9ment interdite. Les exploitants des pages se r\u00e9servent express\u00e9ment le droit d'engager des poursuites judiciaires en cas d'envoi non sollicit\u00e9 d'informations publicitaires, par exemple par le biais de spams.<br><br><br><strong>Google Analytics<\/strong><br><br>Ce site utilise Google Analytics, un service d'analyse de site internet fourni par Google Inc (\"Google\"). Google Analytics utilise des \"cookies\", des fichiers texte qui sont stock\u00e9s sur votre ordinateur et qui permettent d'analyser votre utilisation du site Web. Les donn\u00e9es g\u00e9n\u00e9r\u00e9es par les cookies concernant votre utilisation du site (y compris votre adresse IP) seront transmises et stock\u00e9es par Google sur des serveurs situ\u00e9s aux \u00c9tats-Unis. Google utilisera cette information dans le but d'\u00e9valuer votre utilisation du site, de compiler des rapports sur l'activit\u00e9 du site \u00e0 destination de son \u00e9diteur et de fournir d'autres services relatifs \u00e0 l'activit\u00e9 du site et \u00e0 l'utilisation d'Internet. Google est susceptible de communiquer ces donn\u00e9es \u00e0 des tiers en cas d'obligation l\u00e9gale ou lorsque ces tiers traitent ces donn\u00e9es pour le compte de Google. Google n'associera en aucun cas votre adresse IP \u00e0 d'autres donn\u00e9es de Google. Vous pouvez emp\u00eacher l'installation des cookies en param\u00e9trant votre navigateur en cons\u00e9quence ; nous attirons toutefois votre attention sur le fait que, dans ce cas, vous ne pourrez peut-\u00eatre pas utiliser toutes les fonctions de ce site web dans leur int\u00e9gralit\u00e9. En utilisant ce site, vous consentez express\u00e9ment au traitement de vos donn\u00e9es nominatives par Google dans les conditions et pour les finalit\u00e9s d\u00e9crites ci-dessus.<br><br><strong>Google AdSense<\/strong><br><br>Ce site web utilise Google Adsense, un service d'annonces web de Google Inc, USA (\"Google\"). Google Adsense utilise des \"cookies\" (fichiers texte) qui sont stock\u00e9s sur votre ordinateur et qui permettent une analyse de votre utilisation du site. Google Adsense utilise \u00e9galement des \"balises web\" (petits graphiques invisibles) pour collecter des informations. L'utilisation des pixels invisibles permet d'enregistrer et de collecter des actions simples telles que le trafic des visiteurs sur le site. Les informations g\u00e9n\u00e9r\u00e9es par le cookie et\/ou la balise web concernant votre utilisation de ce site web (y compris votre adresse IP) sont transmises \u00e0 un serveur de Google aux \u00c9tats-Unis et y sont stock\u00e9es. Google utilisera cette information dans le but d'\u00e9valuer votre utilisation du site en ce qui concerne les annonces, de compiler des rapports sur l'activit\u00e9 du site et des annonces pour les op\u00e9rateurs du site et de fournir d'autres services relatifs \u00e0 l'activit\u00e9 du site et \u00e0 l'utilisation d'Internet. Google peut \u00e9galement transf\u00e9rer ces informations \u00e0 des tiers si la loi l'exige ou si des tiers traitent ces donn\u00e9es pour le compte de Google. Google n'associera en aucun cas votre adresse IP \u00e0 d'autres donn\u00e9es de Google. Vous pouvez emp\u00eacher l'enregistrement de cookies sur votre disque dur et l'affichage de balises web en s\u00e9lectionnant \"Ne pas accepter les cookies\" dans les param\u00e8tres de votre navigateur (dans MS Internet-Explorer sous \"Outils &gt; Options Internet &gt; Confidentialit\u00e9 &gt; Param\u00e8tres\" ; dans Firefox sous \"Outils &gt; Param\u00e8tres &gt; Confidentialit\u00e9 &gt; Cookies\") ; nous attirons toutefois votre attention sur le fait que, dans ce cas, vous ne pourrez peut-\u00eatre pas utiliser toutes les fonctions de ce site web dans leur int\u00e9gralit\u00e9. En utilisant ce site web, vous acceptez que les donn\u00e9es collect\u00e9es \u00e0 votre sujet par Google soient trait\u00e9es de la mani\u00e8re et aux fins d\u00e9crites ci-dessus.<\/p>\n\n\n\n<p><br><br>Mentions l\u00e9gales de <a href=\"https:\/\/impressum-generator.de\">G\u00e9n\u00e9rateur de mentions l\u00e9gales.fr<\/a>. Aliment\u00e9 par <a href=\"https:\/\/www.kanzlei-hasselbach.de\/\">Franziska Hasselbach, Bonn<\/a>.<\/p>","protected":false},"excerpt":{"rendered":"<p>Angaben gem\u00e4\u00df \u00a7 5 DDG Marc KuggeMarc KuggeCarrer Nou de San Francesc 3208002 Barcelona Vertreten durch:Marc Kugge Kontakt:E-Mail: marckugge@gmail.com Umsatzsteuer-ID:Umsatzsteuer-Identifikationsnummer gem\u00e4\u00df \u00a727a Umsatzsteuergesetz: ESY4781919A Wirtschafts-ID: Verantwortlich f\u00fcr den Inhalt nach \u00a7 18 Abs. 2 MStV:Marc KuggeCarrer Nou de San Francesc 3208002 Barcelona Haftungsausschluss: Haftung f\u00fcr Inhalte Die Inhalte unserer Seiten wurden mit gr\u00f6\u00dfter Sorgfalt erstellt. [&hellip;]<\/p>","protected":false},"author":1,"featured_media":0,"parent":0,"menu_order":0,"comment_status":"closed","ping_status":"closed","template":"","meta":{"saved_in_kubio":false,"footnotes":""},"class_list":["post-347","page","type-page","status-publish","hentry"],"kubio_ai_page_context":{"short_desc":"","purpose":"general"},"yoast_head":"<!-- This site is optimized with the Yoast SEO plugin v27.4 - https:\/\/yoast.com\/product\/yoast-seo-wordpress\/ -->\n<title>Impressum - madridanimalpark.com<\/title>\n<meta name=\"robots\" content=\"noindex, follow\" \/>\n<meta property=\"og:locale\" content=\"fr_FR\" \/>\n<meta property=\"og:type\" content=\"article\" \/>\n<meta property=\"og:title\" content=\"Impressum - madridanimalpark.com\" \/>\n<meta property=\"og:description\" content=\"Angaben gem\u00e4\u00df \u00a7 5 DDG Marc KuggeMarc KuggeCarrer Nou de San Francesc 3208002 Barcelona Vertreten durch:Marc Kugge Kontakt:E-Mail: marckugge@gmail.com Umsatzsteuer-ID:Umsatzsteuer-Identifikationsnummer gem\u00e4\u00df \u00a727a Umsatzsteuergesetz: ESY4781919A Wirtschafts-ID: Verantwortlich f\u00fcr den Inhalt nach \u00a7 18 Abs. 2 MStV:Marc KuggeCarrer Nou de San Francesc 3208002 Barcelona Haftungsausschluss: Haftung f\u00fcr Inhalte Die Inhalte unserer Seiten wurden mit gr\u00f6\u00dfter Sorgfalt erstellt. [&hellip;]\" \/>\n<meta property=\"og:url\" content=\"https:\/\/madridanimalpark.com\/fr\/mentions-legales\/\" \/>\n<meta property=\"og:site_name\" content=\"madridanimalpark.com\" \/>\n<meta property=\"article:modified_time\" content=\"2025-07-21T17:49:40+00:00\" \/>\n<meta name=\"twitter:card\" content=\"summary_large_image\" \/>\n<script type=\"application\/ld+json\" class=\"yoast-schema-graph\">{\"@context\":\"https:\\\/\\\/schema.org\",\"@graph\":[{\"@type\":\"WebPage\",\"@id\":\"https:\\\/\\\/madridanimalpark.com\\\/impressum\\\/\",\"url\":\"https:\\\/\\\/madridanimalpark.com\\\/impressum\\\/\",\"name\":\"Impressum - madridanimalpark.com\",\"isPartOf\":{\"@id\":\"https:\\\/\\\/madridanimalpark.com\\\/#website\"},\"datePublished\":\"2025-05-27T11:48:30+00:00\",\"dateModified\":\"2025-07-21T17:49:40+00:00\",\"breadcrumb\":{\"@id\":\"https:\\\/\\\/madridanimalpark.com\\\/impressum\\\/#breadcrumb\"},\"inLanguage\":\"fr-FR\",\"potentialAction\":[{\"@type\":\"ReadAction\",\"target\":[\"https:\\\/\\\/madridanimalpark.com\\\/impressum\\\/\"]}]},{\"@type\":\"BreadcrumbList\",\"@id\":\"https:\\\/\\\/madridanimalpark.com\\\/impressum\\\/#breadcrumb\",\"itemListElement\":[{\"@type\":\"ListItem\",\"position\":1,\"name\":\"Home\",\"item\":\"https:\\\/\\\/madridanimalpark.com\\\/\"},{\"@type\":\"ListItem\",\"position\":2,\"name\":\"Impressum\"}]},{\"@type\":\"WebSite\",\"@id\":\"https:\\\/\\\/madridanimalpark.com\\\/#website\",\"url\":\"https:\\\/\\\/madridanimalpark.com\\\/\",\"name\":\"madridanimalpark.com\",\"description\":\"Zoo Aquarium Madrid\",\"publisher\":{\"@id\":\"https:\\\/\\\/madridanimalpark.com\\\/#organization\"},\"potentialAction\":[{\"@type\":\"SearchAction\",\"target\":{\"@type\":\"EntryPoint\",\"urlTemplate\":\"https:\\\/\\\/madridanimalpark.com\\\/?s={search_term_string}\"},\"query-input\":{\"@type\":\"PropertyValueSpecification\",\"valueRequired\":true,\"valueName\":\"search_term_string\"}}],\"inLanguage\":\"fr-FR\"},{\"@type\":\"Organization\",\"@id\":\"https:\\\/\\\/madridanimalpark.com\\\/#organization\",\"name\":\"madridanimalpark.com\",\"url\":\"https:\\\/\\\/madridanimalpark.com\\\/\",\"logo\":{\"@type\":\"ImageObject\",\"inLanguage\":\"fr-FR\",\"@id\":\"https:\\\/\\\/madridanimalpark.com\\\/#\\\/schema\\\/logo\\\/image\\\/\",\"url\":\"https:\\\/\\\/madridanimalpark.com\\\/wp-content\\\/uploads\\\/2025\\\/05\\\/madridanimalparklogo.png\",\"contentUrl\":\"https:\\\/\\\/madridanimalpark.com\\\/wp-content\\\/uploads\\\/2025\\\/05\\\/madridanimalparklogo.png\",\"width\":2000,\"height\":658,\"caption\":\"madridanimalpark.com\"},\"image\":{\"@id\":\"https:\\\/\\\/madridanimalpark.com\\\/#\\\/schema\\\/logo\\\/image\\\/\"}}]}<\/script>\n<!-- \/ Yoast SEO plugin. -->","yoast_head_json":{"title":"Mentions l\u00e9gales - madridanimalpark.com","robots":{"index":"noindex","follow":"follow"},"og_locale":"fr_FR","og_type":"article","og_title":"Impressum - madridanimalpark.com","og_description":"Angaben gem\u00e4\u00df \u00a7 5 DDG Marc KuggeMarc KuggeCarrer Nou de San Francesc 3208002 Barcelona Vertreten durch:Marc Kugge Kontakt:E-Mail: marckugge@gmail.com Umsatzsteuer-ID:Umsatzsteuer-Identifikationsnummer gem\u00e4\u00df \u00a727a Umsatzsteuergesetz: ESY4781919A Wirtschafts-ID: Verantwortlich f\u00fcr den Inhalt nach \u00a7 18 Abs. 2 MStV:Marc KuggeCarrer Nou de San Francesc 3208002 Barcelona Haftungsausschluss: Haftung f\u00fcr Inhalte Die Inhalte unserer Seiten wurden mit gr\u00f6\u00dfter Sorgfalt erstellt. [&hellip;]","og_url":"https:\/\/madridanimalpark.com\/fr\/mentions-legales\/","og_site_name":"madridanimalpark.com","article_modified_time":"2025-07-21T17:49:40+00:00","twitter_card":"summary_large_image","schema":{"@context":"https:\/\/schema.org","@graph":[{"@type":"WebPage","@id":"https:\/\/madridanimalpark.com\/impressum\/","url":"https:\/\/madridanimalpark.com\/impressum\/","name":"Mentions l\u00e9gales - madridanimalpark.com","isPartOf":{"@id":"https:\/\/madridanimalpark.com\/#website"},"datePublished":"2025-05-27T11:48:30+00:00","dateModified":"2025-07-21T17:49:40+00:00","breadcrumb":{"@id":"https:\/\/madridanimalpark.com\/impressum\/#breadcrumb"},"inLanguage":"fr-FR","potentialAction":[{"@type":"ReadAction","target":["https:\/\/madridanimalpark.com\/impressum\/"]}]},{"@type":"BreadcrumbList","@id":"https:\/\/madridanimalpark.com\/impressum\/#breadcrumb","itemListElement":[{"@type":"ListItem","position":1,"name":"Home","item":"https:\/\/madridanimalpark.com\/"},{"@type":"ListItem","position":2,"name":"Impressum"}]},{"@type":"WebSite","@id":"https:\/\/madridanimalpark.com\/#website","url":"https:\/\/madridanimalpark.com\/","name":"madridanimalpark.com","description":"Aquarium Zoo de Madrid","publisher":{"@id":"https:\/\/madridanimalpark.com\/#organization"},"potentialAction":[{"@type":"SearchAction","target":{"@type":"EntryPoint","urlTemplate":"https:\/\/madridanimalpark.com\/?s={search_term_string}"},"query-input":{"@type":"PropertyValueSpecification","valueRequired":true,"valueName":"search_term_string"}}],"inLanguage":"fr-FR"},{"@type":"Organization","@id":"https:\/\/madridanimalpark.com\/#organization","name":"madridanimalpark.com","url":"https:\/\/madridanimalpark.com\/","logo":{"@type":"ImageObject","inLanguage":"fr-FR","@id":"https:\/\/madridanimalpark.com\/#\/schema\/logo\/image\/","url":"https:\/\/madridanimalpark.com\/wp-content\/uploads\/2025\/05\/madridanimalparklogo.png","contentUrl":"https:\/\/madridanimalpark.com\/wp-content\/uploads\/2025\/05\/madridanimalparklogo.png","width":2000,"height":658,"caption":"madridanimalpark.com"},"image":{"@id":"https:\/\/madridanimalpark.com\/#\/schema\/logo\/image\/"}}]}},"_links":{"self":[{"href":"https:\/\/madridanimalpark.com\/fr\/wp-json\/wp\/v2\/pages\/347","targetHints":{"allow":["GET"]}}],"collection":[{"href":"https:\/\/madridanimalpark.com\/fr\/wp-json\/wp\/v2\/pages"}],"about":[{"href":"https:\/\/madridanimalpark.com\/fr\/wp-json\/wp\/v2\/types\/page"}],"author":[{"embeddable":true,"href":"https:\/\/madridanimalpark.com\/fr\/wp-json\/wp\/v2\/users\/1"}],"replies":[{"embeddable":true,"href":"https:\/\/madridanimalpark.com\/fr\/wp-json\/wp\/v2\/comments?post=347"}],"version-history":[{"count":3,"href":"https:\/\/madridanimalpark.com\/fr\/wp-json\/wp\/v2\/pages\/347\/revisions"}],"predecessor-version":[{"id":422,"href":"https:\/\/madridanimalpark.com\/fr\/wp-json\/wp\/v2\/pages\/347\/revisions\/422"}],"wp:attachment":[{"href":"https:\/\/madridanimalpark.com\/fr\/wp-json\/wp\/v2\/media?parent=347"}],"curies":[{"name":"wp","href":"https:\/\/api.w.org\/{rel}","templated":true}]}}