{"id":389,"date":"2025-05-28T21:38:41","date_gmt":"2025-05-28T21:38:41","guid":{"rendered":"https:\/\/madridanimalpark.com\/?page_id=389"},"modified":"2025-05-28T21:40:51","modified_gmt":"2025-05-28T21:40:51","slug":"acces","status":"publish","type":"page","link":"https:\/\/madridanimalpark.com\/fr\/acces\/","title":{"rendered":"Comment se rendre au Zoo Aquarium de Madrid"},"content":{"rendered":"<p>Le zoo est situ\u00e9 \u00e0 environ 8 km ou 20 minutes en voiture, \u00e0 l'ouest de la Plaza Mayor, c'est-\u00e0-dire du centre-ville de Madrid. Malgr\u00e9 la distance l\u00e9g\u00e8rement plus grande des attractions classiques de la capitale espagnole, le parc animalier est rapidement et facilement accessible pour les visiteurs.<\/p>\n\n\n\n<p>Les visiteurs arrivent presque toujours en voiture, en avion, en train ou en bus. Pour savoir comment se rendre ensuite au Zoo Aquarium, cliquez ici.&nbsp;<\/p>\n\n\n\n<iframe src=\"https:\/\/www.google.com\/maps\/embed?pb=!1m18!1m12!1m3!1d3037.995085527651!2d-3.7638037231792394!3d40.40895965611097!2m3!1f0!2f0!3f0!3m2!1i1024!2i768!4f13.1!3m3!1m2!1s0xd41880ac6b6041d%3A0x89911a7043a52183!2sZoo%20Aquarium%20de%20Madrid!5e0!3m2!1sde!2ses!4v1748468292356!5m2!1sde!2ses\" width=\"100%\" height=\"450\" style=\"border:0;\" allowfullscreen=\"\" loading=\"lazy\" referrerpolicy=\"no-referrer-when-downgrade\"><\/iframe>\n\n\n\n<p>\ud83d\udccdVoici l'adresse exacte : Casa de Campo, S\/N, Moncloa - Aravaca, 28011 Madrid<\/p>\n\n\n\n<p>Avec les transports en commun<\/p>\n\n\n\n<p><strong>\ud83d\ude87<\/strong> En m\u00e9tro : Le m\u00e9tro est un moyen rapide, s\u00fbr et pratique de se d\u00e9placer. Les lignes 10 et 5 s'arr\u00eatent apr\u00e8s un trajet de 10 \u00e0 15 minutes \u00e0 la station \"Casa de Campo\", l'arr\u00eat le plus proche du Zoo Aquarium. Il vous reste ensuite 10 minutes de marche pour commencer votre aventure au Zoo Aquarium. Les billets co\u00fbtent entre 1,50 et 3,00 \u20ac.<\/p>\n\n\n\n<p>\u2708 Depuis l'a\u00e9roport : Si vous arrivez depuis l'a\u00e9roport de Madrid-Barajas, prenez la ligne 8 du m\u00e9tro jusqu'\u00e0 la station Nuevos Ministerios, puis la ligne 10 mentionn\u00e9e ci-dessus. Co\u00fbt du billet : 5,00 \u20ac. Une alternative avantageuse au taxi !<\/p>\n\n\n\n<p>\ud83d\ude8c En bus : la ligne 33 vous emm\u00e8ne depuis l'\u00e9changeur \"Intercambiador de Principe Pio\", situ\u00e9 au sud-ouest, juste devant l'entr\u00e9e du zoo. Le bus circule toutes les 30 minutes. Le trajet dure environ 30 minutes.<\/p>\n\n\n\n<p>\ud83d\ude86 En train : il n'y a qu'un seul train qui va jusqu'\u00e0 la station Laguna, situ\u00e9e \u00e0 environ 3 km du zoo.<\/p>\n\n\n\n<p>\ud83c\udd7f\ufe0f En voiture : si vous empruntez le p\u00e9riph\u00e9rique M30, prenez l'autoroute A5 \u00e0 la Carretera de Extremadura jusqu'\u00e0 la sortie 5A. Le chemin vers le zoo est alors indiqu\u00e9. Si vous venez de la ville de Madrid et que vous vous dirigez vers le Palacio Real de Madrid, vous arriverez directement sur l'A5.&nbsp;<\/p>\n\n\n\n<p>Le zoo est situ\u00e9 en dehors du centre-ville et il y a donc suffisamment de places de parking.<\/p>\n\n\n\n<p>\ud83d\ude95 En taxi : il va de soi que vous pouvez descendre directement devant le zoo. Un trajet en taxi depuis le centre co\u00fbte entre 13 et 18 \u20ac. Cela peut \u00eatre int\u00e9ressant si vous \u00eates plusieurs !<\/p>\n\n\n\n<p>Le covoiturage, comme Uber, est \u00e9galement tr\u00e8s populaire \u00e0 Madrid. D'autres services sont \u00e9galement disponibles via une application.&nbsp;<\/p>\n\n\n\n<p>Remarque : il est recommand\u00e9 de choisir les transports en commun pour visiter le Zoo Aquarium de Madrid. Le trajet est peu co\u00fbteux, pratique, s\u00fbr et les retards sont rares, m\u00eame \u00e0 l'arriv\u00e9e, de sorte que le plaisir des participants peut commencer !<\/p>","protected":false},"excerpt":{"rendered":"<p>Der Zoo liegt etwa 8 km oder 20 Autominuten entfernt,&nbsp; westlich vom Plaza Mayor, also dem Stadtzentrum von Madrid. Trotz der etwas gr\u00f6\u00dferen Distanz von den klassischen Besuchermagneten der spanischen Hauptstadt, ist der Tierpark f\u00fcr Besucher schnell und bequem erreichbar. Besucher reisen fast immer mit dem Auto, Flugzeug,&nbsp; Zug oder Bus an. Wie es dann [&hellip;]<\/p>","protected":false},"author":1,"featured_media":0,"parent":0,"menu_order":0,"comment_status":"closed","ping_status":"closed","template":"","meta":{"saved_in_kubio":false,"footnotes":""},"class_list":["post-389","page","type-page","status-publish","hentry"],"kubio_ai_page_context":{"short_desc":"","purpose":"general"},"yoast_head":"<!-- This site is optimized with the Yoast SEO plugin v27.4 - https:\/\/yoast.com\/product\/yoast-seo-wordpress\/ -->\n<title>Anfahrt zum Zoo Aquarium Madrid<\/title>\n<meta name=\"description\" content=\"Anfahrt zum Zoo Aquarium Madrid - Mit Bus - Mit Auto - Mit \u00d6ffentlichen Verkehrsmitteln - Mit Zug - Hinweise - Parking\" \/>\n<meta name=\"robots\" content=\"index, follow, max-snippet:-1, max-image-preview:large, max-video-preview:-1\" \/>\n<link rel=\"canonical\" href=\"https:\/\/madridanimalpark.com\/fr\/acces\/\" \/>\n<meta property=\"og:locale\" content=\"fr_FR\" \/>\n<meta property=\"og:type\" content=\"article\" \/>\n<meta property=\"og:title\" content=\"Anfahrt zum Zoo Aquarium Madrid\" \/>\n<meta property=\"og:description\" content=\"Anfahrt zum Zoo Aquarium Madrid - Mit Bus - Mit Auto - Mit \u00d6ffentlichen Verkehrsmitteln - Mit Zug - Hinweise - Parking\" \/>\n<meta property=\"og:url\" content=\"https:\/\/madridanimalpark.com\/fr\/acces\/\" \/>\n<meta property=\"og:site_name\" content=\"madridanimalpark.com\" \/>\n<meta property=\"article:modified_time\" content=\"2025-05-28T21:40:51+00:00\" \/>\n<meta name=\"twitter:card\" content=\"summary_large_image\" \/>\n<meta name=\"twitter:label1\" content=\"Dur\u00e9e de lecture estim\u00e9e\" \/>\n\t<meta name=\"twitter:data1\" content=\"3 minutes\" \/>\n<script type=\"application\/ld+json\" class=\"yoast-schema-graph\">{\"@context\":\"https:\\\/\\\/schema.org\",\"@graph\":[{\"@type\":\"WebPage\",\"@id\":\"https:\\\/\\\/madridanimalpark.com\\\/anfahrt\\\/\",\"url\":\"https:\\\/\\\/madridanimalpark.com\\\/anfahrt\\\/\",\"name\":\"Anfahrt zum Zoo Aquarium Madrid\",\"isPartOf\":{\"@id\":\"https:\\\/\\\/madridanimalpark.com\\\/#website\"},\"datePublished\":\"2025-05-28T21:38:41+00:00\",\"dateModified\":\"2025-05-28T21:40:51+00:00\",\"description\":\"Anfahrt zum Zoo Aquarium Madrid - Mit Bus - Mit Auto - Mit \u00d6ffentlichen Verkehrsmitteln - Mit Zug - Hinweise - Parking\",\"breadcrumb\":{\"@id\":\"https:\\\/\\\/madridanimalpark.com\\\/anfahrt\\\/#breadcrumb\"},\"inLanguage\":\"fr-FR\",\"potentialAction\":[{\"@type\":\"ReadAction\",\"target\":[\"https:\\\/\\\/madridanimalpark.com\\\/anfahrt\\\/\"]}]},{\"@type\":\"BreadcrumbList\",\"@id\":\"https:\\\/\\\/madridanimalpark.com\\\/anfahrt\\\/#breadcrumb\",\"itemListElement\":[{\"@type\":\"ListItem\",\"position\":1,\"name\":\"Home\",\"item\":\"https:\\\/\\\/madridanimalpark.com\\\/\"},{\"@type\":\"ListItem\",\"position\":2,\"name\":\"Anfahrt zum Zoo Aquarium Madrid\"}]},{\"@type\":\"WebSite\",\"@id\":\"https:\\\/\\\/madridanimalpark.com\\\/#website\",\"url\":\"https:\\\/\\\/madridanimalpark.com\\\/\",\"name\":\"madridanimalpark.com\",\"description\":\"Zoo Aquarium Madrid\",\"publisher\":{\"@id\":\"https:\\\/\\\/madridanimalpark.com\\\/#organization\"},\"potentialAction\":[{\"@type\":\"SearchAction\",\"target\":{\"@type\":\"EntryPoint\",\"urlTemplate\":\"https:\\\/\\\/madridanimalpark.com\\\/?s={search_term_string}\"},\"query-input\":{\"@type\":\"PropertyValueSpecification\",\"valueRequired\":true,\"valueName\":\"search_term_string\"}}],\"inLanguage\":\"fr-FR\"},{\"@type\":\"Organization\",\"@id\":\"https:\\\/\\\/madridanimalpark.com\\\/#organization\",\"name\":\"madridanimalpark.com\",\"url\":\"https:\\\/\\\/madridanimalpark.com\\\/\",\"logo\":{\"@type\":\"ImageObject\",\"inLanguage\":\"fr-FR\",\"@id\":\"https:\\\/\\\/madridanimalpark.com\\\/#\\\/schema\\\/logo\\\/image\\\/\",\"url\":\"https:\\\/\\\/madridanimalpark.com\\\/wp-content\\\/uploads\\\/2025\\\/05\\\/madridanimalparklogo.png\",\"contentUrl\":\"https:\\\/\\\/madridanimalpark.com\\\/wp-content\\\/uploads\\\/2025\\\/05\\\/madridanimalparklogo.png\",\"width\":2000,\"height\":658,\"caption\":\"madridanimalpark.com\"},\"image\":{\"@id\":\"https:\\\/\\\/madridanimalpark.com\\\/#\\\/schema\\\/logo\\\/image\\\/\"}}]}<\/script>\n<!-- \/ Yoast SEO plugin. -->","yoast_head_json":{"title":"Comment se rendre au Zoo Aquarium de Madrid","description":"Comment se rendre au Zoo Aquarium de Madrid - En bus - En voiture - En transport en commun - En train - Notes - Parking","robots":{"index":"index","follow":"follow","max-snippet":"max-snippet:-1","max-image-preview":"max-image-preview:large","max-video-preview":"max-video-preview:-1"},"canonical":"https:\/\/madridanimalpark.com\/fr\/acces\/","og_locale":"fr_FR","og_type":"article","og_title":"Anfahrt zum Zoo Aquarium Madrid","og_description":"Anfahrt zum Zoo Aquarium Madrid - Mit Bus - Mit Auto - Mit \u00d6ffentlichen Verkehrsmitteln - Mit Zug - Hinweise - Parking","og_url":"https:\/\/madridanimalpark.com\/fr\/acces\/","og_site_name":"madridanimalpark.com","article_modified_time":"2025-05-28T21:40:51+00:00","twitter_card":"summary_large_image","twitter_misc":{"Dur\u00e9e de lecture estim\u00e9e":"3 minutes"},"schema":{"@context":"https:\/\/schema.org","@graph":[{"@type":"WebPage","@id":"https:\/\/madridanimalpark.com\/anfahrt\/","url":"https:\/\/madridanimalpark.com\/anfahrt\/","name":"Comment se rendre au Zoo Aquarium de Madrid","isPartOf":{"@id":"https:\/\/madridanimalpark.com\/#website"},"datePublished":"2025-05-28T21:38:41+00:00","dateModified":"2025-05-28T21:40:51+00:00","description":"Comment se rendre au Zoo Aquarium de Madrid - En bus - En voiture - En transport en commun - En train - Notes - Parking","breadcrumb":{"@id":"https:\/\/madridanimalpark.com\/anfahrt\/#breadcrumb"},"inLanguage":"fr-FR","potentialAction":[{"@type":"ReadAction","target":["https:\/\/madridanimalpark.com\/anfahrt\/"]}]},{"@type":"BreadcrumbList","@id":"https:\/\/madridanimalpark.com\/anfahrt\/#breadcrumb","itemListElement":[{"@type":"ListItem","position":1,"name":"Home","item":"https:\/\/madridanimalpark.com\/"},{"@type":"ListItem","position":2,"name":"Anfahrt zum Zoo Aquarium Madrid"}]},{"@type":"WebSite","@id":"https:\/\/madridanimalpark.com\/#website","url":"https:\/\/madridanimalpark.com\/","name":"madridanimalpark.com","description":"Aquarium Zoo de Madrid","publisher":{"@id":"https:\/\/madridanimalpark.com\/#organization"},"potentialAction":[{"@type":"SearchAction","target":{"@type":"EntryPoint","urlTemplate":"https:\/\/madridanimalpark.com\/?s={search_term_string}"},"query-input":{"@type":"PropertyValueSpecification","valueRequired":true,"valueName":"search_term_string"}}],"inLanguage":"fr-FR"},{"@type":"Organization","@id":"https:\/\/madridanimalpark.com\/#organization","name":"madridanimalpark.com","url":"https:\/\/madridanimalpark.com\/","logo":{"@type":"ImageObject","inLanguage":"fr-FR","@id":"https:\/\/madridanimalpark.com\/#\/schema\/logo\/image\/","url":"https:\/\/madridanimalpark.com\/wp-content\/uploads\/2025\/05\/madridanimalparklogo.png","contentUrl":"https:\/\/madridanimalpark.com\/wp-content\/uploads\/2025\/05\/madridanimalparklogo.png","width":2000,"height":658,"caption":"madridanimalpark.com"},"image":{"@id":"https:\/\/madridanimalpark.com\/#\/schema\/logo\/image\/"}}]}},"_links":{"self":[{"href":"https:\/\/madridanimalpark.com\/fr\/wp-json\/wp\/v2\/pages\/389","targetHints":{"allow":["GET"]}}],"collection":[{"href":"https:\/\/madridanimalpark.com\/fr\/wp-json\/wp\/v2\/pages"}],"about":[{"href":"https:\/\/madridanimalpark.com\/fr\/wp-json\/wp\/v2\/types\/page"}],"author":[{"embeddable":true,"href":"https:\/\/madridanimalpark.com\/fr\/wp-json\/wp\/v2\/users\/1"}],"replies":[{"embeddable":true,"href":"https:\/\/madridanimalpark.com\/fr\/wp-json\/wp\/v2\/comments?post=389"}],"version-history":[{"count":2,"href":"https:\/\/madridanimalpark.com\/fr\/wp-json\/wp\/v2\/pages\/389\/revisions"}],"predecessor-version":[{"id":391,"href":"https:\/\/madridanimalpark.com\/fr\/wp-json\/wp\/v2\/pages\/389\/revisions\/391"}],"wp:attachment":[{"href":"https:\/\/madridanimalpark.com\/fr\/wp-json\/wp\/v2\/media?parent=389"}],"curies":[{"name":"wp","href":"https:\/\/api.w.org\/{rel}","templated":true}]}}