{"id":394,"date":"2025-06-03T20:02:38","date_gmt":"2025-06-03T20:02:38","guid":{"rendered":"https:\/\/madridanimalpark.com\/?page_id=394"},"modified":"2025-06-11T13:30:12","modified_gmt":"2025-06-11T13:30:12","slug":"faq","status":"publish","type":"page","link":"https:\/\/madridanimalpark.com\/fr\/faq\/","title":{"rendered":"Foire aux questions - Zoo Aquarium de Madrid"},"content":{"rendered":"<p>La quantit\u00e9 d'informations sur le zoo de Madrid peut \u00eatre vraiment \u00e9crasante. C'est pourquoi j'ai rassembl\u00e9 sur cette page les 20 questions et r\u00e9ponses les plus importantes que vous devez conna\u00eetre avant de visiter le zoo ! J'esp\u00e8re pouvoir r\u00e9pondre \u00e0 toutes vos questions !<\/p>\n\n\n\n<h2 class=\"wp-block-heading\">Quel est le prix d'entr\u00e9e au Zoo Aquarium de Madrid ?<\/h2>\n\n\n\n<p>Les prix d'entr\u00e9e varient en fonction de l'\u00e2ge et du type de billet. Les billets peuvent \u00eatre achet\u00e9s aux prix indiqu\u00e9s par le fournisseur. L'entr\u00e9e est gratuite pour les enfants de moins de 3 ans.<\/p>\n\n\n\n<h2 class=\"wp-block-heading\">Quelles sont les heures d'ouverture du zoo ?<\/h2>\n\n\n\n<p>Le zoo est ouvert tous les jours.<\/p>\n\n\n\n<p>Lundi : 11:00 - 20:00<br>Mardi : 11:00 - 20:00<br>Mercredi : 11:00 - 20:00<br>Jeudi : 11:00 - 20:00<br>Vendredi : 11:00 - 19:00<br>Samedi : 11:00 - 20:00<br>Dimanche : 11:00 - 20:00<\/p>\n\n\n\n<p>Les horaires changent en fonction de la saison, il est donc conseill\u00e9 de v\u00e9rifier les heures d'ouverture actuelles sur le site Web avant de se rendre sur place.<\/p>\n\n\n\n<h2 class=\"wp-block-heading\">Peut-on acheter des billets en ligne ?<\/h2>\n\n\n\n<p>Oui, les billets peuvent \u00eatre facilement achet\u00e9s en ligne via le fournisseur mentionn\u00e9 ci-dessus. Apr\u00e8s l'achat, vous recevrez les billets par e-mail et vous pourrez \u00e9galement les pr\u00e9senter sous forme num\u00e9rique \u00e0 l'entr\u00e9e. Veuillez noter que les prix peuvent \u00eatre plus \u00e9lev\u00e9s \u00e0 la caisse.<\/p>\n\n\n\n<center><div data-tiqets-widget=\"availability\" data-layout=\"full\" data-orientation=\"horizontal\" data-product-id=\"974821\" data-language=\"en\" data-currency=\"EUR\" data-partner=\"madridanimalpark\"><\/div><script defer src=\"https:\/\/widgets.tiqets.com\/loader.js\"><\/script><\/center>\n\n\n\n<h2 class=\"wp-block-heading\">Existe-t-il des billets familiaux ou des r\u00e9ductions pour les enfants ?<\/h2>\n\n\n\n<p>Oui, il existe des r\u00e9ductions pour les seniors de 65 ans et plus.<\/p>\n\n\n\n<p>Les familles nombreuses ainsi que les personnes handicap\u00e9es (degr\u00e9 de handicap \u00e0 partir de 33 %) et leur accompagnateur b\u00e9n\u00e9ficient de tarifs r\u00e9duits.<\/p>\n\n\n\n<p>De plus, des offres sp\u00e9ciales pour les familles et des billets combin\u00e9s avec d'autres parcs sont propos\u00e9s.<\/p>\n\n\n\n<h2 class=\"wp-block-heading\">Quels animaux peut-on voir au zoo ?<\/h2>\n\n\n\n<p>Le Zoo Aquarium de Madrid abrite plus de 6 000 animaux de plus de 500 esp\u00e8ces et vous permet de d\u00e9couvrir des animaux des cinq continents.<\/p>\n\n\n\n<p>Le site est divis\u00e9 en diff\u00e9rentes zones g\u00e9ographiques, ce qui vous permet de voir les animaux dans leur environnement naturel.<\/p>\n\n\n\n<p>Les pandas g\u00e9ants, que le zoo est le seul \u00e0 pr\u00e9senter en Espagne, m\u00e9ritent une mention particuli\u00e8re. Les autres animaux \u00e0 voir sont les koalas, les \u00e9l\u00e9phants d'Asie, les tigres de Sib\u00e9rie, les rhinoc\u00e9ros indiens, les pandas roux, les orangs-outans, les gorilles de plaine de l'Ouest et les lynx ib\u00e9riques.<\/p>\n\n\n\n<p>Le zoo s'engage activement dans des programmes internationaux de reproduction et de conservation des esp\u00e8ces. De plus, des programmes \u00e9ducatifs et des pr\u00e9sentations d'animaux sont r\u00e9guli\u00e8rement propos\u00e9s afin de sensibiliser \u00e0 la conservation.<\/p>\n\n\n\n<h2 class=\"wp-block-heading\">Y a-t-il un aquarium au zoo de Madrid ?<\/h2>\n\n\n\n<p>Le Zoo Aquarium de Madrid dispose d'un impressionnant aquarium d'une capacit\u00e9 de 2 millions de litres d'eau sal\u00e9e et offre un aper\u00e7u fascinant du monde sous-marin.<\/p>\n\n\n\n<p>Il est con\u00e7u de mani\u00e8re th\u00e9matique et vous permet de d\u00e9couvrir les habitats et leurs habitants marins uniques, tels que les poissons tropicaux, les hippocampes m\u00e9diterran\u00e9ens ou les tortues de mer.<\/p>\n\n\n\n<p>Le grand bassin dans lequel les requins font majestueusement leurs rondes constitue un point fort particulier.<\/p>\n\n\n\n<h2 class=\"wp-block-heading\">Y a-t-il des spectacles ou des d\u00e9monstrations au zoo ?<\/h2>\n\n\n\n<p>Oui, des activit\u00e9s \u00e9ducatives et des pr\u00e9sentations d'animaux sont r\u00e9guli\u00e8rement organis\u00e9es.<\/p>\n\n\n\n<p>Vous aurez l'occasion d'en apprendre davantage sur diff\u00e9rentes esp\u00e8ces animales et de les observer de pr\u00e8s.<\/p>\n\n\n\n<p>Parmi les temps forts, on peut citer les d\u00e9monstrations d'oiseaux exotiques et de rapaces, dont les impressionnantes prouesses a\u00e9riennes sont pr\u00e9sent\u00e9es.<\/p>\n\n\n\n<p>Il est conseill\u00e9 de se renseigner sur les horaires et les programmes actuels avant de se rendre sur place.<\/p>\n\n\n\n<h2 class=\"wp-block-heading\">Quel est le meilleur moyen de se rendre au zoo ?<\/h2>\n\n\n\n<p>Le zoo est situ\u00e9 dans le parc municipal Casa de Campo et est facilement accessible par les transports en commun.<\/p>\n\n\n\n<p>Nous vous recommandons de prendre le bus 33, qui part tous les jours de l'\u00e9changeur Principe Pio et vous emm\u00e8ne directement au zoo.<\/p>\n\n\n\n<p>Vous pouvez \u00e9galement prendre le m\u00e9tro - les lignes 5 et 10 s'arr\u00eatent \u00e0 la station \"Casa de Campo\", qui se trouve \u00e0 une courte distance \u00e0 pied.<\/p>\n\n\n\n<p>Pour conna\u00eetre les horaires et les itin\u00e9raires en vigueur, consultez le site Metro de Madrid.<\/p>\n\n\n\n<h2 class=\"wp-block-heading\">Peut-on apporter de la nourriture au zoo ?<\/h2>\n\n\n\n<p>Il est possible d'apporter sa propre nourriture et des boissons non alcoolis\u00e9es au zoo.<\/p>\n\n\n\n<p>Vous pouvez d\u00e9guster les repas que vous avez apport\u00e9s dans l'aire de pique-nique d\u00e9sign\u00e9e \u00e0 c\u00f4t\u00e9 du delphinarium.<\/p>\n\n\n\n<p>Veuillez noter qu'il est strictement interdit d'apporter des boissons alcoolis\u00e9es.<\/p>\n\n\n\n<h2 class=\"wp-block-heading\">Y a-t-il des restaurants ou des endroits o\u00f9 manger ?<\/h2>\n\n\n\n<p>Le zoo dispose d'un grand nombre d'\u00e9tablissements de restauration. Il s'agit notamment de restaurants tels que le \"<strong>Bagaray<\/strong>\" et les \"<strong>Caf\u00e9t\u00e9ria Serengueti<\/strong>\", qui proposent un large \u00e9ventail de plats, allant de la restauration rapide \u00e0 des repas complets.<\/p>\n\n\n\n<p>En outre, il existe des kiosques et des caf\u00e9s qui vendent des snacks, des boissons et des glaces.<\/p>\n\n\n\n<p>Des offres et des menus sp\u00e9ciaux sont propos\u00e9s aux familles, et certains restaurants disposent d'espaces en terrasse avec vue sur les enclos des animaux.<\/p>\n\n\n\n<p>Utilisez le syst\u00e8me \"Click &amp; Collect\" pour commander facilement des repas \u00e0 l'avance.<\/p>\n\n\n\n<h2 class=\"wp-block-heading\">Le zoo est-il accessible aux personnes \u00e0 mobilit\u00e9 r\u00e9duite ?<\/h2>\n\n\n\n<p>Oui, le Zoo Aquarium de Madrid est accessible et propose divers services aux visiteurs \u00e0 mobilit\u00e9 r\u00e9duite.<\/p>\n\n\n\n<p>Des fauteuils roulants gratuits sont disponibles et, sous r\u00e9serve de disponibilit\u00e9, des fauteuils roulants \u00e9lectriques sont pr\u00eat\u00e9s moyennant un suppl\u00e9ment.<\/p>\n\n\n\n<p>Pour plus d'informations, rendez-vous au point d'information situ\u00e9 devant les tourniquets d'acc\u00e8s du zoo.<\/p>\n\n\n\n<h2 class=\"wp-block-heading\">Y a-t-il un zoo pour enfants ?<\/h2>\n\n\n\n<p>Le zoo sp\u00e9cialement con\u00e7u pour les enfants permet aux jeunes visiteurs de caresser de pr\u00e8s et parfois de nourrir des animaux apprivois\u00e9s tels que des ch\u00e8vres, des moutons, des lapins et des poules, ce qui vous offre une exp\u00e9rience interactive et instructive.<\/p>\n\n\n\n<p>En outre, des programmes \u00e9ducatifs sont propos\u00e9s dans ce domaine, qui montrent comment traiter et soigner les animaux de mani\u00e8re responsable.<\/p>\n\n\n\n<h2 class=\"wp-block-heading\">Peut-on nourrir les animaux ?<\/h2>\n\n\n\n<p>Au Zoo Aquarium de Madrid, vous avez la possibilit\u00e9 d'acheter de la nourriture sp\u00e9ciale pour animaux afin de nourrir les animaux s\u00e9lectionn\u00e9s dans certaines zones.<\/p>\n\n\n\n<p>Il est important de n'utiliser que la nourriture fournie par le zoo et de suivre les conseils du personnel afin de ne pas mettre en danger la sant\u00e9 des animaux.<\/p>\n\n\n\n<p>Le nourrissage favorise l'interaction entre les visiteurs et les animaux, en particulier pour les enfants.<\/p>\n\n\n\n<h2 class=\"wp-block-heading\">Existe-t-il des cartes annuelles ou des adh\u00e9sions ?<\/h2>\n\n\n\n<p>Diff\u00e9rentes cartes annuelles, dont l'\u00e9tendue et le prix varient, sont propos\u00e9es au zoo.<\/p>\n\n\n\n<p>La carte annuelle Bronze donne acc\u00e8s \u00e0 9 parcs et co\u00fbte 114 \u20ac pour les nouveaux clients. La carte Argent donne acc\u00e8s \u00e0 11 parcs pour 149 \u20ac, la carte Or \u00e0 12 parcs pour 209 \u20ac et la carte Platinum \u00e0 309 \u20ac, vous donne acc\u00e8s \u00e0 plus de 17 parcs.<\/p>\n\n\n\n<p>Ces cartes offrent un acc\u00e8s illimit\u00e9 aux parcs concern\u00e9s pendant un an, ainsi que des avantages suppl\u00e9mentaires tels que des r\u00e9ductions dans les restaurants et les magasins.<\/p>\n\n\n\n<h2 class=\"wp-block-heading\">Les chiens sont-ils autoris\u00e9s au zoo ?<\/h2>\n\n\n\n<p>Les chiens ne sont pas autoris\u00e9s dans le zoo. Une exception est faite pour les chiens d'assistance qui accompagnent les personnes handicap\u00e9es.<\/p>\n\n\n\n<p>Ce r\u00e8glement vise \u00e0 prot\u00e9ger les animaux du zoo et \u00e0 assurer la s\u00e9curit\u00e9 de tous les visiteurs.<\/p>\n\n\n\n<h2 class=\"wp-block-heading\">Existe-t-il des visites guid\u00e9es du zoo ?<\/h2>\n\n\n\n<p>Le zoo propose des visites guid\u00e9es.<\/p>\n\n\n\n<p>Ces visites sont effectu\u00e9es par des guides exp\u00e9riment\u00e9s qui transmettent de vastes connaissances sur les diff\u00e9rentes esp\u00e8ces animales, leurs habitats et les projets de conservation du zoo.<\/p>\n\n\n\n<p>Les visites guid\u00e9es sont destin\u00e9es aux classes, aux groupes ou aux particuliers qui s'int\u00e9ressent aux animaux et aux soins qu'ils re\u00e7oivent.<\/p>\n\n\n\n<p>En raison du nombre limit\u00e9 de places, r\u00e9servez ce type d'excursion \u00e0 l'avance.<\/p>\n\n\n\n<h2 class=\"wp-block-heading\">Combien de temps faut-il pr\u00e9voir pour la visite du zoo ?<\/h2>\n\n\n\n<p>Pour une visite compl\u00e8te du zoo, pr\u00e9voyez 4 \u00e0 5 heures.<\/p>\n\n\n\n<p>Le zoo s'\u00e9tend sur un vaste terrain avec de nombreuses attractions et spectacles, c'est pourquoi il est recommand\u00e9 d'y passer au moins une demi-journ\u00e9e.<\/p>\n\n\n\n<p>Il faut s'attendre \u00e0 une augmentation du nombre de visiteurs, en particulier le week-end et pendant les vacances.<\/p>\n\n\n\n<p>Il est conseill\u00e9 de visiter le parc t\u00f4t le matin afin d'\u00e9viter les files d'attente et de voir les animaux dans un \u00e9tat plus actif.<\/p>\n\n\n\n<h2 class=\"wp-block-heading\">Que se passe-t-il en cas de mauvais temps ?<\/h2>\n\n\n\n<p>Le Zoo Aquarium de Madrid est ouvert en cas de mauvais temps.<\/p>\n\n\n\n<p>En cas de pluie ou de temp\u00e9ratures plus fra\u00eeches, vous pouvez explorer les zones couvertes comme l'aquarium, le delphinarium ou l'exposition \"La nature myst\u00e9rieuse\".<\/p>\n\n\n\n<p>Certains spectacles en plein air ou certaines repr\u00e9sentations peuvent \u00eatre report\u00e9s ou annul\u00e9s en raison des conditions m\u00e9t\u00e9orologiques, mais il y a g\u00e9n\u00e9ralement plusieurs repr\u00e9sentations par jour, ce qui garantit une visite \u00e0 une date ult\u00e9rieure.<\/p>\n\n\n\n<p>Veuillez vous informer sur place des \u00e9ventuelles modifications du programme.<\/p>\n\n\n\n<h2 class=\"wp-block-heading\">Y a-t-il un train ou un circuit dans le zoo ?<\/h2>\n\n\n\n<p>Oui, le zoo propose des tours en train. Il passe par plusieurs stations et vous permet d'avoir une vue d'ensemble des principales attractions du parc.<\/p>\n\n\n\n<p>Ces circuits durent environ 20 minutes et sont adapt\u00e9s aux familles avec de jeunes enfants ou aux personnes \u00e0 mobilit\u00e9 r\u00e9duite.<\/p>\n\n\n\n<p>Pour conna\u00eetre les horaires et les arr\u00eats exacts, consultez le plan du zoo ou renseignez-vous sur place.<\/p>\n\n\n\n<h2 class=\"wp-block-heading\">Y a-t-il des souvenirs ou une boutique de cadeaux au zoo ?<\/h2>\n\n\n\n<p>Le Zoo Aquarium de Madrid dispose de plusieurs boutiques de souvenirs.<\/p>\n\n\n\n<p>La boutique principale est situ\u00e9e \u00e0 l'entr\u00e9e du zoo et propose un large choix de souvenirs et de cadeaux, dont des T-shirts, des casquettes, des peluches, des aimants et d'autres produits th\u00e9matiques.<\/p>\n\n\n\n<p>Il existe en outre des boutiques sp\u00e9cialis\u00e9es, comme la boutique de l'aquarium et du delphinarium, qui propose des souvenirs maritimes, avec des articles en rapport avec le monde sous-marin.<\/p>\n\n\n\n<p>Toutes les boutiques sont ouvertes tous les jours pendant les heures d'ouverture habituelles du zoo.<\/p>","protected":false},"excerpt":{"rendered":"<p>Die Menge an Infos \u00fcber den Zoo in Madrid kann echt \u00fcberw\u00e4ltigend sein. Deshalb hab ich die 20 wichtigsten Fragen und Antworten, die ihr vor dem Besuch wissen solltet, auf dieser Seite zusammengefasst! Ich hoffe, ich kann alle eure Fragen beantworten! Wie hoch sind die Eintrittspreise f\u00fcr den Zoo Aquarium de Madrid? Die Eintrittspreise variieren [&hellip;]<\/p>","protected":false},"author":1,"featured_media":0,"parent":0,"menu_order":0,"comment_status":"closed","ping_status":"closed","template":"","meta":{"saved_in_kubio":false,"footnotes":""},"class_list":["post-394","page","type-page","status-publish","hentry"],"kubio_ai_page_context":{"short_desc":"","purpose":"general"},"yoast_head":"<!-- This site is optimized with the Yoast SEO plugin v27.4 - https:\/\/yoast.com\/product\/yoast-seo-wordpress\/ -->\n<title>H\u00e4ufig Gestellte Fragen - Zoo Aquarium in Madrid<\/title>\n<meta name=\"description\" content=\"Alles Infos - Hinweise - Fragen - Antworten - Preise - \u00d6ffnungszeiten - Tierarten - Online-Tickets - Geschenkeladen\" \/>\n<meta name=\"robots\" content=\"index, follow, max-snippet:-1, max-image-preview:large, max-video-preview:-1\" \/>\n<link rel=\"canonical\" href=\"https:\/\/madridanimalpark.com\/fr\/faq\/\" \/>\n<meta property=\"og:locale\" content=\"fr_FR\" \/>\n<meta property=\"og:type\" content=\"article\" \/>\n<meta property=\"og:title\" content=\"H\u00e4ufig Gestellte Fragen - Zoo Aquarium in Madrid\" \/>\n<meta property=\"og:description\" content=\"Alles Infos - Hinweise - Fragen - Antworten - Preise - \u00d6ffnungszeiten - Tierarten - Online-Tickets - Geschenkeladen\" \/>\n<meta property=\"og:url\" content=\"https:\/\/madridanimalpark.com\/fr\/faq\/\" \/>\n<meta property=\"og:site_name\" content=\"madridanimalpark.com\" \/>\n<meta property=\"article:modified_time\" content=\"2025-06-11T13:30:12+00:00\" \/>\n<meta name=\"twitter:card\" content=\"summary_large_image\" \/>\n<meta name=\"twitter:label1\" content=\"Dur\u00e9e de lecture estim\u00e9e\" \/>\n\t<meta name=\"twitter:data1\" content=\"8 minutes\" \/>\n<script type=\"application\/ld+json\" class=\"yoast-schema-graph\">{\"@context\":\"https:\\\/\\\/schema.org\",\"@graph\":[{\"@type\":\"WebPage\",\"@id\":\"https:\\\/\\\/madridanimalpark.com\\\/faq\\\/\",\"url\":\"https:\\\/\\\/madridanimalpark.com\\\/faq\\\/\",\"name\":\"H\u00e4ufig Gestellte Fragen - Zoo Aquarium in Madrid\",\"isPartOf\":{\"@id\":\"https:\\\/\\\/madridanimalpark.com\\\/#website\"},\"datePublished\":\"2025-06-03T20:02:38+00:00\",\"dateModified\":\"2025-06-11T13:30:12+00:00\",\"description\":\"Alles Infos - Hinweise - Fragen - Antworten - Preise - \u00d6ffnungszeiten - Tierarten - Online-Tickets - Geschenkeladen\",\"breadcrumb\":{\"@id\":\"https:\\\/\\\/madridanimalpark.com\\\/faq\\\/#breadcrumb\"},\"inLanguage\":\"fr-FR\",\"potentialAction\":[{\"@type\":\"ReadAction\",\"target\":[\"https:\\\/\\\/madridanimalpark.com\\\/faq\\\/\"]}]},{\"@type\":\"BreadcrumbList\",\"@id\":\"https:\\\/\\\/madridanimalpark.com\\\/faq\\\/#breadcrumb\",\"itemListElement\":[{\"@type\":\"ListItem\",\"position\":1,\"name\":\"Home\",\"item\":\"https:\\\/\\\/madridanimalpark.com\\\/\"},{\"@type\":\"ListItem\",\"position\":2,\"name\":\"H\u00e4ufig Gestellte Fragen &#8211; Zoo Aquarium in Madrid\"}]},{\"@type\":\"WebSite\",\"@id\":\"https:\\\/\\\/madridanimalpark.com\\\/#website\",\"url\":\"https:\\\/\\\/madridanimalpark.com\\\/\",\"name\":\"madridanimalpark.com\",\"description\":\"Zoo Aquarium Madrid\",\"publisher\":{\"@id\":\"https:\\\/\\\/madridanimalpark.com\\\/#organization\"},\"potentialAction\":[{\"@type\":\"SearchAction\",\"target\":{\"@type\":\"EntryPoint\",\"urlTemplate\":\"https:\\\/\\\/madridanimalpark.com\\\/?s={search_term_string}\"},\"query-input\":{\"@type\":\"PropertyValueSpecification\",\"valueRequired\":true,\"valueName\":\"search_term_string\"}}],\"inLanguage\":\"fr-FR\"},{\"@type\":\"Organization\",\"@id\":\"https:\\\/\\\/madridanimalpark.com\\\/#organization\",\"name\":\"madridanimalpark.com\",\"url\":\"https:\\\/\\\/madridanimalpark.com\\\/\",\"logo\":{\"@type\":\"ImageObject\",\"inLanguage\":\"fr-FR\",\"@id\":\"https:\\\/\\\/madridanimalpark.com\\\/#\\\/schema\\\/logo\\\/image\\\/\",\"url\":\"https:\\\/\\\/madridanimalpark.com\\\/wp-content\\\/uploads\\\/2025\\\/05\\\/madridanimalparklogo.png\",\"contentUrl\":\"https:\\\/\\\/madridanimalpark.com\\\/wp-content\\\/uploads\\\/2025\\\/05\\\/madridanimalparklogo.png\",\"width\":2000,\"height\":658,\"caption\":\"madridanimalpark.com\"},\"image\":{\"@id\":\"https:\\\/\\\/madridanimalpark.com\\\/#\\\/schema\\\/logo\\\/image\\\/\"}}]}<\/script>\n<!-- \/ Yoast SEO plugin. -->","yoast_head_json":{"title":"Foire aux questions - Zoo Aquarium de Madrid","description":"Tout savoir - Conseils - Questions - R\u00e9ponses - Tarifs - Heures d'ouverture - Esp\u00e8ces animales - Billets en ligne - Boutique de cadeaux","robots":{"index":"index","follow":"follow","max-snippet":"max-snippet:-1","max-image-preview":"max-image-preview:large","max-video-preview":"max-video-preview:-1"},"canonical":"https:\/\/madridanimalpark.com\/fr\/faq\/","og_locale":"fr_FR","og_type":"article","og_title":"H\u00e4ufig Gestellte Fragen - Zoo Aquarium in Madrid","og_description":"Alles Infos - Hinweise - Fragen - Antworten - Preise - \u00d6ffnungszeiten - Tierarten - Online-Tickets - Geschenkeladen","og_url":"https:\/\/madridanimalpark.com\/fr\/faq\/","og_site_name":"madridanimalpark.com","article_modified_time":"2025-06-11T13:30:12+00:00","twitter_card":"summary_large_image","twitter_misc":{"Dur\u00e9e de lecture estim\u00e9e":"8 minutes"},"schema":{"@context":"https:\/\/schema.org","@graph":[{"@type":"WebPage","@id":"https:\/\/madridanimalpark.com\/faq\/","url":"https:\/\/madridanimalpark.com\/faq\/","name":"Foire aux questions - Zoo Aquarium de Madrid","isPartOf":{"@id":"https:\/\/madridanimalpark.com\/#website"},"datePublished":"2025-06-03T20:02:38+00:00","dateModified":"2025-06-11T13:30:12+00:00","description":"Tout savoir - Conseils - Questions - R\u00e9ponses - Tarifs - Heures d'ouverture - Esp\u00e8ces animales - Billets en ligne - Boutique de cadeaux","breadcrumb":{"@id":"https:\/\/madridanimalpark.com\/faq\/#breadcrumb"},"inLanguage":"fr-FR","potentialAction":[{"@type":"ReadAction","target":["https:\/\/madridanimalpark.com\/faq\/"]}]},{"@type":"BreadcrumbList","@id":"https:\/\/madridanimalpark.com\/faq\/#breadcrumb","itemListElement":[{"@type":"ListItem","position":1,"name":"Home","item":"https:\/\/madridanimalpark.com\/"},{"@type":"ListItem","position":2,"name":"H\u00e4ufig Gestellte Fragen &#8211; Zoo Aquarium in Madrid"}]},{"@type":"WebSite","@id":"https:\/\/madridanimalpark.com\/#website","url":"https:\/\/madridanimalpark.com\/","name":"madridanimalpark.com","description":"Aquarium Zoo de Madrid","publisher":{"@id":"https:\/\/madridanimalpark.com\/#organization"},"potentialAction":[{"@type":"SearchAction","target":{"@type":"EntryPoint","urlTemplate":"https:\/\/madridanimalpark.com\/?s={search_term_string}"},"query-input":{"@type":"PropertyValueSpecification","valueRequired":true,"valueName":"search_term_string"}}],"inLanguage":"fr-FR"},{"@type":"Organization","@id":"https:\/\/madridanimalpark.com\/#organization","name":"madridanimalpark.com","url":"https:\/\/madridanimalpark.com\/","logo":{"@type":"ImageObject","inLanguage":"fr-FR","@id":"https:\/\/madridanimalpark.com\/#\/schema\/logo\/image\/","url":"https:\/\/madridanimalpark.com\/wp-content\/uploads\/2025\/05\/madridanimalparklogo.png","contentUrl":"https:\/\/madridanimalpark.com\/wp-content\/uploads\/2025\/05\/madridanimalparklogo.png","width":2000,"height":658,"caption":"madridanimalpark.com"},"image":{"@id":"https:\/\/madridanimalpark.com\/#\/schema\/logo\/image\/"}}]}},"_links":{"self":[{"href":"https:\/\/madridanimalpark.com\/fr\/wp-json\/wp\/v2\/pages\/394","targetHints":{"allow":["GET"]}}],"collection":[{"href":"https:\/\/madridanimalpark.com\/fr\/wp-json\/wp\/v2\/pages"}],"about":[{"href":"https:\/\/madridanimalpark.com\/fr\/wp-json\/wp\/v2\/types\/page"}],"author":[{"embeddable":true,"href":"https:\/\/madridanimalpark.com\/fr\/wp-json\/wp\/v2\/users\/1"}],"replies":[{"embeddable":true,"href":"https:\/\/madridanimalpark.com\/fr\/wp-json\/wp\/v2\/comments?post=394"}],"version-history":[{"count":4,"href":"https:\/\/madridanimalpark.com\/fr\/wp-json\/wp\/v2\/pages\/394\/revisions"}],"predecessor-version":[{"id":402,"href":"https:\/\/madridanimalpark.com\/fr\/wp-json\/wp\/v2\/pages\/394\/revisions\/402"}],"wp:attachment":[{"href":"https:\/\/madridanimalpark.com\/fr\/wp-json\/wp\/v2\/media?parent=394"}],"curies":[{"name":"wp","href":"https:\/\/api.w.org\/{rel}","templated":true}]}}