{"id":389,"date":"2025-05-28T21:38:41","date_gmt":"2025-05-28T21:38:41","guid":{"rendered":"https:\/\/madridanimalpark.com\/?page_id=389"},"modified":"2025-05-28T21:40:51","modified_gmt":"2025-05-28T21:40:51","slug":"routebeschrijving","status":"publish","type":"page","link":"https:\/\/madridanimalpark.com\/nl\/routebeschrijving\/","title":{"rendered":"Routebeschrijving naar Zoo Aquarium Madrid"},"content":{"rendered":"<p>De dierentuin ligt op ongeveer 8 km of 20 minuten rijden ten westen van Plaza Mayor, het stadscentrum van Madrid. Ondanks de iets grotere afstand tot de klassieke bezoekersmagneten van de Spaanse hoofdstad is de dierentuin snel en gemakkelijk bereikbaar voor bezoekers.<\/p>\n\n\n\n<p>Bezoekers komen bijna altijd met de auto, het vliegtuig, de trein of de bus. Hoe je bij het Zoo Aquarium komt, vind je hier.&nbsp;<\/p>\n\n\n\n<iframe src=\"https:\/\/www.google.com\/maps\/embed?pb=!1m18!1m12!1m3!1d3037.995085527651!2d-3.7638037231792394!3d40.40895965611097!2m3!1f0!2f0!3f0!3m2!1i1024!2i768!4f13.1!3m3!1m2!1s0xd41880ac6b6041d%3A0x89911a7043a52183!2sZoo%20Aquarium%20de%20Madrid!5e0!3m2!1sde!2ses!4v1748468292356!5m2!1sde!2ses\" width=\"100%\" height=\"450\" style=\"border:0;\" allowfullscreen=\"\" loading=\"lazy\" referrerpolicy=\"no-referrer-when-downgrade\"><\/iframe>\n\n\n\n<p>Het exacte adres eerst: Casa de Campo, S\/N, Moncloa - Aravaca, 28011 Madrid<\/p>\n\n\n\n<p>Met het openbaar vervoer<\/p>\n\n\n\n<p><strong>\ud83d\ude87<\/strong> Met de metro: De metro is snel, veilig en gemakkelijk. Lijnen 10 en 5 stoppen na een rit van 10 tot 15 minuten bij het station \"Casa de Campo\", de dichtstbijzijnde halte van het Zoo Aquarium. Dan is het nog maar 10 minuten lopen en het avontuur van het Zoo Aquarium kan beginnen. Kaartjes kosten tussen \u20ac1,50 en \u20ac3,00.<\/p>\n\n\n\n<p>\u2708 Vanaf de luchthaven: Reizigers vanaf de luchthaven Madrid-Barajas nemen metrolijn 8 naar station Nuevos Ministerios en vervolgens lijn 10, zoals hierboven vermeld, voor \u20ac5,00 per kaartje. Een goedkoop alternatief voor een taxi!<\/p>\n\n\n\n<p>Met de bus: Lijn 33 brengt je vanaf het zuidwestelijke vervoersknooppunt \"Intercambiador de Principe Pio\" direct voor de ingang van de dierentuin. De bus rijdt dagelijks om de 30 minuten. De reis duurt ongeveer 30 minuten.<\/p>\n\n\n\n<p>\ud83d\ude86 Met de trein: Er gaat maar \u00e9\u00e9n trein naar station Laguna, dat op ongeveer 3 kilometer van de dierentuin ligt.<\/p>\n\n\n\n<p>\ud83c\udd7f\ufe0f Met de auto: Als je via de ringweg M30 rijdt, neem dan de A5 bij de \"Carretera de Extremadura\" en neem afslag 5A. De weg naar de dierentuin staat dan aangegeven. Als je vanuit het centrum van Madrid richting het Palacio Real de Madrid komt, kom je direct op de A5.&nbsp;<\/p>\n\n\n\n<p>De dierentuin ligt buiten het stadscentrum, dus er zijn voldoende parkeermogelijkheden.<\/p>\n\n\n\n<p>\ud83d\ude95 Met de taxi: Je kunt natuurlijk direct voor de dierentuin uitstappen. Een taxirit vanuit het centrum kost tussen de \u20ac13 en \u20ac18. Kan de moeite waard zijn voor meerdere personen!<\/p>\n\n\n\n<p>Ritten delen, zoals Uber, is ook populair in Madrid. Andere diensten zijn beschikbaar via een app.&nbsp;<\/p>\n\n\n\n<p>Opmerking: Het wordt aanbevolen om het openbaar vervoer te gebruiken om het Zoo Aquarium in Madrid te bezoeken. De reis is goedkoop, handig, veilig en er zijn zelden vertragingen bij aankomst, dus het plezier kan beginnen voor de deelnemers!<\/p>","protected":false},"excerpt":{"rendered":"<p>Der Zoo liegt etwa 8 km oder 20 Autominuten entfernt,&nbsp; westlich vom Plaza Mayor, also dem Stadtzentrum von Madrid. Trotz der etwas gr\u00f6\u00dferen Distanz von den klassischen Besuchermagneten der spanischen Hauptstadt, ist der Tierpark f\u00fcr Besucher schnell und bequem erreichbar. Besucher reisen fast immer mit dem Auto, Flugzeug,&nbsp; Zug oder Bus an. Wie es dann [&hellip;]<\/p>","protected":false},"author":1,"featured_media":0,"parent":0,"menu_order":0,"comment_status":"closed","ping_status":"closed","template":"","meta":{"saved_in_kubio":false,"footnotes":""},"class_list":["post-389","page","type-page","status-publish","hentry"],"kubio_ai_page_context":{"short_desc":"","purpose":"general"},"yoast_head":"<!-- This site is optimized with the Yoast SEO plugin v27.4 - https:\/\/yoast.com\/product\/yoast-seo-wordpress\/ -->\n<title>Anfahrt zum Zoo Aquarium Madrid<\/title>\n<meta name=\"description\" content=\"Anfahrt zum Zoo Aquarium Madrid - Mit Bus - Mit Auto - Mit \u00d6ffentlichen Verkehrsmitteln - Mit Zug - Hinweise - Parking\" \/>\n<meta name=\"robots\" content=\"index, follow, max-snippet:-1, max-image-preview:large, max-video-preview:-1\" \/>\n<link rel=\"canonical\" href=\"https:\/\/madridanimalpark.com\/nl\/routebeschrijving\/\" \/>\n<meta property=\"og:locale\" content=\"nl_NL\" \/>\n<meta property=\"og:type\" content=\"article\" \/>\n<meta property=\"og:title\" content=\"Anfahrt zum Zoo Aquarium Madrid\" \/>\n<meta property=\"og:description\" content=\"Anfahrt zum Zoo Aquarium Madrid - Mit Bus - Mit Auto - Mit \u00d6ffentlichen Verkehrsmitteln - Mit Zug - Hinweise - Parking\" \/>\n<meta property=\"og:url\" content=\"https:\/\/madridanimalpark.com\/nl\/routebeschrijving\/\" \/>\n<meta property=\"og:site_name\" content=\"madridanimalpark.com\" \/>\n<meta property=\"article:modified_time\" content=\"2025-05-28T21:40:51+00:00\" \/>\n<meta name=\"twitter:card\" content=\"summary_large_image\" \/>\n<meta name=\"twitter:label1\" content=\"Geschatte leestijd\" \/>\n\t<meta name=\"twitter:data1\" content=\"3 minuten\" \/>\n<script type=\"application\/ld+json\" class=\"yoast-schema-graph\">{\"@context\":\"https:\\\/\\\/schema.org\",\"@graph\":[{\"@type\":\"WebPage\",\"@id\":\"https:\\\/\\\/madridanimalpark.com\\\/anfahrt\\\/\",\"url\":\"https:\\\/\\\/madridanimalpark.com\\\/anfahrt\\\/\",\"name\":\"Anfahrt zum Zoo Aquarium Madrid\",\"isPartOf\":{\"@id\":\"https:\\\/\\\/madridanimalpark.com\\\/#website\"},\"datePublished\":\"2025-05-28T21:38:41+00:00\",\"dateModified\":\"2025-05-28T21:40:51+00:00\",\"description\":\"Anfahrt zum Zoo Aquarium Madrid - Mit Bus - Mit Auto - Mit \u00d6ffentlichen Verkehrsmitteln - Mit Zug - Hinweise - Parking\",\"breadcrumb\":{\"@id\":\"https:\\\/\\\/madridanimalpark.com\\\/anfahrt\\\/#breadcrumb\"},\"inLanguage\":\"nl-NL\",\"potentialAction\":[{\"@type\":\"ReadAction\",\"target\":[\"https:\\\/\\\/madridanimalpark.com\\\/anfahrt\\\/\"]}]},{\"@type\":\"BreadcrumbList\",\"@id\":\"https:\\\/\\\/madridanimalpark.com\\\/anfahrt\\\/#breadcrumb\",\"itemListElement\":[{\"@type\":\"ListItem\",\"position\":1,\"name\":\"Home\",\"item\":\"https:\\\/\\\/madridanimalpark.com\\\/\"},{\"@type\":\"ListItem\",\"position\":2,\"name\":\"Anfahrt zum Zoo Aquarium Madrid\"}]},{\"@type\":\"WebSite\",\"@id\":\"https:\\\/\\\/madridanimalpark.com\\\/#website\",\"url\":\"https:\\\/\\\/madridanimalpark.com\\\/\",\"name\":\"madridanimalpark.com\",\"description\":\"Zoo Aquarium Madrid\",\"publisher\":{\"@id\":\"https:\\\/\\\/madridanimalpark.com\\\/#organization\"},\"potentialAction\":[{\"@type\":\"SearchAction\",\"target\":{\"@type\":\"EntryPoint\",\"urlTemplate\":\"https:\\\/\\\/madridanimalpark.com\\\/?s={search_term_string}\"},\"query-input\":{\"@type\":\"PropertyValueSpecification\",\"valueRequired\":true,\"valueName\":\"search_term_string\"}}],\"inLanguage\":\"nl-NL\"},{\"@type\":\"Organization\",\"@id\":\"https:\\\/\\\/madridanimalpark.com\\\/#organization\",\"name\":\"madridanimalpark.com\",\"url\":\"https:\\\/\\\/madridanimalpark.com\\\/\",\"logo\":{\"@type\":\"ImageObject\",\"inLanguage\":\"nl-NL\",\"@id\":\"https:\\\/\\\/madridanimalpark.com\\\/#\\\/schema\\\/logo\\\/image\\\/\",\"url\":\"https:\\\/\\\/madridanimalpark.com\\\/wp-content\\\/uploads\\\/2025\\\/05\\\/madridanimalparklogo.png\",\"contentUrl\":\"https:\\\/\\\/madridanimalpark.com\\\/wp-content\\\/uploads\\\/2025\\\/05\\\/madridanimalparklogo.png\",\"width\":2000,\"height\":658,\"caption\":\"madridanimalpark.com\"},\"image\":{\"@id\":\"https:\\\/\\\/madridanimalpark.com\\\/#\\\/schema\\\/logo\\\/image\\\/\"}}]}<\/script>\n<!-- \/ Yoast SEO plugin. -->","yoast_head_json":{"title":"Routebeschrijving naar Zoo Aquarium Madrid","description":"Routebeschrijving naar Zoo Aquarium Madrid - Met de bus - Met de auto - Met het openbaar vervoer - Met de trein - Tips - Parkeren","robots":{"index":"index","follow":"follow","max-snippet":"max-snippet:-1","max-image-preview":"max-image-preview:large","max-video-preview":"max-video-preview:-1"},"canonical":"https:\/\/madridanimalpark.com\/nl\/routebeschrijving\/","og_locale":"nl_NL","og_type":"article","og_title":"Anfahrt zum Zoo Aquarium Madrid","og_description":"Anfahrt zum Zoo Aquarium Madrid - Mit Bus - Mit Auto - Mit \u00d6ffentlichen Verkehrsmitteln - Mit Zug - Hinweise - Parking","og_url":"https:\/\/madridanimalpark.com\/nl\/routebeschrijving\/","og_site_name":"madridanimalpark.com","article_modified_time":"2025-05-28T21:40:51+00:00","twitter_card":"summary_large_image","twitter_misc":{"Geschatte leestijd":"3 minuten"},"schema":{"@context":"https:\/\/schema.org","@graph":[{"@type":"WebPage","@id":"https:\/\/madridanimalpark.com\/anfahrt\/","url":"https:\/\/madridanimalpark.com\/anfahrt\/","name":"Routebeschrijving naar Zoo Aquarium Madrid","isPartOf":{"@id":"https:\/\/madridanimalpark.com\/#website"},"datePublished":"2025-05-28T21:38:41+00:00","dateModified":"2025-05-28T21:40:51+00:00","description":"Routebeschrijving naar Zoo Aquarium Madrid - Met de bus - Met de auto - Met het openbaar vervoer - Met de trein - Tips - Parkeren","breadcrumb":{"@id":"https:\/\/madridanimalpark.com\/anfahrt\/#breadcrumb"},"inLanguage":"nl-NL","potentialAction":[{"@type":"ReadAction","target":["https:\/\/madridanimalpark.com\/anfahrt\/"]}]},{"@type":"BreadcrumbList","@id":"https:\/\/madridanimalpark.com\/anfahrt\/#breadcrumb","itemListElement":[{"@type":"ListItem","position":1,"name":"Home","item":"https:\/\/madridanimalpark.com\/"},{"@type":"ListItem","position":2,"name":"Anfahrt zum Zoo Aquarium Madrid"}]},{"@type":"WebSite","@id":"https:\/\/madridanimalpark.com\/#website","url":"https:\/\/madridanimalpark.com\/","name":"madridanimalpark.com","description":"Zoo Aquarium van Madrid","publisher":{"@id":"https:\/\/madridanimalpark.com\/#organization"},"potentialAction":[{"@type":"SearchAction","target":{"@type":"EntryPoint","urlTemplate":"https:\/\/madridanimalpark.com\/?s={search_term_string}"},"query-input":{"@type":"PropertyValueSpecification","valueRequired":true,"valueName":"search_term_string"}}],"inLanguage":"nl-NL"},{"@type":"Organization","@id":"https:\/\/madridanimalpark.com\/#organization","name":"madridanimalpark.com","url":"https:\/\/madridanimalpark.com\/","logo":{"@type":"ImageObject","inLanguage":"nl-NL","@id":"https:\/\/madridanimalpark.com\/#\/schema\/logo\/image\/","url":"https:\/\/madridanimalpark.com\/wp-content\/uploads\/2025\/05\/madridanimalparklogo.png","contentUrl":"https:\/\/madridanimalpark.com\/wp-content\/uploads\/2025\/05\/madridanimalparklogo.png","width":2000,"height":658,"caption":"madridanimalpark.com"},"image":{"@id":"https:\/\/madridanimalpark.com\/#\/schema\/logo\/image\/"}}]}},"_links":{"self":[{"href":"https:\/\/madridanimalpark.com\/nl\/wp-json\/wp\/v2\/pages\/389","targetHints":{"allow":["GET"]}}],"collection":[{"href":"https:\/\/madridanimalpark.com\/nl\/wp-json\/wp\/v2\/pages"}],"about":[{"href":"https:\/\/madridanimalpark.com\/nl\/wp-json\/wp\/v2\/types\/page"}],"author":[{"embeddable":true,"href":"https:\/\/madridanimalpark.com\/nl\/wp-json\/wp\/v2\/users\/1"}],"replies":[{"embeddable":true,"href":"https:\/\/madridanimalpark.com\/nl\/wp-json\/wp\/v2\/comments?post=389"}],"version-history":[{"count":2,"href":"https:\/\/madridanimalpark.com\/nl\/wp-json\/wp\/v2\/pages\/389\/revisions"}],"predecessor-version":[{"id":391,"href":"https:\/\/madridanimalpark.com\/nl\/wp-json\/wp\/v2\/pages\/389\/revisions\/391"}],"wp:attachment":[{"href":"https:\/\/madridanimalpark.com\/nl\/wp-json\/wp\/v2\/media?parent=389"}],"curies":[{"name":"wp","href":"https:\/\/api.w.org\/{rel}","templated":true}]}}