{"id":286,"date":"2025-05-26T21:18:00","date_gmt":"2025-05-26T21:18:00","guid":{"rendered":"https:\/\/madridanimalpark.com\/?page_id=286"},"modified":"2025-08-11T09:58:02","modified_gmt":"2025-08-11T09:58:02","slug":"familjer","status":"publish","type":"page","link":"https:\/\/madridanimalpark.com\/sv\/familjer\/","title":{"rendered":"Zoo Aquarium Madrid: en dagsutflykt f\u00f6r familjer"},"content":{"rendered":"<p>Madrids zoo och akvarium t\u00e4cker ett omr\u00e5de p\u00e5 mer \u00e4n 20 hektar och erbjuder intressanta och sp\u00e4nnande upplevelser f\u00f6r bes\u00f6kare i alla \u00e5ldrar. Detta utflyktsm\u00e5l ligger i hj\u00e4rtat av stadsparken Casa de Campo och \u00e4r inte bara v\u00e4rt att se f\u00f6r lokalbefolkningen, utan kan ocks\u00e5 gl\u00e4dja m\u00e5nga semesterfirare. Anl\u00e4ggningen \u00e4r dock inte bara en plats d\u00e4r bes\u00f6karna kan beundra de inhemska och exotiska djuren, eftersom zooteamet inte bara vill driva en fritidsanl\u00e4ggning utan ocks\u00e5 ge intressanta fakta om de olika arterna och ge bes\u00f6karna en f\u00f6rst\u00e5else f\u00f6r hur viktigt det \u00e4r med natur- och djurskydd.<\/p>\n\n\n\n<p>D\u00e4rf\u00f6r kombineras gammal kunskap med de senaste vetenskapliga r\u00f6nen och teknikerna f\u00f6r att ge djuren ett artanpassat hem och f\u00f6r att bevara de utrotningshotade arterna.<\/p>\n\n\n\n<p>Teamet p\u00e5 akvariet och djurparken f\u00f6rs\u00f6ker erbjuda djuren i vattnet och p\u00e5 land en s\u00e5 naturlig milj\u00f6 som m\u00f6jligt, som i s\u00e5 stor utstr\u00e4ckning som m\u00f6jligt \u00e4r utformad efter djurparkens inv\u00e5nares naturliga livsmilj\u00f6er. Detta \u00e4r mycket l\u00e4rorikt f\u00f6r de yngsta bes\u00f6karna, som kan f\u00f6rdjupa sig i olika l\u00e4nder och se djuren i deras individuella livsmilj\u00f6er.<\/p>\n\n\n\n<h2 class=\"wp-block-heading\">Kanske f\u00f6r ett speciellt tillf\u00e4lle?<\/h2>\n\n\n\n<p>Oavsett om du bor i Madrid eller reser till den spanska metropolen \u00e4r ett bes\u00f6k p\u00e5 Madrids zoo och akvarium alltid att rekommendera. N\u00e4r man reser p\u00e5 semester b\u00f6r man aldrig gl\u00f6mma bort barnens behov, utan ocks\u00e5 boka aktiviteter som passar deras intressen. En resa till djurparken \u00e4r alltid en stor upplevelse, s\u00e4rskilt om du kan tillbringa en mycket speciell dag d\u00e4r. Till exempel erbjuder djurparken m\u00f6jlighet att fira en f\u00f6delsedag n\u00e4ra djuren.<\/p>\n\n\n<div class=\"wp-block-image\">\n<figure class=\"aligncenter size-large\"><img loading=\"lazy\" decoding=\"async\" width=\"1024\" height=\"682\" src=\"https:\/\/madridanimalpark.com\/wp-content\/uploads\/2025\/05\/baby-snow-leopard-8132690_1280-1024x682.jpg\" alt=\"\" class=\"wp-image-275\" srcset=\"https:\/\/madridanimalpark.com\/wp-content\/uploads\/2025\/05\/baby-snow-leopard-8132690_1280-1024x682.jpg 1024w, https:\/\/madridanimalpark.com\/wp-content\/uploads\/2025\/05\/baby-snow-leopard-8132690_1280-300x200.jpg 300w, https:\/\/madridanimalpark.com\/wp-content\/uploads\/2025\/05\/baby-snow-leopard-8132690_1280-768x512.jpg 768w, https:\/\/madridanimalpark.com\/wp-content\/uploads\/2025\/05\/baby-snow-leopard-8132690_1280.jpg 1280w\" sizes=\"(max-width: 1024px) 100vw, 1024px\" \/><\/figure><\/div>\n\n\n<p>F\u00f6delsedagsbarnen kan fira sin Panda Special Day under djurparkens \u00f6ppettider och uppleva n\u00e5gra of\u00f6rgl\u00f6mliga timmar h\u00e4r. En erfaren guide f\u00f6ljer med barnen genom djurparken, visar gruppens specialfunktioner och svarar p\u00e5 fr\u00e5gor. Naturligtvis finns det n\u00e5got att \u00e4ta och fira tillsammans efter rundturen.<\/p>\n\n\n\n<p>Inte bara f\u00f6delsedagar, utan \u00e4ven andra tillf\u00e4llen kan firas i denna speciella milj\u00f6. En \u00e5rsdag eller n\u00e5got annat tillf\u00e4lle \u00e4r ocks\u00e5 ett utm\u00e4rkt tillf\u00e4lle att bes\u00f6ka djurparken och akvariet i vackra Madrid och uppleva en h\u00e4ndelserik och l\u00e4rorik dag.<\/p>\n\n\n\n<h2 class=\"wp-block-heading\">Restauranger f\u00f6r barn p\u00e5 Zoo Aquarium Madrid<\/h2>\n\n\n\n<p>Ett bes\u00f6k p\u00e5 djurparken \u00e4r alltid en sp\u00e4nnande upplevelse f\u00f6r barnen som \u00e4r b\u00e5de l\u00e4rorik och rolig. Men en s\u00e5dan sp\u00e4nnande dag p\u00e5 zoo g\u00f6r ocks\u00e5 att man blir hungrig. F\u00f6r att ingen ska beh\u00f6va g\u00e5 hem med kurrande mage erbjuder Madrid Zoo and Aquarium \u00e4ven en varierad meny i restaurangen.<\/p>\n\n\n\n<p>Om du inte vill avbryta din upplevelse utan bara vill ha ett litet mellanm\u00e5l, hittar du ett urval av sm\u00e5r\u00e4tter som sm\u00f6rg\u00e5sar, hamburgare, sallader och s\u00f6tsaker i b\u00e5de Aquarium Kiosk och Australia Kiosk. Du kan ta en kort paus i Serengueti Cafeteria, som ligger n\u00e4ra pandah\u00e4gnet. H\u00e4r kan du njuta av pasta, f\u00e4rska sallader eller hamburgare och sandwhiches.<\/p>\n\n\n\n<p>Om du vill avsluta dagen p\u00e5 djurparken i en speciell atmosf\u00e4r eller ta en paus kan du njuta av kulinariska l\u00e4ckerheter p\u00e5 Kibanda Restaurant eller Bagaray Restaurant. H\u00e4r erbjuds glutenfria eller veganska r\u00e4tter, och f\u00e4rsk fisk finns ocks\u00e5 p\u00e5 menyn. Barnmenyer och s\u00f6ta godsaker finns ocks\u00e5 i en atmosf\u00e4risk milj\u00f6.<\/p>\n\n\n\n<h2 class=\"wp-block-heading\">En fritidspark i grannskapet<\/h2>\n\n\n\n<p>Zoo och akvarium i Madrid \u00e4r en n\u00f6jespark som \u00e4r perfekt f\u00f6r en dagsutflykt tack vare sitt centrala l\u00e4ge i Casa de Compo-parken. Den popul\u00e4ra stadsparken \u00e4r inte bara ett avkopplande gr\u00f6nomr\u00e5de mitt i den livliga spanska stadsk\u00e4rnan, den \u00e4r ocks\u00e5 k\u00e4nd f\u00f6r sina m\u00e5nga attraktioner, som inte bara \u00e4r popul\u00e4ra bland lokalbefolkningen.<\/p>\n\n\n\n\n\n<p>I Casa de Compo finns f\u00f6rutom zoo och akvarium \u00e4ven en n\u00f6jespark, som s\u00e4rskilt lockar barnfamiljer. Men sj\u00f6n \u00e4r ocks\u00e5 ett popul\u00e4rt utflyktsm\u00e5l f\u00f6r Madridborna och m\u00e5nga turister som vill ta en paus i Madrids gr\u00f6na ekosystem efter en sp\u00e4nnande dag i staden.<\/p>\n\n\n\n<p>Ett bes\u00f6k p\u00e5 Casa di Compo-komplexet \u00e4r en viktig del av varje vistelse i Madrid, eftersom det \u00e4r v\u00e4rd f\u00f6r ett brett utbud av kulturella evenemang och det \u00e4r ocks\u00e5 ett bra st\u00e4lle f\u00f6r sportentusiaster att njuta av en morgonl\u00f6pning genom parken. Anl\u00e4ggningen med sin djurpark, sitt akvarium och den n\u00e4rbel\u00e4gna fritidsparken \u00e4r ett perfekt resm\u00e5l f\u00f6r familjer.<\/p>\n\n\n\n<h2 class=\"wp-block-heading\">Aktiviteter f\u00f6r barn p\u00e5 Madrids zoo<\/h2>\n\n\n\n<p>Att se djuren i deras naturliga milj\u00f6 \u00e4r j\u00e4ttekul f\u00f6r barn, vilket inte bara \u00e4r underh\u00e5llande utan ocks\u00e5 kan vara l\u00e4rorikt f\u00f6r de sm\u00e5. F\u00f6r att perfekt kombinera kunskap och n\u00f6je erbjuder djurparken i Madrid ett brett utbud av alternativ. Djuren \u00e4r indelade i fem zoner som motsvarar kontinenterna. F\u00f6rutom exotiska djur som pandafamiljen, giraffer, zebror och gorillor kan barnen ocks\u00e5 komma n\u00e4ra de inhemska djuren. Getter och \u00e5snor \u00e4r n\u00e5gra av de djur som kan bes\u00f6kas p\u00e5 den lilla g\u00e5rden.<\/p>\n\n\n<div class=\"wp-block-image\">\n<figure class=\"aligncenter size-large\"><img loading=\"lazy\" decoding=\"async\" width=\"1024\" height=\"682\" src=\"https:\/\/madridanimalpark.com\/wp-content\/uploads\/2025\/05\/zoomadrid05-1-1024x682.jpg\" alt=\"\" class=\"wp-image-271\" srcset=\"https:\/\/madridanimalpark.com\/wp-content\/uploads\/2025\/05\/zoomadrid05-1-1024x682.jpg 1024w, https:\/\/madridanimalpark.com\/wp-content\/uploads\/2025\/05\/zoomadrid05-1-300x200.jpg 300w, https:\/\/madridanimalpark.com\/wp-content\/uploads\/2025\/05\/zoomadrid05-1-768x512.jpg 768w, https:\/\/madridanimalpark.com\/wp-content\/uploads\/2025\/05\/zoomadrid05-1.jpg 1280w\" sizes=\"(max-width: 1024px) 100vw, 1024px\" \/><\/figure><\/div>\n\n\n<p>Den afrikanska zonen kan bes\u00f6kas p\u00e5 Zoo Express. Fr\u00e5n t\u00e5get kan man se lejon, elefanter och zebror. Du kan l\u00e4ra dig intressanta fakta om djuren, b\u00e5de sj\u00f6lejonen och de exotiska f\u00e5glarna. En s\u00e4rskild h\u00f6jdpunkt \u00e4r 360-graders\u00e4ventyret, d\u00e4r du kan f\u00f6rdjupa dig i djurens v\u00e4rld tack vare immersiv teknik. S\u00e5 n\u00e4ra gorillor eller hajar kommer du inte s\u00e5 snabbt igen. Det finns alltid nya och sp\u00e4nnande aktiviteter att uppleva p\u00e5 Madrid Zoo.<\/p>\n\n\n\n<h2 class=\"wp-block-heading\">Onlinebiljetter och enkel \u00e5tkomst \/ Inga k\u00f6er<\/h2>\n\n\n\n<p>Djurparken och det vackra akvariet i centrala Madrid \u00e4r ett popul\u00e4rt utflyktsm\u00e5l f\u00f6r m\u00e5nga lokala familjer och naturligtvis \u00e4ven f\u00f6r turister med sm\u00e5 barn. Det \u00e4r inte ovanligt med l\u00e5nga k\u00f6er vid biljettkassan, s\u00e4rskilt p\u00e5 helger och helgdagar. Det \u00e4r d\u00e4rf\u00f6r l\u00e4mpligt att k\u00f6pa biljetter i f\u00f6rv\u00e4g s\u00e5 att du kan planera din tid b\u00e4ttre och anv\u00e4nda den effektivt. Med de daterade biljetterna kan du sedan g\u00e5 direkt till djurparken och akvariet och njuta av en avslappnad dag h\u00e4r utan att beh\u00f6va v\u00e4nta i k\u00f6 och f\u00f6rdjupa dig i den unika djurv\u00e4rlden med exotiska och inhemska djur.<\/p>\n\n\n<center><div data-tiqets-widget=\"availability\" data-layout=\"full\" data-orientation=\"horizontal\" data-product-id=\"974821\" data-partner=\"madridanimalpark\"><\/div><script defer src=\"https:\/\/widgets.tiqets.com\/loader.js\"><\/script><\/center>\n\n\n<p>Djurparken erbjuder bes\u00f6karna m\u00f6jlighet att boka biljetter till ett bes\u00f6k online. Det sparar inte bara tid, utan \u00e4r ofta billigare \u00e4n att k\u00f6pa biljetter p\u00e5 plats. Ju tidigare du k\u00f6per dina biljetter online, desto billigare blir ditt bes\u00f6k. Barn under 3 \u00e5r beh\u00f6ver inte betala intr\u00e4de.<\/p>\n\n\n\n<h2 class=\"wp-block-heading\">Resa med barn<\/h2>\n\n\n\n<p>Casa de Campo \u00e4r ett m\u00e5ngsidigt naturparadis med ett brett utbud av fritidsaktiviteter mitt i den spanska metropolen. Det finns olika s\u00e4tt att g\u00f6ra resan till djurparken i Madrid med barn till en trevlig upplevelse. Du kan till exempel resa med bil, buss, tunnelbana eller till och med med cykel.<\/p>\n\n\n<iframe src=\"https:\/\/www.google.com\/maps\/embed?pb=!1m18!1m12!1m3!1d3037.995085533026!2d-3.76380908761245!3d40.40895965599191!2m3!1f0!2f0!3f0!3m2!1i1024!2i768!4f13.1!3m3!1m2!1s0xd41880ac6b6041d%3A0x89911a7043a52183!2sZoo%20Aquarium%20de%20Madrid!5e0!3m2!1sde!2ses!4v1748344943413!5m2!1sde!2ses\" width=\"100%\" height=\"450\" style=\"border:0;\" allowfullscreen=\"\" loading=\"lazy\" referrerpolicy=\"no-referrer-when-downgrade\"><\/iframe>\n\n\n<p>Djurparken kan n\u00e5s snabbt och enkelt fr\u00e5n centrala Madrid via M-30, Carretera de Extremadura (A-5\/N-V). Det finns flera parkeringsplatser direkt vid djurparken. \u00c4nnu enklare \u00e4r det att ta sig dit med tunnelbanan, vilket \u00e4r ett \u00e4ventyr i sig f\u00f6r m\u00e5nga barn. Det finns en tunnelbanestation vid ing\u00e5ngen till Casa de Campo. En buss stannar ocks\u00e5 vid denna livliga park. Fr\u00e5n Madrid kan man bekv\u00e4mt ta linje 33 till parkens entr\u00e9 och promenera de f\u00e5 metrarna till djurparken och akvariet. \u00c4ven om det \u00e4r enkelt att resa med bil och det finns parkeringsplatser rekommenderar djurparksteamet att man reser med kollektivtrafik, eftersom det \u00e4r enklare och b\u00e4ttre f\u00f6r milj\u00f6n.<\/p>\n\n\n\n<h2 class=\"wp-block-heading\">En trevlig stund f\u00f6r hela familjen \/ N\u00e5got annorlunda \u00e4n kultur<\/h2>\n\n\n\n<p>Madrid erbjuder m\u00e5nga intressanta och varierande attraktioner som g\u00f6r en vistelse i staden s\u00e5 varierad. Kulturella aktiviteter kan dock snabbt bli tr\u00e5kiga f\u00f6r barn, eftersom de har andra intressen \u00e4n sina f\u00f6r\u00e4ldrar. S\u00e5 varf\u00f6r inte planera en intressant resa till Madrid Zoo, d\u00e4r alla i familjen kommer att f\u00e5 valuta f\u00f6r pengarna.<\/p>\n\n\n\n<p>Barnfamiljer kan f\u00e5 en underbar upplevelse p\u00e5 Madrid Zoo and Aquarium och uppleva of\u00f6rgl\u00f6mliga stunder h\u00e4r. Det \u00e4r inte bara kontakten med djur som elefanter, koalabj\u00f6rnar, giraffer och lejon som \u00e4r sp\u00e4nnande f\u00f6r m\u00e5nga barn, utan \u00e4ven de pedagogiska attraktionerna som den virtuella upplevelsen g\u00f6r ett bes\u00f6k p\u00e5 denna djurpark komplett. H\u00e4r kan man uppleva djuren i en milj\u00f6 som \u00e4r modellerad efter deras naturliga habitat. Bes\u00f6karna f\u00f6rdjupar sig inte bara i europeiska livsmilj\u00f6er, utan upplever ocks\u00e5 Afrika, Oceanien och Asien p\u00e5 n\u00e4ra h\u00e5ll.<\/p>\n\n\n\n<p>F\u00f6r barn \u00e4r det ett unikt \u00e4ventyr att utforska och observera dessa v\u00e4rldar och djuren. Den varierade v\u00e4rlden i den spanska djurparken utlovar en fantastisk upplevelse f\u00f6r hela familjen.<\/p>\n\n\n\n<h2 class=\"wp-block-heading\">S\u00e4kerhet utformad f\u00f6r familjer<\/h2>\n\n\n\n<p>Inte bara sp\u00e4nning och skoj, utan framf\u00f6r allt s\u00e4kerhet \u00e4r vad resen\u00e4rerna vill ha n\u00e4r de \u00e5ker p\u00e5 utflykt med sina barn. \u00c4ven p\u00e5 Madrid Zoo \u00e4r s\u00e4kerheten viktig f\u00f6r att kunna erbjuda bes\u00f6karna en upplevelse ut\u00f6ver det vanliga. P\u00e5 s\u00e5 s\u00e4tt s\u00e4kerst\u00e4lls att alla bes\u00f6kare, liksom djuren, f\u00e5r en underbar tid p\u00e5 djurparken och kan koppla av och njuta av sina \u00e4ventyr.<\/p>\n\n\n\n<p>F\u00f6r att g\u00e4sterna alltid ska hitta till r\u00e4tt st\u00e4lle \u00e4r stigarna i den stora djurparken v\u00e4l skyltade. S\u00e4kerhetsanvisningarna vid inh\u00e4gnaderna \u00e4r skyltade p\u00e5 flera spr\u00e5k. Det finns gott om personal p\u00e5 plats som kan svara p\u00e5 fr\u00e5gor eller hj\u00e4lpa till vid problem. Djurens s\u00e4kerhet \u00e4r ocks\u00e5 en viktig faktor p\u00e5 djurparken. F\u00f6r att bevara m\u00e5ngfalden av arter deltar djurparken i olika program, t.ex. skyddsprogram eller artbevarandeprogram.<\/p>\n\n\n\n<p>Djuren som bor h\u00e4r h\u00e5lls i milj\u00f6er som \u00e4r utformade efter deras naturliga milj\u00f6. Tillr\u00e4ckligt med utrymme s\u00e4kerst\u00e4ller att djuren trivs och kan reproducera sig f\u00f6r att kunna rehabilitera utrotningshotade arter. Att skydda djurparkens inv\u00e5nare \u00e4r av stor vikt f\u00f6r operat\u00f6rerna, s\u00e5 att bes\u00f6karna ocks\u00e5 inser att djuren kan leva p\u00e5 ett artanpassat s\u00e4tt.<\/p>\n\n\n\n<h2 class=\"wp-block-heading\">Slutsats<\/h2>\n\n\n\n<p>Madrid \u00e4r en extraordin\u00e4r stad som har mycket att erbjuda. Om du reser med dina barn vill du ocks\u00e5 erbjuda dem of\u00f6rgl\u00f6mliga stunder som ger dem mycket roligt. Madrids zoo och akvarium erbjuder en sp\u00e4nnande utflykt som inte bara \u00e4r rolig f\u00f6r barnen utan ocks\u00e5 ger nya insikter.<\/p>\n\n\n\n\n\n<p>Ett bes\u00f6k p\u00e5 djurparken \u00e4r en utm\u00e4rkt utflykt f\u00f6r stadens bes\u00f6kare. Djurparken ligger cirka en timme fr\u00e5n metropolen i det m\u00e5ngsidiga Casa de Campo och t\u00e4cker 20 hektar och ger bes\u00f6karna m\u00f6jlighet att f\u00f6rdjupa sig i olika v\u00e4rldar. Oavsett om det \u00e4r i Asien, Afrika eller till och med Oceanien kan b\u00e5de unga och gamla uppt\u00e4cka och observera djur i deras naturliga milj\u00f6. Det finns ocks\u00e5 massor av intressant information om de olika djurarterna, som presenteras p\u00e5 ett sp\u00e4nnande och intressant s\u00e4tt, s\u00e5 att en resa till djurparken ocks\u00e5 ger ny kunskap.<\/p>\n\n\n\n<p>F\u00f6r barnfamiljer, men \u00e4ven f\u00f6r vuxna bes\u00f6kare som har en passion f\u00f6r djur, \u00e4r ett bes\u00f6k p\u00e5 Madrid Zoo alltid att rekommendera. Vackra foton ser till att du inte gl\u00f6mmer din vistelse med djuren i br\u00e5drasket.&nbsp;&nbsp;&nbsp;&nbsp;&nbsp;&nbsp;&nbsp;&nbsp;&nbsp;&nbsp;&nbsp;&nbsp;&nbsp;<\/p>","protected":false},"excerpt":{"rendered":"<p>Auf einem Gel\u00e4nde von mehr als 20 Hektar bietet der Zoo und Aquarium in Madrid interessante und spannende Erlebnisse f\u00fcr gro\u00dfe und kleine Besucher. Im Herzen des Stadtparks Casa de Campo befindet sich dieses Ausflugsziel, dass nicht nur f\u00fcr Einheimische sehenswert ist, sondern auch viele Urlauber begeistern kann. Die Einrichtung ist allerdings nicht nur ein [&hellip;]<\/p>","protected":false},"author":1,"featured_media":267,"parent":0,"menu_order":0,"comment_status":"closed","ping_status":"closed","template":"","meta":{"saved_in_kubio":true,"footnotes":""},"class_list":["post-286","page","type-page","status-publish","has-post-thumbnail","hentry"],"kubio_ai_page_context":{"short_desc":"","purpose":"general"},"yoast_head":"<!-- This site is optimized with the Yoast SEO plugin v27.4 - https:\/\/yoast.com\/product\/yoast-seo-wordpress\/ -->\n<title>Der Zoo Aquarium in Madrid - Ausflug f\u00fcr Familien<\/title>\n<meta name=\"description\" content=\"Ein gro\u00dfartiges Erlebnis f\u00fcr Kinder - Restaurants f\u00fcr Kinder - Streichelzoo - Aquarium - Aktivit\u00e4ten f\u00fcr Kinder - Tipps - Infos\" \/>\n<meta name=\"robots\" content=\"index, follow, max-snippet:-1, max-image-preview:large, max-video-preview:-1\" \/>\n<link rel=\"canonical\" href=\"https:\/\/madridanimalpark.com\/sv\/familjer\/\" \/>\n<meta property=\"og:locale\" content=\"sv_SE\" \/>\n<meta property=\"og:type\" content=\"article\" \/>\n<meta property=\"og:title\" content=\"Der Zoo Aquarium in Madrid - Ausflug f\u00fcr Familien\" \/>\n<meta property=\"og:description\" content=\"Ein gro\u00dfartiges Erlebnis f\u00fcr Kinder - Restaurants f\u00fcr Kinder - Streichelzoo - Aquarium - Aktivit\u00e4ten f\u00fcr Kinder - Tipps - Infos\" \/>\n<meta property=\"og:url\" content=\"https:\/\/madridanimalpark.com\/sv\/familjer\/\" \/>\n<meta property=\"og:site_name\" content=\"madridanimalpark.com\" \/>\n<meta property=\"article:modified_time\" content=\"2025-08-11T09:58:02+00:00\" \/>\n<meta property=\"og:image\" content=\"https:\/\/madridanimalpark.com\/wp-content\/uploads\/2025\/05\/zoomadrid01-1.jpg\" \/>\n\t<meta property=\"og:image:width\" content=\"1280\" \/>\n\t<meta property=\"og:image:height\" content=\"853\" \/>\n\t<meta property=\"og:image:type\" content=\"image\/jpeg\" \/>\n<meta name=\"twitter:card\" content=\"summary_large_image\" \/>\n<meta name=\"twitter:label1\" content=\"Ber\u00e4knad l\u00e4stid\" \/>\n\t<meta name=\"twitter:data1\" content=\"1 minut\" \/>\n<script type=\"application\/ld+json\" class=\"yoast-schema-graph\">{\"@context\":\"https:\\\/\\\/schema.org\",\"@graph\":[{\"@type\":\"WebPage\",\"@id\":\"https:\\\/\\\/madridanimalpark.com\\\/familien\\\/\",\"url\":\"https:\\\/\\\/madridanimalpark.com\\\/familien\\\/\",\"name\":\"Der Zoo Aquarium in Madrid - Ausflug f\u00fcr Familien\",\"isPartOf\":{\"@id\":\"https:\\\/\\\/madridanimalpark.com\\\/#website\"},\"primaryImageOfPage\":{\"@id\":\"https:\\\/\\\/madridanimalpark.com\\\/familien\\\/#primaryimage\"},\"image\":{\"@id\":\"https:\\\/\\\/madridanimalpark.com\\\/familien\\\/#primaryimage\"},\"thumbnailUrl\":\"https:\\\/\\\/madridanimalpark.com\\\/wp-content\\\/uploads\\\/2025\\\/05\\\/zoomadrid01-1.jpg\",\"datePublished\":\"2025-05-26T21:18:00+00:00\",\"dateModified\":\"2025-08-11T09:58:02+00:00\",\"description\":\"Ein gro\u00dfartiges Erlebnis f\u00fcr Kinder - Restaurants f\u00fcr Kinder - Streichelzoo - Aquarium - Aktivit\u00e4ten f\u00fcr Kinder - Tipps - Infos\",\"breadcrumb\":{\"@id\":\"https:\\\/\\\/madridanimalpark.com\\\/familien\\\/#breadcrumb\"},\"inLanguage\":\"sv-SE\",\"potentialAction\":[{\"@type\":\"ReadAction\",\"target\":[\"https:\\\/\\\/madridanimalpark.com\\\/familien\\\/\"]}]},{\"@type\":\"ImageObject\",\"inLanguage\":\"sv-SE\",\"@id\":\"https:\\\/\\\/madridanimalpark.com\\\/familien\\\/#primaryimage\",\"url\":\"https:\\\/\\\/madridanimalpark.com\\\/wp-content\\\/uploads\\\/2025\\\/05\\\/zoomadrid01-1.jpg\",\"contentUrl\":\"https:\\\/\\\/madridanimalpark.com\\\/wp-content\\\/uploads\\\/2025\\\/05\\\/zoomadrid01-1.jpg\",\"width\":1280,\"height\":853},{\"@type\":\"BreadcrumbList\",\"@id\":\"https:\\\/\\\/madridanimalpark.com\\\/familien\\\/#breadcrumb\",\"itemListElement\":[{\"@type\":\"ListItem\",\"position\":1,\"name\":\"Home\",\"item\":\"https:\\\/\\\/madridanimalpark.com\\\/\"},{\"@type\":\"ListItem\",\"position\":2,\"name\":\"Zoo Aquarium Madrid: Ausflug f\u00fcr Familien\"}]},{\"@type\":\"WebSite\",\"@id\":\"https:\\\/\\\/madridanimalpark.com\\\/#website\",\"url\":\"https:\\\/\\\/madridanimalpark.com\\\/\",\"name\":\"madridanimalpark.com\",\"description\":\"Zoo Aquarium Madrid\",\"publisher\":{\"@id\":\"https:\\\/\\\/madridanimalpark.com\\\/#organization\"},\"potentialAction\":[{\"@type\":\"SearchAction\",\"target\":{\"@type\":\"EntryPoint\",\"urlTemplate\":\"https:\\\/\\\/madridanimalpark.com\\\/?s={search_term_string}\"},\"query-input\":{\"@type\":\"PropertyValueSpecification\",\"valueRequired\":true,\"valueName\":\"search_term_string\"}}],\"inLanguage\":\"sv-SE\"},{\"@type\":\"Organization\",\"@id\":\"https:\\\/\\\/madridanimalpark.com\\\/#organization\",\"name\":\"madridanimalpark.com\",\"url\":\"https:\\\/\\\/madridanimalpark.com\\\/\",\"logo\":{\"@type\":\"ImageObject\",\"inLanguage\":\"sv-SE\",\"@id\":\"https:\\\/\\\/madridanimalpark.com\\\/#\\\/schema\\\/logo\\\/image\\\/\",\"url\":\"https:\\\/\\\/madridanimalpark.com\\\/wp-content\\\/uploads\\\/2025\\\/05\\\/madridanimalparklogo.png\",\"contentUrl\":\"https:\\\/\\\/madridanimalpark.com\\\/wp-content\\\/uploads\\\/2025\\\/05\\\/madridanimalparklogo.png\",\"width\":2000,\"height\":658,\"caption\":\"madridanimalpark.com\"},\"image\":{\"@id\":\"https:\\\/\\\/madridanimalpark.com\\\/#\\\/schema\\\/logo\\\/image\\\/\"}}]}<\/script>\n<!-- \/ Yoast SEO plugin. -->","yoast_head_json":{"title":"Aquarium Zoo i Madrid - en dagsutflykt f\u00f6r familjer","description":"En stor upplevelse f\u00f6r barn - Restauranger f\u00f6r barn - Djurpark - Akvarium - Aktiviteter f\u00f6r barn - Tips - Info","robots":{"index":"index","follow":"follow","max-snippet":"max-snippet:-1","max-image-preview":"max-image-preview:large","max-video-preview":"max-video-preview:-1"},"canonical":"https:\/\/madridanimalpark.com\/sv\/familjer\/","og_locale":"sv_SE","og_type":"article","og_title":"Der Zoo Aquarium in Madrid - Ausflug f\u00fcr Familien","og_description":"Ein gro\u00dfartiges Erlebnis f\u00fcr Kinder - Restaurants f\u00fcr Kinder - Streichelzoo - Aquarium - Aktivit\u00e4ten f\u00fcr Kinder - Tipps - Infos","og_url":"https:\/\/madridanimalpark.com\/sv\/familjer\/","og_site_name":"madridanimalpark.com","article_modified_time":"2025-08-11T09:58:02+00:00","og_image":[{"width":1280,"height":853,"url":"https:\/\/madridanimalpark.com\/wp-content\/uploads\/2025\/05\/zoomadrid01-1.jpg","type":"image\/jpeg"}],"twitter_card":"summary_large_image","twitter_misc":{"Ber\u00e4knad l\u00e4stid":"1 minut"},"schema":{"@context":"https:\/\/schema.org","@graph":[{"@type":"WebPage","@id":"https:\/\/madridanimalpark.com\/familien\/","url":"https:\/\/madridanimalpark.com\/familien\/","name":"Aquarium Zoo i Madrid - en dagsutflykt f\u00f6r familjer","isPartOf":{"@id":"https:\/\/madridanimalpark.com\/#website"},"primaryImageOfPage":{"@id":"https:\/\/madridanimalpark.com\/familien\/#primaryimage"},"image":{"@id":"https:\/\/madridanimalpark.com\/familien\/#primaryimage"},"thumbnailUrl":"https:\/\/madridanimalpark.com\/wp-content\/uploads\/2025\/05\/zoomadrid01-1.jpg","datePublished":"2025-05-26T21:18:00+00:00","dateModified":"2025-08-11T09:58:02+00:00","description":"En stor upplevelse f\u00f6r barn - Restauranger f\u00f6r barn - Djurpark - Akvarium - Aktiviteter f\u00f6r barn - Tips - Info","breadcrumb":{"@id":"https:\/\/madridanimalpark.com\/familien\/#breadcrumb"},"inLanguage":"sv-SE","potentialAction":[{"@type":"ReadAction","target":["https:\/\/madridanimalpark.com\/familien\/"]}]},{"@type":"ImageObject","inLanguage":"sv-SE","@id":"https:\/\/madridanimalpark.com\/familien\/#primaryimage","url":"https:\/\/madridanimalpark.com\/wp-content\/uploads\/2025\/05\/zoomadrid01-1.jpg","contentUrl":"https:\/\/madridanimalpark.com\/wp-content\/uploads\/2025\/05\/zoomadrid01-1.jpg","width":1280,"height":853},{"@type":"BreadcrumbList","@id":"https:\/\/madridanimalpark.com\/familien\/#breadcrumb","itemListElement":[{"@type":"ListItem","position":1,"name":"Home","item":"https:\/\/madridanimalpark.com\/"},{"@type":"ListItem","position":2,"name":"Zoo Aquarium Madrid: Ausflug f\u00fcr Familien"}]},{"@type":"WebSite","@id":"https:\/\/madridanimalpark.com\/#website","url":"https:\/\/madridanimalpark.com\/","name":"madridanimalpark.com","description":"Zoo Akvarium Madrid","publisher":{"@id":"https:\/\/madridanimalpark.com\/#organization"},"potentialAction":[{"@type":"SearchAction","target":{"@type":"EntryPoint","urlTemplate":"https:\/\/madridanimalpark.com\/?s={search_term_string}"},"query-input":{"@type":"PropertyValueSpecification","valueRequired":true,"valueName":"search_term_string"}}],"inLanguage":"sv-SE"},{"@type":"Organization","@id":"https:\/\/madridanimalpark.com\/#organization","name":"madridanimalpark.com","url":"https:\/\/madridanimalpark.com\/","logo":{"@type":"ImageObject","inLanguage":"sv-SE","@id":"https:\/\/madridanimalpark.com\/#\/schema\/logo\/image\/","url":"https:\/\/madridanimalpark.com\/wp-content\/uploads\/2025\/05\/madridanimalparklogo.png","contentUrl":"https:\/\/madridanimalpark.com\/wp-content\/uploads\/2025\/05\/madridanimalparklogo.png","width":2000,"height":658,"caption":"madridanimalpark.com"},"image":{"@id":"https:\/\/madridanimalpark.com\/#\/schema\/logo\/image\/"}}]}},"_links":{"self":[{"href":"https:\/\/madridanimalpark.com\/sv\/wp-json\/wp\/v2\/pages\/286","targetHints":{"allow":["GET"]}}],"collection":[{"href":"https:\/\/madridanimalpark.com\/sv\/wp-json\/wp\/v2\/pages"}],"about":[{"href":"https:\/\/madridanimalpark.com\/sv\/wp-json\/wp\/v2\/types\/page"}],"author":[{"embeddable":true,"href":"https:\/\/madridanimalpark.com\/sv\/wp-json\/wp\/v2\/users\/1"}],"replies":[{"embeddable":true,"href":"https:\/\/madridanimalpark.com\/sv\/wp-json\/wp\/v2\/comments?post=286"}],"version-history":[{"count":6,"href":"https:\/\/madridanimalpark.com\/sv\/wp-json\/wp\/v2\/pages\/286\/revisions"}],"predecessor-version":[{"id":429,"href":"https:\/\/madridanimalpark.com\/sv\/wp-json\/wp\/v2\/pages\/286\/revisions\/429"}],"wp:featuredmedia":[{"embeddable":true,"href":"https:\/\/madridanimalpark.com\/sv\/wp-json\/wp\/v2\/media\/267"}],"wp:attachment":[{"href":"https:\/\/madridanimalpark.com\/sv\/wp-json\/wp\/v2\/media?parent=286"}],"curies":[{"name":"wp","href":"https:\/\/api.w.org\/{rel}","templated":true}]}}