{"id":306,"date":"2025-05-26T21:41:37","date_gmt":"2025-05-26T21:41:37","guid":{"rendered":"https:\/\/madridanimalpark.com\/?page_id=306"},"modified":"2025-05-27T11:31:36","modified_gmt":"2025-05-27T11:31:36","slug":"inspektion","status":"publish","type":"page","link":"https:\/\/madridanimalpark.com\/sv\/inspektion\/","title":{"rendered":"13 anledningar att bes\u00f6ka djurparken i Madrid"},"content":{"rendered":"<p>Det finns m\u00e5nga anledningar att bes\u00f6ka djurparken i Madrid. Stadslivet kan vara stressigt och du har redan sett en hel del kultur i staden. Nu kan det vara dags f\u00f6r n\u00e5got annorlunda. Dina barn kommer att tacka dig, f\u00f6r ett bes\u00f6k p\u00e5 zoo \u00e4r alltid en upplevelse som barn \u00e4lskar!<\/p>\n\n\n\n<p>L\u00e4get f\u00f6r djurparken \u00e4r perfekt, det finns mycket att uppt\u00e4cka och det \u00e4r en annorlunda utflykt. Det finns ocks\u00e5 en stor souvenirbutik om du letar efter den perfekta souveniren fr\u00e5n Madrid f\u00f6r dina barn.<\/p>\n\n\n\n<p>S\u00e5 varf\u00f6r ska du \u00e5ka till Madrid Zoo? Vad finns det att se? I den h\u00e4r artikeln hittar du alla f\u00f6rklaringar och sk\u00e4l till varf\u00f6r du inte b\u00f6r missa en fantastisk dag med dina barn.<\/p>\n\n\n\n<h2 class=\"wp-block-heading\">01 - Perfekt f\u00f6r barn<\/h2>\n\n\n\n<p>Detta \u00e4r kanske den b\u00e4sta aktiviteten f\u00f6r barn att g\u00f6ra i Madrid. Det \u00e4r en kombination av deras favoritattraktioner.<\/p>\n\n\n\n<p>Madrid Zoo: h\u00e4r hittar du alla dina favoritdjur. Nosh\u00f6rningar, pandor, apor och lejon - Madrid Zoo har dem alla!<\/p>\n\n\n\n<p>Akvarium: I de flesta st\u00e4der \u00e4r det inte n\u00f6dv\u00e4ndigt att kombinera ett bes\u00f6k p\u00e5 zoo med ett bes\u00f6k p\u00e5 akvariet. I andra st\u00e4der \u00e4r det oftast tv\u00e5 separata attraktioner. I Madrid finns det en biljett f\u00f6r b\u00e5da attraktionerna.<\/p>\n\n\n\n\n\n<p>Delfinarium: Med lite tur kan du delta i en show med delfiner. V\u00e4nligen kontrollera showtiderna i delfinariet i f\u00f6rv\u00e4g. P\u00e5 djurparkens officiella webbplats st\u00e5r det att showtiderna kan \u00e4ndras. Vi rekommenderar att du kontrollerar schemat vid entr\u00e9n till parken p\u00e5 dagen f\u00f6r ditt bes\u00f6k.<\/p>\n\n\n\n<p>Fotografering: Passa p\u00e5 att ta s\u00e5 bra bilder som m\u00f6jligt. Barnen kommer att skratta och \u00e4lska att posera n\u00e4ra djuren (r\u00f6r inte djuren).<\/p>\n\n\n\n<h2 class=\"wp-block-heading\">02 - En stunds avkoppling<\/h2>\n\n\n\n<p>Det \u00e4r alltid n\u00e5got lugnande och avkopplande med ett bes\u00f6k p\u00e5 zoo. Det finns en speciell atmosf\u00e4r som p\u00e5minner om lugnet i naturen. Du kan promenera genom parken i din egen takt, ta m\u00e5nga pauser och titta p\u00e5 de olika djuren.<\/p>\n\n\n\n<p>Det \u00e4r en stressfri zon. En plats d\u00e4r stressen i vardagen n\u00e4stan helt f\u00f6rsvinner. Att se barnen njuta av upplevelsen \u00e4r ocks\u00e5 mycket avkopplande.<\/p>\n\n\n\n<p>T\u00e4nk p\u00e5 att du f\u00e5r ett \u00e4nnu trevligare och lugnare bes\u00f6k om du bes\u00f6ker djurparken utanf\u00f6r rusningstid.<\/p>\n\n\n\n<p>Akvariet erbjuder ocks\u00e5 en avslappnad milj\u00f6. F\u00e4rgen bl\u00e5 st\u00e5r f\u00f6r lugn och rofylldhet. Att vara omgiven av fiskar och i denna bl\u00e5 milj\u00f6 ger dig mycket gl\u00e4dje och frid helt av sig sj\u00e4lvt.<\/p>\n\n\n\n<h2 class=\"wp-block-heading\">03 - En liten \u00f6verraskning eller en g\u00e5va<\/h2>\n\n\n\n<p>Kanske letar du efter en speciell present till dina barn eller till och med till dina n\u00e4ra och k\u00e4ra. Tja, du har hittat en bra id\u00e9 h\u00e4r. Ett bes\u00f6k p\u00e5 zoo kan vara en originell g\u00e5va. Varf\u00f6r \u00e4r det s\u00e5? F\u00f6r att k\u00e4rlek \u00e4r den tid du tillbringar tillsammans och de upplevelser du har med den speciella personen.<\/p>\n\n\n\n<p>Och barnen? De \u00e4lskar alltid djurparken, och i kombination med en fantastisk present fr\u00e5n souvenirbutiken i slutet av djurparken kommer de att bli \u00f6verlyckliga.<\/p>\n\n\n\n<p>Din \u00e4lskling eller din k\u00e4raste? De kommer f\u00f6rmodligen att bli glada \u00f6ver att du har t\u00e4nkt p\u00e5 en originell present s\u00e5 att ni tv\u00e5 kan tillbringa tid tillsammans!<\/p>\n\n\n\n<p>Det \u00e4r en riktig utflykt, du b\u00f6r planera 2 till 3 timmar f\u00f6r att bes\u00f6ka djurparken, som erbjuder en hel eftermiddag med kul.<\/p>\n\n\n\n<p>Du kan kombinera upplevelsen med en h\u00e4rlig picknick i parken Casa de Campo eller ett bes\u00f6k p\u00e5 en bra restaurang i slutet av dagen. Madrid har n\u00e5gra av de b\u00e4sta restaurangerna i Spanien.<\/p>\n\n\n\n<h2 class=\"wp-block-heading\">04 - En av de vackraste djurparkerna i Europa<\/h2>\n\n\n\n<p>Madrid Zoo \u00e4r en av de vackraste djurparkerna i Europa. H\u00e4r finns en m\u00e5ngsidig samling av 6000 djur och 500 arter.<\/p>\n\n\n\n<p>De flesta djurparker har inte heller n\u00e5got akvarium. L\u00e5t oss j\u00e4mf\u00f6ra det med den rivaliserande staden Barcelona, d\u00e4r djurparken och akvariet \u00e4r separata och har separata ing\u00e5ngar. I detta avseende har Madrid Zoo en betydande f\u00f6rdel.<\/p>\n\n\n\n\n\n<p>Platsen i sig \u00e4r ocks\u00e5 spektakul\u00e4r - 20 hektar i det pittoreska Casa de Campo. Picknickomr\u00e5den, trevliga grunder och n\u00e4rheten till stadens centrum \u00e4r ytterligare anledningar till att bes\u00f6ka.<\/p>\n\n\n\n<h2 class=\"wp-block-heading\">05 - M\u00e5nga djurarter<\/h2>\n\n\n\n<p>En av de b\u00e4sta anledningarna till att bes\u00f6ka Madrid Zoo \u00e4r den stora variationen av djur som du kan se d\u00e4r.<\/p>\n\n\n\n<p>Du kan se d\u00e4ggdjur och f\u00e5glar. Akvariet g\u00f6r upplevelsen \u00e4nnu h\u00e4ftigare eftersom du kan se hajar, sj\u00f6h\u00e4star, j\u00e4ttegrodor och andra havsdjur.<\/p>\n\n\n\n<p>Det finns ocks\u00e5 en del av djurparken som \u00e4r till\u00e4gnad reptiler och amfibier.<\/p>\n\n\n\n<p>Djurparken \u00e4r indelad efter ekosystem och v\u00e4rldsdelar (Afrika, Asien, Sydamerika, Nordamerika, Europa och Oceanien). Det g\u00f6r det l\u00e4tt f\u00f6r barnen att f\u00f6rst\u00e5 vilka djurarter som lever i de olika delarna av v\u00e4rlden.<\/p>\n\n\n\n<p>De m\u00e5nga olika djuren i djurparken \u00e4r mycket l\u00e4rorika f\u00f6r barn, eftersom de kan uppt\u00e4cka s\u00e5 mycket p\u00e5 kort tid och se hur stor djurv\u00e4rlden kan vara.<\/p>\n\n\n\n<p>Det finns alltid f\u00f6rklaringar till varje djurart i djurparken.<\/p>\n\n\n\n<h2 class=\"wp-block-heading\">06 - En fantastisk souvenirbutik<\/h2>\n\n\n\n<p>I slutet av ditt bes\u00f6k har du m\u00f6jlighet att k\u00f6pa n\u00e5got i Madrid Zoo souvenirbutik. Detta \u00e4r kanske en mycket b\u00e4ttre souvenir \u00e4n n\u00e5got fr\u00e5n staden Madrid, s\u00e4rskilt f\u00f6r barn.<\/p>\n\n\n\n<p>Dessa mjukisdjur har ett h\u00f6gre affektionsv\u00e4rde f\u00f6r barnen eftersom de p\u00e5minner dem om djurparken i Madrid. F\u00f6rutom mjukisdjur hittar du ocks\u00e5 T-shirts, kepsar, magneter, ryggs\u00e4ckar och m\u00e5nga andra produkter.<\/p>\n\n\n\n<p>Nallebj\u00f6rnar med djurmotiv eller personliga tillbeh\u00f6r finns ocks\u00e5 att tillg\u00e5.<\/p>\n\n\n\n<p>Naturligtvis finns det ocks\u00e5 m\u00e5nga produkter f\u00f6r vuxna. Alla produkter \u00e4r av h\u00f6g kvalitet. Sammantaget har souvenirbutiken f\u00e5tt m\u00e5nga bra recensioner<\/p>\n\n\n\n<h2 class=\"wp-block-heading\">07 - Perfekt bes\u00f6kstid<\/h2>\n\n\n\n<p>Jag skulle s\u00e4ga att detta \u00e4r mer eller mindre den perfekta l\u00e4ngden p\u00e5 ett bes\u00f6k. Det \u00e4r inte bara ett kort bes\u00f6k, utan ett helt \u00e4ventyr f\u00f6r hela familjen. Vi rekommenderar att du planerar 2 till 3 timmar bara f\u00f6r bes\u00f6ket p\u00e5 Zoo Aquarium.<\/p>\n\n\n\n<p>Detta inkluderar inte resan till djurparken, som naturligtvis beror p\u00e5 var ditt hotell ligger, eller v\u00e4ntetiden vid biljettkontoret.<\/p>\n\n\n\n<p>Det rekommenderas starkt att k\u00f6pa en biljett online f\u00f6re ankomst f\u00f6r att undvika att sl\u00f6sa on\u00f6dig tid vid entr\u00e9n. L\u00e5nga k\u00f6er \u00e4r inte ovanliga p\u00e5 helger och allm\u00e4nna helgdagar.<\/p>\n\n\n\n<p>En l\u00e5ng lunchpaus kan ocks\u00e5 f\u00f6rl\u00e4nga ditt bes\u00f6k avsev\u00e4rt. Det finns flera restauranger i parken. Dessa brukar vara tomma under veckan, men underskatta inte v\u00e4ntetiderna vid rusningstid.<\/p>\n\n\n\n<p>Sammantaget b\u00f6r du planera in en hel eftermiddag f\u00f6r ett bes\u00f6k i parken, som erbjuder en underbar upplevelse f\u00f6r hela familjen.<\/p>\n\n\n\n<p>Stressa inte genom parken, f\u00f6r du vill att familjen verkligen ska njuta av upplevelsen och att barnen ska ha en fantastisk tid p\u00e5 djurparken.<\/p>\n\n\n\n<h2 class=\"wp-block-heading\">08 - Bekv\u00e4mt l\u00e4ge<\/h2>\n\n\n\n<p>Det \u00e4r ganska l\u00e4tt att ta sig till djurparken i Madrid. Det ligger bara 6 km utanf\u00f6r stadsk\u00e4rnan.<\/p>\n\n\n<iframe src=\"https:\/\/www.google.com\/maps\/embed?pb=!1m18!1m12!1m3!1d3037.995085533026!2d-3.76380908761245!3d40.40895965599191!2m3!1f0!2f0!3f0!3m2!1i1024!2i768!4f13.1!3m3!1m2!1s0xd41880ac6b6041d%3A0x89911a7043a52183!2sZoo%20Aquarium%20de%20Madrid!5e0!3m2!1sde!2ses!4v1748345447246!5m2!1sde!2ses\" width=\"100%\" height=\"450\" style=\"border:0;\" allowfullscreen=\"\" loading=\"lazy\" referrerpolicy=\"no-referrer-when-downgrade\"><\/iframe>\n\n\n<p>&gt; Med tunnelbanan: Ta linje 10 till stationen \"Casa de Campo\". Resan tar bara 11 minuter fr\u00e5n den ber\u00f6mda Plaza Espa\u00f1a. Fr\u00e5n stationen \u00e4r det 4 minuters promenad till ing\u00e5ngen till djurparken.<\/p>\n\n\n\n<p>&gt; Med buss: Linje 33 tar dig till stationen \"Principe Pio\". Stationen ligger direkt framf\u00f6r ing\u00e5ngen till djurparken. Bussarna g\u00e5r regelbundet var 30:e minut.<\/p>\n\n\n\n<p>&gt; Med t\u00e5g: Det finns bara ett t\u00e5g som g\u00e5r till Laguna station. I s\u00e5 fall m\u00e5ste du g\u00e5 lite l\u00e4ngre, ca 10 minuter, f\u00f6r att komma till djurparken.<\/p>\n\n\n\n<p>&gt; Med bil: Eftersom djurparken ligger utanf\u00f6r stadsk\u00e4rnan finns det gott om parkeringsm\u00f6jligheter, vilket definitivt \u00e4r en f\u00f6rdel. Ta avfart 5A och f\u00f6lj sedan skyltarna till djurparken.<\/p>\n\n\n\n<p>&gt; Med taxi: Detta \u00e4r en av mina rekommendationer. Taxibilar i Madrid \u00e4r inte lika dyra som i andra nordeuropeiska l\u00e4nder. F\u00f6rdelen \u00e4r att man kan stiga av precis framf\u00f6r djurparken. En taxiresa fr\u00e5n centrum kostar mellan 13 och 18 euro, vilket \u00e4r helt okej om man reser med hela familjen.<\/p>\n\n\n\n<h2 class=\"wp-block-heading\">09 - Ett bes\u00f6k av det lite annorlunda slaget<\/h2>\n\n\n\n<p>Madrid \u00e4r Spaniens huvudstad. Det finns verkligen mycket att se, massor av sev\u00e4rdheter och museer, och bara en promenad genom staden \u00e4r en upplevelse i sig. Vilken fantastisk stad!<\/p>\n\n\n\n<p>Men barn kanske inte har lika stort intresse f\u00f6r kultur och historia.<\/p>\n\n\n\n<p>D\u00e4rf\u00f6r kan ett bes\u00f6k i djurparken piffa upp hela \u00e4ventyret och ge dig en varierad upplevelse i Madrid.<\/p>\n\n\n\n<p>Ett bes\u00f6k p\u00e5 djurparken \u00e4r ganska avkopplande och erbjuder en trevlig omv\u00e4xling fr\u00e5n det hektiska stadslivet i den spanska huvudstaden.<\/p>\n\n\n\n<p>Om du tillbringar n\u00e5gra dagar i Madrid skulle jag definitivt rekommendera att du inkluderar djurparken i din resplan f\u00f6r att uppt\u00e4cka Madrids m\u00e5nga aspekter. Kom ih\u00e5g att djurparken ocks\u00e5 \u00e4r mycket popul\u00e4r bland lokalbefolkningen!<\/p>\n\n\n\n\n\n<h2 class=\"wp-block-heading\">10 - Perfekt f\u00f6r grupper<\/h2>\n\n\n\n<p>Det \u00e4r en fantastisk upplevelse n\u00e4r man \u00e5ker med en grupp. Vad \u00e4r det b\u00e4sta med det? Djurparken \u00e4r ganska stor och det tar ungef\u00e4r tv\u00e5 till tre timmar att bes\u00f6ka den. S\u00e5 det finns olika s\u00e4tt att bes\u00f6ka djurparken i Madrid. Du kan antingen promenera genom djurparken med hela gruppen eller dela upp s\u00e5 att alla kan utforska djurparken i sin egen takt.<\/p>\n\n\n\n<p>Det kan vara sv\u00e5rt att hitta aktiviteter, biljetter och aktiviteter f\u00f6r en grupp. Men p\u00e5 djurparken l\u00f6ser sig problemet av sig sj\u00e4lvt, eftersom alla kan bes\u00f6ka djurparken i sin egen takt och m\u00f6tas tillbaka vid entr\u00e9n vid en viss tid!<\/p>\n\n\n\n<h2 class=\"wp-block-heading\">11 - Bra barer \/ restauranger i n\u00e4rheten<\/h2>\n\n\n\n<p>En viktig punkt, s\u00e4rskilt om du reser med barn. Vad g\u00f6r man n\u00e4r de \u00e4r hungriga eller beh\u00f6ver en paus? Jo, just det! Du vill att de ska njuta av bes\u00f6ket och inte vara stressade! L\u00e5t oss ta en titt p\u00e5 de olika alternativen n\u00e4r det g\u00e4ller mat!<\/p>\n\n\n\n<p>Huvudkafeterian: Restaurangen ligger n\u00e4ra huvudentr\u00e9n och \u00e4r l\u00e4tt att hitta. H\u00e4r finns ett urval av r\u00e4tter, bland annat sm\u00f6rg\u00e5sar, hamburgare, lasagne och fr\u00e4scha sallader.<\/p>\n\n\n\n<p>Bagaray Restaurant: I centrum av djurparken. F\u00f6r en avslappnad m\u00e5ltid. Naturinspirerad atmosf\u00e4r. Enkla och raffinerade r\u00e4tter.<\/p>\n\n\n\n<p>Snackst\u00e4llen och varuautomater: Spridda \u00f6ver hela parken och perfekta f\u00f6r n\u00e4r barnen vill ha n\u00e5got fr\u00e4scht!<\/p>\n\n\n\n<p>Kom ih\u00e5g att du ocks\u00e5 kan ta med egen mat, vilket kan vara mycket praktiskt f\u00f6r personer med allergier eller som beh\u00f6ver glutenfri mat.<\/p>\n\n\n\n<h2 class=\"wp-block-heading\">12 - Flexibla \u00f6ppettider<\/h2>\n\n\n\n<p>Djurparkens \u00f6ppettider kan variera under s\u00e4songen, men djurparken \u00e4r \u00f6ppen \u00e5ret runt fr\u00e5n kl. 11.00 till 18.00.<\/p>\n\n\n\n<p>Det \u00e4r perfekt och ger m\u00e5nga id\u00e9er. Vad s\u00e4gs om en god frukost i centrum runt kl. 10.00 s\u00e5 att barnen kan ladda batterierna och sedan \u00e5ka direkt till djurparken f\u00f6r maximalt n\u00f6je?<\/p>\n\n\n\n<p>Som n\u00e4mnts ovan finns det restauranger i parken om barnen fortfarande \u00e4r hungriga.<\/p>\n\n\n\n<p>Det \u00e4r ocks\u00e5 bra att parken inte \u00e4r \u00f6ppen f\u00f6rr\u00e4n sent p\u00e5 kv\u00e4llen. D\u00e5 hinner vi tillbaka till centrum i tid f\u00f6r att njuta av solen eller g\u00f6ra oss i ordning inf\u00f6r kv\u00e4llen!<\/p>\n\n\n\n<h2 class=\"wp-block-heading\">13 - En h\u00e4rlig promenad genom Madrid till djurparken<\/h2>\n\n\n\n<p>Det kommer definitivt att bli ett \u00e4ventyr. Beroende p\u00e5 var du bor i Madrid tar det cirka 1 till 1,5 timmar att promenera till djurparken. Detta \u00e4r definitivt inte att rekommendera med barn, eftersom de kommer att vara helt utmattade innan du ens kommer till djurparken.<\/p>\n\n\n\n<p>Men den rekommenderas definitivt f\u00f6r vuxna, eftersom den tar dig genom Madrids f\u00f6rorter och visar dig hur lokalbefolkningen lever.<\/p>\n\n\n\n<p>Den sista delen av promenaden tar dig genom Casa de Campo-parken och l\u00e4ngs Parque de Atracciones de Madrid.<\/p>\n\n\n\n<p>Allt som allt, en riktigt trevlig promenad d\u00e4r du kan uppt\u00e4cka en helt annan sida av Madrid.<\/p>","protected":false},"excerpt":{"rendered":"<p>Es gibt viele Gr\u00fcnde, den Zoo in Madrid zu besuchen. Das Stadtleben kann stressig sein und ihr habt schon viel Kultur in der Stadt gesehen. Jetzt ist es vielleicht Zeit f\u00fcr etwas anderes. Eure Kinder werden es euch danken, denn ein Zoobesuch ist immer ein Erlebnis, das Kinder lieben! Die Lage des Zoos ist ideal, [&hellip;]<\/p>","protected":false},"author":1,"featured_media":0,"parent":0,"menu_order":0,"comment_status":"closed","ping_status":"closed","template":"","meta":{"saved_in_kubio":true,"footnotes":""},"class_list":["post-306","page","type-page","status-publish","hentry"],"kubio_ai_page_context":{"short_desc":"","purpose":"general"},"yoast_head":"<!-- This site is optimized with the Yoast SEO plugin v27.4 - https:\/\/yoast.com\/product\/yoast-seo-wordpress\/ -->\n<title>13 Gr\u00fcnde der Zoo in Madrid zu besichtigen<\/title>\n<meta name=\"description\" content=\"Tipps - Infos - Hinweise - Online-Tickets - Perfekte Besuchsdauer - Restaurants - Streichelzoo - Delphinarium\" \/>\n<meta name=\"robots\" content=\"index, follow, max-snippet:-1, max-image-preview:large, max-video-preview:-1\" \/>\n<link rel=\"canonical\" href=\"https:\/\/madridanimalpark.com\/sv\/inspektion\/\" \/>\n<meta property=\"og:locale\" content=\"sv_SE\" \/>\n<meta property=\"og:type\" content=\"article\" \/>\n<meta property=\"og:title\" content=\"13 Gr\u00fcnde der Zoo in Madrid zu besichtigen\" \/>\n<meta property=\"og:description\" content=\"Tipps - Infos - Hinweise - Online-Tickets - Perfekte Besuchsdauer - Restaurants - Streichelzoo - Delphinarium\" \/>\n<meta property=\"og:url\" content=\"https:\/\/madridanimalpark.com\/sv\/inspektion\/\" \/>\n<meta property=\"og:site_name\" content=\"madridanimalpark.com\" \/>\n<meta property=\"article:modified_time\" content=\"2025-05-27T11:31:36+00:00\" \/>\n<meta name=\"twitter:card\" content=\"summary_large_image\" \/>\n<meta name=\"twitter:label1\" content=\"Ber\u00e4knad l\u00e4stid\" \/>\n\t<meta name=\"twitter:data1\" content=\"11 minuter\" \/>\n<script type=\"application\/ld+json\" class=\"yoast-schema-graph\">{\"@context\":\"https:\\\/\\\/schema.org\",\"@graph\":[{\"@type\":\"WebPage\",\"@id\":\"https:\\\/\\\/madridanimalpark.com\\\/besichtigung\\\/\",\"url\":\"https:\\\/\\\/madridanimalpark.com\\\/besichtigung\\\/\",\"name\":\"13 Gr\u00fcnde der Zoo in Madrid zu besichtigen\",\"isPartOf\":{\"@id\":\"https:\\\/\\\/madridanimalpark.com\\\/#website\"},\"datePublished\":\"2025-05-26T21:41:37+00:00\",\"dateModified\":\"2025-05-27T11:31:36+00:00\",\"description\":\"Tipps - Infos - Hinweise - Online-Tickets - Perfekte Besuchsdauer - Restaurants - Streichelzoo - Delphinarium\",\"breadcrumb\":{\"@id\":\"https:\\\/\\\/madridanimalpark.com\\\/besichtigung\\\/#breadcrumb\"},\"inLanguage\":\"sv-SE\",\"potentialAction\":[{\"@type\":\"ReadAction\",\"target\":[\"https:\\\/\\\/madridanimalpark.com\\\/besichtigung\\\/\"]}]},{\"@type\":\"BreadcrumbList\",\"@id\":\"https:\\\/\\\/madridanimalpark.com\\\/besichtigung\\\/#breadcrumb\",\"itemListElement\":[{\"@type\":\"ListItem\",\"position\":1,\"name\":\"Home\",\"item\":\"https:\\\/\\\/madridanimalpark.com\\\/\"},{\"@type\":\"ListItem\",\"position\":2,\"name\":\"13 Gr\u00fcnde der Zoo in Madrid zu besichtigen\"}]},{\"@type\":\"WebSite\",\"@id\":\"https:\\\/\\\/madridanimalpark.com\\\/#website\",\"url\":\"https:\\\/\\\/madridanimalpark.com\\\/\",\"name\":\"madridanimalpark.com\",\"description\":\"Zoo Aquarium Madrid\",\"publisher\":{\"@id\":\"https:\\\/\\\/madridanimalpark.com\\\/#organization\"},\"potentialAction\":[{\"@type\":\"SearchAction\",\"target\":{\"@type\":\"EntryPoint\",\"urlTemplate\":\"https:\\\/\\\/madridanimalpark.com\\\/?s={search_term_string}\"},\"query-input\":{\"@type\":\"PropertyValueSpecification\",\"valueRequired\":true,\"valueName\":\"search_term_string\"}}],\"inLanguage\":\"sv-SE\"},{\"@type\":\"Organization\",\"@id\":\"https:\\\/\\\/madridanimalpark.com\\\/#organization\",\"name\":\"madridanimalpark.com\",\"url\":\"https:\\\/\\\/madridanimalpark.com\\\/\",\"logo\":{\"@type\":\"ImageObject\",\"inLanguage\":\"sv-SE\",\"@id\":\"https:\\\/\\\/madridanimalpark.com\\\/#\\\/schema\\\/logo\\\/image\\\/\",\"url\":\"https:\\\/\\\/madridanimalpark.com\\\/wp-content\\\/uploads\\\/2025\\\/05\\\/madridanimalparklogo.png\",\"contentUrl\":\"https:\\\/\\\/madridanimalpark.com\\\/wp-content\\\/uploads\\\/2025\\\/05\\\/madridanimalparklogo.png\",\"width\":2000,\"height\":658,\"caption\":\"madridanimalpark.com\"},\"image\":{\"@id\":\"https:\\\/\\\/madridanimalpark.com\\\/#\\\/schema\\\/logo\\\/image\\\/\"}}]}<\/script>\n<!-- \/ Yoast SEO plugin. -->","yoast_head_json":{"title":"13 anledningar att bes\u00f6ka djurparken i Madrid","description":"Tips - Info - Tips - Onlinebiljetter - Perfekt tid att bes\u00f6ka - Restauranger - Djurpark - Delfinarium","robots":{"index":"index","follow":"follow","max-snippet":"max-snippet:-1","max-image-preview":"max-image-preview:large","max-video-preview":"max-video-preview:-1"},"canonical":"https:\/\/madridanimalpark.com\/sv\/inspektion\/","og_locale":"sv_SE","og_type":"article","og_title":"13 Gr\u00fcnde der Zoo in Madrid zu besichtigen","og_description":"Tipps - Infos - Hinweise - Online-Tickets - Perfekte Besuchsdauer - Restaurants - Streichelzoo - Delphinarium","og_url":"https:\/\/madridanimalpark.com\/sv\/inspektion\/","og_site_name":"madridanimalpark.com","article_modified_time":"2025-05-27T11:31:36+00:00","twitter_card":"summary_large_image","twitter_misc":{"Ber\u00e4knad l\u00e4stid":"11 minuter"},"schema":{"@context":"https:\/\/schema.org","@graph":[{"@type":"WebPage","@id":"https:\/\/madridanimalpark.com\/besichtigung\/","url":"https:\/\/madridanimalpark.com\/besichtigung\/","name":"13 anledningar att bes\u00f6ka djurparken i Madrid","isPartOf":{"@id":"https:\/\/madridanimalpark.com\/#website"},"datePublished":"2025-05-26T21:41:37+00:00","dateModified":"2025-05-27T11:31:36+00:00","description":"Tips - Info - Tips - Onlinebiljetter - Perfekt tid att bes\u00f6ka - Restauranger - Djurpark - Delfinarium","breadcrumb":{"@id":"https:\/\/madridanimalpark.com\/besichtigung\/#breadcrumb"},"inLanguage":"sv-SE","potentialAction":[{"@type":"ReadAction","target":["https:\/\/madridanimalpark.com\/besichtigung\/"]}]},{"@type":"BreadcrumbList","@id":"https:\/\/madridanimalpark.com\/besichtigung\/#breadcrumb","itemListElement":[{"@type":"ListItem","position":1,"name":"Home","item":"https:\/\/madridanimalpark.com\/"},{"@type":"ListItem","position":2,"name":"13 Gr\u00fcnde der Zoo in Madrid zu besichtigen"}]},{"@type":"WebSite","@id":"https:\/\/madridanimalpark.com\/#website","url":"https:\/\/madridanimalpark.com\/","name":"madridanimalpark.com","description":"Zoo Akvarium Madrid","publisher":{"@id":"https:\/\/madridanimalpark.com\/#organization"},"potentialAction":[{"@type":"SearchAction","target":{"@type":"EntryPoint","urlTemplate":"https:\/\/madridanimalpark.com\/?s={search_term_string}"},"query-input":{"@type":"PropertyValueSpecification","valueRequired":true,"valueName":"search_term_string"}}],"inLanguage":"sv-SE"},{"@type":"Organization","@id":"https:\/\/madridanimalpark.com\/#organization","name":"madridanimalpark.com","url":"https:\/\/madridanimalpark.com\/","logo":{"@type":"ImageObject","inLanguage":"sv-SE","@id":"https:\/\/madridanimalpark.com\/#\/schema\/logo\/image\/","url":"https:\/\/madridanimalpark.com\/wp-content\/uploads\/2025\/05\/madridanimalparklogo.png","contentUrl":"https:\/\/madridanimalpark.com\/wp-content\/uploads\/2025\/05\/madridanimalparklogo.png","width":2000,"height":658,"caption":"madridanimalpark.com"},"image":{"@id":"https:\/\/madridanimalpark.com\/#\/schema\/logo\/image\/"}}]}},"_links":{"self":[{"href":"https:\/\/madridanimalpark.com\/sv\/wp-json\/wp\/v2\/pages\/306","targetHints":{"allow":["GET"]}}],"collection":[{"href":"https:\/\/madridanimalpark.com\/sv\/wp-json\/wp\/v2\/pages"}],"about":[{"href":"https:\/\/madridanimalpark.com\/sv\/wp-json\/wp\/v2\/types\/page"}],"author":[{"embeddable":true,"href":"https:\/\/madridanimalpark.com\/sv\/wp-json\/wp\/v2\/users\/1"}],"replies":[{"embeddable":true,"href":"https:\/\/madridanimalpark.com\/sv\/wp-json\/wp\/v2\/comments?post=306"}],"version-history":[{"count":3,"href":"https:\/\/madridanimalpark.com\/sv\/wp-json\/wp\/v2\/pages\/306\/revisions"}],"predecessor-version":[{"id":342,"href":"https:\/\/madridanimalpark.com\/sv\/wp-json\/wp\/v2\/pages\/306\/revisions\/342"}],"wp:attachment":[{"href":"https:\/\/madridanimalpark.com\/sv\/wp-json\/wp\/v2\/media?parent=306"}],"curies":[{"name":"wp","href":"https:\/\/api.w.org\/{rel}","templated":true}]}}