{"id":347,"date":"2025-05-27T11:48:30","date_gmt":"2025-05-27T11:48:30","guid":{"rendered":"https:\/\/madridanimalpark.com\/?page_id=347"},"modified":"2025-07-21T17:49:40","modified_gmt":"2025-07-21T17:49:40","slug":"avtryck","status":"publish","type":"page","link":"https:\/\/madridanimalpark.com\/sv\/avtryck\/","title":{"rendered":"Avtryck"},"content":{"rendered":"<p>Information enligt \u00a7 5 DDG<\/p>\n\n\n\n<p>Marc Kugge<br>Marc Kugge<br>Carrer Nou de San Francesc 32<br>08002 Barcelona<br><\/p>\n\n\n\n<p><strong>F\u00f6retr\u00e4ds av:<\/strong><br>Marc Kugge<br><\/p>\n\n\n\n<p><strong>Kontakta oss:<\/strong><br>E-post: <a href=\"mailto:marckugge@gmail.com\">marckugge@gmail.com<\/a><\/p>\n\n\n\n<p><strong>ID f\u00f6r f\u00f6rs\u00e4ljningsskatt:<\/strong><br>Identifikationsnummer f\u00f6r merv\u00e4rdesskatt enligt \u00a727a i merv\u00e4rdesskattelagen: ESY4781919A<br><br><strong>F\u00f6retags-ID:<\/strong><br><br><\/p>\n\n\n\n<p><strong>Ansvarig f\u00f6r inneh\u00e5llet enligt \u00a7 18 Abs. 2 MStV:<\/strong><br>Marc Kugge<br>Carrer Nou de San Francesc 32<br>08002 Barcelona<\/p>\n\n\n\n<p><strong>Ansvarsfriskrivning:<\/strong><br><br><strong>Ansvar f\u00f6r inneh\u00e5ll<\/strong><br><br>Inneh\u00e5llet p\u00e5 v\u00e5ra sidor har skapats med st\u00f6rsta omsorg. Vi kan dock inte ta n\u00e5got ansvar f\u00f6r inneh\u00e5llets riktighet, fullst\u00e4ndighet och aktualitet. Som tj\u00e4nsteleverant\u00f6r \u00e4r vi ansvariga f\u00f6r v\u00e5rt eget inneh\u00e5ll p\u00e5 dessa sidor i enlighet med \u00a7 7 (1) DDG och allm\u00e4n lagstiftning. Enligt \u00a7\u00a7 8 till 10 DDG \u00e4r vi som tj\u00e4nsteleverant\u00f6r dock inte skyldiga att \u00f6vervaka \u00f6verf\u00f6rd eller lagrad information fr\u00e5n tredje part eller att unders\u00f6ka omst\u00e4ndigheter som tyder p\u00e5 olaglig verksamhet. Skyldigheter att ta bort eller blockera anv\u00e4ndningen av information i enlighet med allm\u00e4n lagstiftning f\u00f6rblir op\u00e5verkade av detta. Ansvar i detta avseende \u00e4r dock endast m\u00f6jligt fr\u00e5n och med tidpunkten f\u00f6r k\u00e4nnedom om en specifik \u00f6vertr\u00e4delse. S\u00e5 snart vi f\u00e5r k\u00e4nnedom om s\u00e5dana \u00f6vertr\u00e4delser kommer vi omedelbart att ta bort detta inneh\u00e5ll.<br><br><strong>Ansvar f\u00f6r l\u00e4nkar<\/strong><br><br>V\u00e5r webbplats inneh\u00e5ller l\u00e4nkar till externa webbplatser fr\u00e5n tredje part vars inneh\u00e5ll vi inte har n\u00e5got inflytande \u00f6ver. D\u00e4rf\u00f6r kan vi inte ta n\u00e5got ansvar f\u00f6r detta inneh\u00e5ll fr\u00e5n tredje part. Respektive leverant\u00f6r eller operat\u00f6r av sidorna \u00e4r alltid ansvarig f\u00f6r inneh\u00e5llet p\u00e5 de l\u00e4nkade sidorna. De l\u00e4nkade sidorna har vid tidpunkten f\u00f6r l\u00e4nkningen kontrollerats med avseende p\u00e5 eventuella lag\u00f6vertr\u00e4delser. Olagligt inneh\u00e5ll kunde inte identifieras vid tidpunkten f\u00f6r l\u00e4nkningen. En permanent \u00f6vervakning av inneh\u00e5llet p\u00e5 de l\u00e4nkade sidorna \u00e4r dock inte rimlig utan konkreta bevis p\u00e5 en \u00f6vertr\u00e4delse. Om vi f\u00e5r k\u00e4nnedom om lag\u00f6vertr\u00e4delser kommer vi omedelbart att ta bort s\u00e5dana l\u00e4nkar.<br><br><strong>Upphovsr\u00e4tt<\/strong><br><br>Inneh\u00e5llet och de verk som skapats av webbplatsoperat\u00f6rerna p\u00e5 dessa sidor omfattas av tysk upphovsr\u00e4ttslagstiftning. Kopiering, bearbetning, distribution och all annan anv\u00e4ndning utanf\u00f6r upphovsr\u00e4ttslagens gr\u00e4nser kr\u00e4ver skriftligt medgivande fr\u00e5n respektive f\u00f6rfattare eller upphovsman. Nedladdningar och kopior av denna webbplats \u00e4r endast till\u00e5tna f\u00f6r privat, icke-kommersiellt bruk. I den m\u00e5n inneh\u00e5llet p\u00e5 denna webbplats inte har skapats av operat\u00f6ren respekteras tredje parts upphovsr\u00e4tt. I synnerhet inneh\u00e5ll fr\u00e5n tredje part \u00e4r m\u00e4rkt som s\u00e5dant. Om du \u00e4nd\u00e5 skulle f\u00e5 k\u00e4nnedom om ett upphovsr\u00e4ttsintr\u00e5ng ber vi dig att informera oss om detta. Om vi f\u00e5r k\u00e4nnedom om n\u00e5got intr\u00e5ng kommer vi omedelbart att ta bort inneh\u00e5llet.<br><br><strong>Skydd av personuppgifter<\/strong><br><br>Det \u00e4r i allm\u00e4nhet m\u00f6jligt att anv\u00e4nda v\u00e5r webbplats utan att l\u00e4mna personuppgifter. I den m\u00e5n personuppgifter (t.ex. namn, adress eller e-postadress) samlas in p\u00e5 v\u00e5r webbplats sker detta i m\u00f6jligaste m\u00e5n alltid p\u00e5 frivillig basis. Dessa uppgifter kommer inte att vidarebefordras till tredje part utan ditt uttryckliga samtycke.<br>Vi vill p\u00e5peka att data\u00f6verf\u00f6ring via Internet (t.ex. vid kommunikation via e-post) kan ha s\u00e4kerhetsbrister. Ett fullst\u00e4ndigt skydd av uppgifter mot \u00e5tkomst av tredje part \u00e4r inte m\u00f6jligt.<br>Vi f\u00f6rbjuder h\u00e4rmed uttryckligen tredje part att anv\u00e4nda kontaktuppgifter som publicerats inom ramen f\u00f6r avtrycksplikten f\u00f6r att skicka o\u00f6nskad reklam och informationsmaterial. Operat\u00f6rerna av denna webbplats f\u00f6rbeh\u00e5ller sig uttryckligen r\u00e4tten att vidta r\u00e4ttsliga \u00e5tg\u00e4rder i h\u00e4ndelse av o\u00f6nskad s\u00e4ndning av reklaminformation, till exempel skr\u00e4ppostmeddelanden.<br><br><br><strong>Google Analytics<\/strong><br><br>Denna webbplats anv\u00e4nder Google Analytics, en webbanalystj\u00e4nst som tillhandah\u00e5lls av Google Inc (\"Google\"). Google Analytics anv\u00e4nder \"cookies\", som \u00e4r textfiler som placeras p\u00e5 din dator, f\u00f6r att hj\u00e4lpa webbplatsen att analysera hur anv\u00e4ndarna anv\u00e4nder webbplatsen. Den information som genereras av cookien om din anv\u00e4ndning av webbplatsen (inklusive din IP-adress) kommer att \u00f6verf\u00f6ras till och lagras av Google p\u00e5 servrar i USA. Google kommer att anv\u00e4nda denna information i syfte att analysera din anv\u00e4ndning av webbplatsen, sammanst\u00e4lla rapporter om webbplatsaktivitet f\u00f6r webbplatsoperat\u00f6rer och tillhandah\u00e5lla andra tj\u00e4nster som r\u00f6r webbplatsaktivitet och internetanv\u00e4ndning. Google kan ocks\u00e5 \u00f6verf\u00f6ra denna information till tredje part om det kr\u00e4vs enligt lag, eller om tredje part behandlar informationen f\u00f6r Googles r\u00e4kning. Google kommer inte att koppla samman din IP-adress med n\u00e5gon annan information som Google har. Du kan neka till anv\u00e4ndning av cookies genom att v\u00e4lja l\u00e4mpliga inst\u00e4llningar i din webbl\u00e4sare, men observera att om du g\u00f6r detta kanske du inte kan anv\u00e4nda alla funktioner p\u00e5 denna webbplats. Genom att anv\u00e4nda denna webbplats samtycker du till att Google behandlar uppgifter om dig p\u00e5 det s\u00e4tt och f\u00f6r de syften som anges ovan.<br><br><strong>Google AdSense<\/strong><br><br>Denna webbplats anv\u00e4nder Google Adsense, en webbannonseringstj\u00e4nst fr\u00e5n Google Inc, USA (\"Google\"). Google Adsense anv\u00e4nder s.k. \"cookies\" (textfiler) som lagras p\u00e5 din dator och som g\u00f6r det m\u00f6jligt att analysera din anv\u00e4ndning av webbplatsen. Google Adsense anv\u00e4nder ocks\u00e5 s\u00e5 kallade \"web beacons\" (sm\u00e5 osynliga grafikelement) f\u00f6r att samla in information. Genom att anv\u00e4nda web beacon kan enkla \u00e5tg\u00e4rder som bes\u00f6kartrafik p\u00e5 webbplatsen registreras och samlas in. Den information som genereras av cookien och\/eller webbfyren om din anv\u00e4ndning av webbplatsen (inklusive din IP-adress) kommer att \u00f6verf\u00f6ras till och lagras av Google p\u00e5 servrar i USA. Google kommer att anv\u00e4nda denna information f\u00f6r att analysera din anv\u00e4ndning av webbplatsen med avseende p\u00e5 annonserna, f\u00f6r att sammanst\u00e4lla rapporter om webbplatsaktiviteterna och annonserna f\u00f6r webbplatsoperat\u00f6rerna och f\u00f6r att tillhandah\u00e5lla ytterligare tj\u00e4nster i samband med anv\u00e4ndningen av webbplatsen och Internet. Google kan ocks\u00e5 \u00f6verf\u00f6ra denna information till tredje part om det kr\u00e4vs enligt lag, eller om s\u00e5dan tredje part behandlar informationen f\u00f6r Googles r\u00e4kning. Google kommer inte att koppla ihop din IP-adress med andra uppgifter som Google har. Du kan f\u00f6rhindra lagring av cookies p\u00e5 din h\u00e5rddisk och visning av webb-beacons genom att v\u00e4lja \"Acceptera inte cookies\" i inst\u00e4llningarna f\u00f6r din webbl\u00e4sare (i MS Internet Explorer under \"Verktyg &gt; Internetalternativ &gt; Sekretess &gt; Inst\u00e4llningar\"; i Firefox under \"Verktyg &gt; Inst\u00e4llningar &gt; Sekretess &gt; Cookies\"); vi vill dock p\u00e5peka att du i s\u00e5 fall kanske inte kan anv\u00e4nda alla funktioner p\u00e5 denna webbplats i full utstr\u00e4ckning. Genom att anv\u00e4nda denna webbplats samtycker du till att Google behandlar uppgifter om dig p\u00e5 det s\u00e4tt och f\u00f6r de syften som anges ovan.<\/p>\n\n\n\n<p><br><br>Avtryck fr\u00e5n <a href=\"https:\/\/impressum-generator.de\">Imprint-Generator.de<\/a>. Drivs av <a href=\"https:\/\/www.kanzlei-hasselbach.de\/\">Franziska Hasselbach, Bonn<\/a>.<\/p>","protected":false},"excerpt":{"rendered":"<p>Angaben gem\u00e4\u00df \u00a7 5 DDG Marc KuggeMarc KuggeCarrer Nou de San Francesc 3208002 Barcelona Vertreten durch:Marc Kugge Kontakt:E-Mail: marckugge@gmail.com Umsatzsteuer-ID:Umsatzsteuer-Identifikationsnummer gem\u00e4\u00df \u00a727a Umsatzsteuergesetz: ESY4781919A Wirtschafts-ID: Verantwortlich f\u00fcr den Inhalt nach \u00a7 18 Abs. 2 MStV:Marc KuggeCarrer Nou de San Francesc 3208002 Barcelona Haftungsausschluss: Haftung f\u00fcr Inhalte Die Inhalte unserer Seiten wurden mit gr\u00f6\u00dfter Sorgfalt erstellt. [&hellip;]<\/p>","protected":false},"author":1,"featured_media":0,"parent":0,"menu_order":0,"comment_status":"closed","ping_status":"closed","template":"","meta":{"saved_in_kubio":false,"footnotes":""},"class_list":["post-347","page","type-page","status-publish","hentry"],"kubio_ai_page_context":{"short_desc":"","purpose":"general"},"yoast_head":"<!-- This site is optimized with the Yoast SEO plugin v27.4 - https:\/\/yoast.com\/product\/yoast-seo-wordpress\/ -->\n<title>Impressum - madridanimalpark.com<\/title>\n<meta name=\"robots\" content=\"noindex, follow\" \/>\n<meta property=\"og:locale\" content=\"sv_SE\" \/>\n<meta property=\"og:type\" content=\"article\" \/>\n<meta property=\"og:title\" content=\"Impressum - madridanimalpark.com\" \/>\n<meta property=\"og:description\" content=\"Angaben gem\u00e4\u00df \u00a7 5 DDG Marc KuggeMarc KuggeCarrer Nou de San Francesc 3208002 Barcelona Vertreten durch:Marc Kugge Kontakt:E-Mail: marckugge@gmail.com Umsatzsteuer-ID:Umsatzsteuer-Identifikationsnummer gem\u00e4\u00df \u00a727a Umsatzsteuergesetz: ESY4781919A Wirtschafts-ID: Verantwortlich f\u00fcr den Inhalt nach \u00a7 18 Abs. 2 MStV:Marc KuggeCarrer Nou de San Francesc 3208002 Barcelona Haftungsausschluss: Haftung f\u00fcr Inhalte Die Inhalte unserer Seiten wurden mit gr\u00f6\u00dfter Sorgfalt erstellt. [&hellip;]\" \/>\n<meta property=\"og:url\" content=\"https:\/\/madridanimalpark.com\/sv\/avtryck\/\" \/>\n<meta property=\"og:site_name\" content=\"madridanimalpark.com\" \/>\n<meta property=\"article:modified_time\" content=\"2025-07-21T17:49:40+00:00\" \/>\n<meta name=\"twitter:card\" content=\"summary_large_image\" \/>\n<script type=\"application\/ld+json\" class=\"yoast-schema-graph\">{\"@context\":\"https:\\\/\\\/schema.org\",\"@graph\":[{\"@type\":\"WebPage\",\"@id\":\"https:\\\/\\\/madridanimalpark.com\\\/impressum\\\/\",\"url\":\"https:\\\/\\\/madridanimalpark.com\\\/impressum\\\/\",\"name\":\"Impressum - madridanimalpark.com\",\"isPartOf\":{\"@id\":\"https:\\\/\\\/madridanimalpark.com\\\/#website\"},\"datePublished\":\"2025-05-27T11:48:30+00:00\",\"dateModified\":\"2025-07-21T17:49:40+00:00\",\"breadcrumb\":{\"@id\":\"https:\\\/\\\/madridanimalpark.com\\\/impressum\\\/#breadcrumb\"},\"inLanguage\":\"sv-SE\",\"potentialAction\":[{\"@type\":\"ReadAction\",\"target\":[\"https:\\\/\\\/madridanimalpark.com\\\/impressum\\\/\"]}]},{\"@type\":\"BreadcrumbList\",\"@id\":\"https:\\\/\\\/madridanimalpark.com\\\/impressum\\\/#breadcrumb\",\"itemListElement\":[{\"@type\":\"ListItem\",\"position\":1,\"name\":\"Home\",\"item\":\"https:\\\/\\\/madridanimalpark.com\\\/\"},{\"@type\":\"ListItem\",\"position\":2,\"name\":\"Impressum\"}]},{\"@type\":\"WebSite\",\"@id\":\"https:\\\/\\\/madridanimalpark.com\\\/#website\",\"url\":\"https:\\\/\\\/madridanimalpark.com\\\/\",\"name\":\"madridanimalpark.com\",\"description\":\"Zoo Aquarium Madrid\",\"publisher\":{\"@id\":\"https:\\\/\\\/madridanimalpark.com\\\/#organization\"},\"potentialAction\":[{\"@type\":\"SearchAction\",\"target\":{\"@type\":\"EntryPoint\",\"urlTemplate\":\"https:\\\/\\\/madridanimalpark.com\\\/?s={search_term_string}\"},\"query-input\":{\"@type\":\"PropertyValueSpecification\",\"valueRequired\":true,\"valueName\":\"search_term_string\"}}],\"inLanguage\":\"sv-SE\"},{\"@type\":\"Organization\",\"@id\":\"https:\\\/\\\/madridanimalpark.com\\\/#organization\",\"name\":\"madridanimalpark.com\",\"url\":\"https:\\\/\\\/madridanimalpark.com\\\/\",\"logo\":{\"@type\":\"ImageObject\",\"inLanguage\":\"sv-SE\",\"@id\":\"https:\\\/\\\/madridanimalpark.com\\\/#\\\/schema\\\/logo\\\/image\\\/\",\"url\":\"https:\\\/\\\/madridanimalpark.com\\\/wp-content\\\/uploads\\\/2025\\\/05\\\/madridanimalparklogo.png\",\"contentUrl\":\"https:\\\/\\\/madridanimalpark.com\\\/wp-content\\\/uploads\\\/2025\\\/05\\\/madridanimalparklogo.png\",\"width\":2000,\"height\":658,\"caption\":\"madridanimalpark.com\"},\"image\":{\"@id\":\"https:\\\/\\\/madridanimalpark.com\\\/#\\\/schema\\\/logo\\\/image\\\/\"}}]}<\/script>\n<!-- \/ Yoast SEO plugin. -->","yoast_head_json":{"title":"Avtryck - madridanimalpark.com","robots":{"index":"noindex","follow":"follow"},"og_locale":"sv_SE","og_type":"article","og_title":"Impressum - madridanimalpark.com","og_description":"Angaben gem\u00e4\u00df \u00a7 5 DDG Marc KuggeMarc KuggeCarrer Nou de San Francesc 3208002 Barcelona Vertreten durch:Marc Kugge Kontakt:E-Mail: marckugge@gmail.com Umsatzsteuer-ID:Umsatzsteuer-Identifikationsnummer gem\u00e4\u00df \u00a727a Umsatzsteuergesetz: ESY4781919A Wirtschafts-ID: Verantwortlich f\u00fcr den Inhalt nach \u00a7 18 Abs. 2 MStV:Marc KuggeCarrer Nou de San Francesc 3208002 Barcelona Haftungsausschluss: Haftung f\u00fcr Inhalte Die Inhalte unserer Seiten wurden mit gr\u00f6\u00dfter Sorgfalt erstellt. [&hellip;]","og_url":"https:\/\/madridanimalpark.com\/sv\/avtryck\/","og_site_name":"madridanimalpark.com","article_modified_time":"2025-07-21T17:49:40+00:00","twitter_card":"summary_large_image","schema":{"@context":"https:\/\/schema.org","@graph":[{"@type":"WebPage","@id":"https:\/\/madridanimalpark.com\/impressum\/","url":"https:\/\/madridanimalpark.com\/impressum\/","name":"Avtryck - madridanimalpark.com","isPartOf":{"@id":"https:\/\/madridanimalpark.com\/#website"},"datePublished":"2025-05-27T11:48:30+00:00","dateModified":"2025-07-21T17:49:40+00:00","breadcrumb":{"@id":"https:\/\/madridanimalpark.com\/impressum\/#breadcrumb"},"inLanguage":"sv-SE","potentialAction":[{"@type":"ReadAction","target":["https:\/\/madridanimalpark.com\/impressum\/"]}]},{"@type":"BreadcrumbList","@id":"https:\/\/madridanimalpark.com\/impressum\/#breadcrumb","itemListElement":[{"@type":"ListItem","position":1,"name":"Home","item":"https:\/\/madridanimalpark.com\/"},{"@type":"ListItem","position":2,"name":"Impressum"}]},{"@type":"WebSite","@id":"https:\/\/madridanimalpark.com\/#website","url":"https:\/\/madridanimalpark.com\/","name":"madridanimalpark.com","description":"Zoo Akvarium Madrid","publisher":{"@id":"https:\/\/madridanimalpark.com\/#organization"},"potentialAction":[{"@type":"SearchAction","target":{"@type":"EntryPoint","urlTemplate":"https:\/\/madridanimalpark.com\/?s={search_term_string}"},"query-input":{"@type":"PropertyValueSpecification","valueRequired":true,"valueName":"search_term_string"}}],"inLanguage":"sv-SE"},{"@type":"Organization","@id":"https:\/\/madridanimalpark.com\/#organization","name":"madridanimalpark.com","url":"https:\/\/madridanimalpark.com\/","logo":{"@type":"ImageObject","inLanguage":"sv-SE","@id":"https:\/\/madridanimalpark.com\/#\/schema\/logo\/image\/","url":"https:\/\/madridanimalpark.com\/wp-content\/uploads\/2025\/05\/madridanimalparklogo.png","contentUrl":"https:\/\/madridanimalpark.com\/wp-content\/uploads\/2025\/05\/madridanimalparklogo.png","width":2000,"height":658,"caption":"madridanimalpark.com"},"image":{"@id":"https:\/\/madridanimalpark.com\/#\/schema\/logo\/image\/"}}]}},"_links":{"self":[{"href":"https:\/\/madridanimalpark.com\/sv\/wp-json\/wp\/v2\/pages\/347","targetHints":{"allow":["GET"]}}],"collection":[{"href":"https:\/\/madridanimalpark.com\/sv\/wp-json\/wp\/v2\/pages"}],"about":[{"href":"https:\/\/madridanimalpark.com\/sv\/wp-json\/wp\/v2\/types\/page"}],"author":[{"embeddable":true,"href":"https:\/\/madridanimalpark.com\/sv\/wp-json\/wp\/v2\/users\/1"}],"replies":[{"embeddable":true,"href":"https:\/\/madridanimalpark.com\/sv\/wp-json\/wp\/v2\/comments?post=347"}],"version-history":[{"count":3,"href":"https:\/\/madridanimalpark.com\/sv\/wp-json\/wp\/v2\/pages\/347\/revisions"}],"predecessor-version":[{"id":422,"href":"https:\/\/madridanimalpark.com\/sv\/wp-json\/wp\/v2\/pages\/347\/revisions\/422"}],"wp:attachment":[{"href":"https:\/\/madridanimalpark.com\/sv\/wp-json\/wp\/v2\/media?parent=347"}],"curies":[{"name":"wp","href":"https:\/\/api.w.org\/{rel}","templated":true}]}}