{"id":389,"date":"2025-05-28T21:38:41","date_gmt":"2025-05-28T21:38:41","guid":{"rendered":"https:\/\/madridanimalpark.com\/?page_id=389"},"modified":"2025-05-28T21:40:51","modified_gmt":"2025-05-28T21:40:51","slug":"tillvaegagangssaett","status":"publish","type":"page","link":"https:\/\/madridanimalpark.com\/sv\/tillvaegagangssaett\/","title":{"rendered":"Hur man tar sig till Zoo Aquarium Madrid"},"content":{"rendered":"<p>Djurparken ligger cirka 8 km eller 20 minuter med bil v\u00e4ster om Plaza Mayor, Madrids stadsk\u00e4rna. Trots det n\u00e5got st\u00f6rre avst\u00e5ndet fr\u00e5n de klassiska bes\u00f6ksmagneterna i den spanska huvudstaden \u00e4r djurparken snabbt och enkelt tillg\u00e4nglig f\u00f6r bes\u00f6kare.<\/p>\n\n\n\n<p>Bes\u00f6kare anl\u00e4nder n\u00e4stan alltid med bil, flyg, t\u00e5g eller buss. Du kan ta reda p\u00e5 hur du tar dig till Zoo Aquarium h\u00e4r.&nbsp;<\/p>\n\n\n\n<iframe src=\"https:\/\/www.google.com\/maps\/embed?pb=!1m18!1m12!1m3!1d3037.995085527651!2d-3.7638037231792394!3d40.40895965611097!2m3!1f0!2f0!3f0!3m2!1i1024!2i768!4f13.1!3m3!1m2!1s0xd41880ac6b6041d%3A0x89911a7043a52183!2sZoo%20Aquarium%20de%20Madrid!5e0!3m2!1sde!2ses!4v1748468292356!5m2!1sde!2ses\" width=\"100%\" height=\"450\" style=\"border:0;\" allowfullscreen=\"\" loading=\"lazy\" referrerpolicy=\"no-referrer-when-downgrade\"><\/iframe>\n\n\n\n<p>\ud83d\udccdDen exakta adressen f\u00f6rst: Casa de Campo, S\/N, Moncloa - Aravaca, 28011 Madrid<\/p>\n\n\n\n<p>Med allm\u00e4nna kommunikationer<\/p>\n\n\n\n<p><strong>\ud83d\ude87<\/strong> Med tunnelbanan: Tunnelbanan \u00e4r snabb, s\u00e4ker och bekv\u00e4m. Linje 10 och 5 stannar efter en 10 till 15 minuters resa vid stationen \"Casa de Campo\", den n\u00e4rmaste h\u00e5llplatsen till Zoo Aquarium. Sedan \u00e4r det bara 10 minuters promenad och Zoo Aquarium-\u00e4ventyret kan b\u00f6rja. Biljetterna kostar mellan 1,50 \u20ac och 3,00 \u20ac.<\/p>\n\n\n\n<p>\u2708 Fr\u00e5n flygplatsen: Resen\u00e4rer fr\u00e5n Madrid-Barajas flygplats tar tunnelbanans linje 8 till stationen Nuevos Ministerios och sedan linje 10, som n\u00e4mnts ovan, f\u00f6r 5,00 euro per biljett. Ett billigt alternativ till taxi!<\/p>\n\n\n\n<p>\ud83d\ude8c Med buss: Linje 33 tar dig fr\u00e5n den sydv\u00e4stra transportknutpunkten \"Intercambiador de Principe Pio\" direkt framf\u00f6r ing\u00e5ngen till djurparken. Bussen g\u00e5r dagligen var 30:e minut. Resan tar ca 30 minuter.<\/p>\n\n\n\n<p>\ud83d\ude86 Med t\u00e5g: Det finns bara ett t\u00e5g som g\u00e5r till Laguna station, som ligger cirka 3 kilometer fr\u00e5n djurparken.<\/p>\n\n\n\n<p>\ud83c\udd7f\ufe0f Med bil: Om du k\u00f6r p\u00e5 ringv\u00e4gen M30, sv\u00e4ng av p\u00e5 A5 vid \"Carretera de Extremadura\" och ta avfart 5A. V\u00e4gen till djurparken \u00e4r sedan skyltad. Om du kommer fr\u00e5n Madrids centrum och ska mot Palacio Real de Madrid, kommer du direkt in p\u00e5 A5.&nbsp;<\/p>\n\n\n\n<p>Djurparken ligger utanf\u00f6r stadsk\u00e4rnan, s\u00e5 det finns gott om parkeringsm\u00f6jligheter.<\/p>\n\n\n\n<p>\ud83d\ude95 Med taxi: Naturligtvis kan du kliva av direkt framf\u00f6r djurparken. En taxiresa fr\u00e5n centrum kostar mellan 13 och 18 euro. Kan vara v\u00e4rt det f\u00f6r flera personer!<\/p>\n\n\n\n<p>Sam\u00e5kning, t.ex. Uber, \u00e4r ocks\u00e5 popul\u00e4rt i Madrid. Andra tj\u00e4nster finns tillg\u00e4ngliga via app.&nbsp;<\/p>\n\n\n\n<p>Obs: Det \u00e4r rekommenderat att anv\u00e4nda kollektivtrafiken f\u00f6r att bes\u00f6ka Zoo Aquarium i Madrid. Resan \u00e4r billig, bekv\u00e4m, s\u00e4ker och det \u00e4r s\u00e4llan f\u00f6rseningar vid ankomsten, s\u00e5 det roliga kan b\u00f6rja f\u00f6r deltagarna!<\/p>","protected":false},"excerpt":{"rendered":"<p>Der Zoo liegt etwa 8 km oder 20 Autominuten entfernt,&nbsp; westlich vom Plaza Mayor, also dem Stadtzentrum von Madrid. Trotz der etwas gr\u00f6\u00dferen Distanz von den klassischen Besuchermagneten der spanischen Hauptstadt, ist der Tierpark f\u00fcr Besucher schnell und bequem erreichbar. Besucher reisen fast immer mit dem Auto, Flugzeug,&nbsp; Zug oder Bus an. Wie es dann [&hellip;]<\/p>","protected":false},"author":1,"featured_media":0,"parent":0,"menu_order":0,"comment_status":"closed","ping_status":"closed","template":"","meta":{"saved_in_kubio":false,"footnotes":""},"class_list":["post-389","page","type-page","status-publish","hentry"],"kubio_ai_page_context":{"short_desc":"","purpose":"general"},"yoast_head":"<!-- This site is optimized with the Yoast SEO plugin v27.4 - https:\/\/yoast.com\/product\/yoast-seo-wordpress\/ -->\n<title>Anfahrt zum Zoo Aquarium Madrid<\/title>\n<meta name=\"description\" content=\"Anfahrt zum Zoo Aquarium Madrid - Mit Bus - Mit Auto - Mit \u00d6ffentlichen Verkehrsmitteln - Mit Zug - Hinweise - Parking\" \/>\n<meta name=\"robots\" content=\"index, follow, max-snippet:-1, max-image-preview:large, max-video-preview:-1\" \/>\n<link rel=\"canonical\" href=\"https:\/\/madridanimalpark.com\/sv\/tillvaegagangssaett\/\" \/>\n<meta property=\"og:locale\" content=\"sv_SE\" \/>\n<meta property=\"og:type\" content=\"article\" \/>\n<meta property=\"og:title\" content=\"Anfahrt zum Zoo Aquarium Madrid\" \/>\n<meta property=\"og:description\" content=\"Anfahrt zum Zoo Aquarium Madrid - Mit Bus - Mit Auto - Mit \u00d6ffentlichen Verkehrsmitteln - Mit Zug - Hinweise - Parking\" \/>\n<meta property=\"og:url\" content=\"https:\/\/madridanimalpark.com\/sv\/tillvaegagangssaett\/\" \/>\n<meta property=\"og:site_name\" content=\"madridanimalpark.com\" \/>\n<meta property=\"article:modified_time\" content=\"2025-05-28T21:40:51+00:00\" \/>\n<meta name=\"twitter:card\" content=\"summary_large_image\" \/>\n<meta name=\"twitter:label1\" content=\"Ber\u00e4knad l\u00e4stid\" \/>\n\t<meta name=\"twitter:data1\" content=\"3 minuter\" \/>\n<script type=\"application\/ld+json\" class=\"yoast-schema-graph\">{\"@context\":\"https:\\\/\\\/schema.org\",\"@graph\":[{\"@type\":\"WebPage\",\"@id\":\"https:\\\/\\\/madridanimalpark.com\\\/anfahrt\\\/\",\"url\":\"https:\\\/\\\/madridanimalpark.com\\\/anfahrt\\\/\",\"name\":\"Anfahrt zum Zoo Aquarium Madrid\",\"isPartOf\":{\"@id\":\"https:\\\/\\\/madridanimalpark.com\\\/#website\"},\"datePublished\":\"2025-05-28T21:38:41+00:00\",\"dateModified\":\"2025-05-28T21:40:51+00:00\",\"description\":\"Anfahrt zum Zoo Aquarium Madrid - Mit Bus - Mit Auto - Mit \u00d6ffentlichen Verkehrsmitteln - Mit Zug - Hinweise - Parking\",\"breadcrumb\":{\"@id\":\"https:\\\/\\\/madridanimalpark.com\\\/anfahrt\\\/#breadcrumb\"},\"inLanguage\":\"sv-SE\",\"potentialAction\":[{\"@type\":\"ReadAction\",\"target\":[\"https:\\\/\\\/madridanimalpark.com\\\/anfahrt\\\/\"]}]},{\"@type\":\"BreadcrumbList\",\"@id\":\"https:\\\/\\\/madridanimalpark.com\\\/anfahrt\\\/#breadcrumb\",\"itemListElement\":[{\"@type\":\"ListItem\",\"position\":1,\"name\":\"Home\",\"item\":\"https:\\\/\\\/madridanimalpark.com\\\/\"},{\"@type\":\"ListItem\",\"position\":2,\"name\":\"Anfahrt zum Zoo Aquarium Madrid\"}]},{\"@type\":\"WebSite\",\"@id\":\"https:\\\/\\\/madridanimalpark.com\\\/#website\",\"url\":\"https:\\\/\\\/madridanimalpark.com\\\/\",\"name\":\"madridanimalpark.com\",\"description\":\"Zoo Aquarium Madrid\",\"publisher\":{\"@id\":\"https:\\\/\\\/madridanimalpark.com\\\/#organization\"},\"potentialAction\":[{\"@type\":\"SearchAction\",\"target\":{\"@type\":\"EntryPoint\",\"urlTemplate\":\"https:\\\/\\\/madridanimalpark.com\\\/?s={search_term_string}\"},\"query-input\":{\"@type\":\"PropertyValueSpecification\",\"valueRequired\":true,\"valueName\":\"search_term_string\"}}],\"inLanguage\":\"sv-SE\"},{\"@type\":\"Organization\",\"@id\":\"https:\\\/\\\/madridanimalpark.com\\\/#organization\",\"name\":\"madridanimalpark.com\",\"url\":\"https:\\\/\\\/madridanimalpark.com\\\/\",\"logo\":{\"@type\":\"ImageObject\",\"inLanguage\":\"sv-SE\",\"@id\":\"https:\\\/\\\/madridanimalpark.com\\\/#\\\/schema\\\/logo\\\/image\\\/\",\"url\":\"https:\\\/\\\/madridanimalpark.com\\\/wp-content\\\/uploads\\\/2025\\\/05\\\/madridanimalparklogo.png\",\"contentUrl\":\"https:\\\/\\\/madridanimalpark.com\\\/wp-content\\\/uploads\\\/2025\\\/05\\\/madridanimalparklogo.png\",\"width\":2000,\"height\":658,\"caption\":\"madridanimalpark.com\"},\"image\":{\"@id\":\"https:\\\/\\\/madridanimalpark.com\\\/#\\\/schema\\\/logo\\\/image\\\/\"}}]}<\/script>\n<!-- \/ Yoast SEO plugin. -->","yoast_head_json":{"title":"Hur man tar sig till Zoo Aquarium Madrid","description":"Hur man tar sig till Zoo Aquarium Madrid - Med buss - Med bil - Med kollektivtrafik - Med t\u00e5g - Tips - Parkering","robots":{"index":"index","follow":"follow","max-snippet":"max-snippet:-1","max-image-preview":"max-image-preview:large","max-video-preview":"max-video-preview:-1"},"canonical":"https:\/\/madridanimalpark.com\/sv\/tillvaegagangssaett\/","og_locale":"sv_SE","og_type":"article","og_title":"Anfahrt zum Zoo Aquarium Madrid","og_description":"Anfahrt zum Zoo Aquarium Madrid - Mit Bus - Mit Auto - Mit \u00d6ffentlichen Verkehrsmitteln - Mit Zug - Hinweise - Parking","og_url":"https:\/\/madridanimalpark.com\/sv\/tillvaegagangssaett\/","og_site_name":"madridanimalpark.com","article_modified_time":"2025-05-28T21:40:51+00:00","twitter_card":"summary_large_image","twitter_misc":{"Ber\u00e4knad l\u00e4stid":"3 minuter"},"schema":{"@context":"https:\/\/schema.org","@graph":[{"@type":"WebPage","@id":"https:\/\/madridanimalpark.com\/anfahrt\/","url":"https:\/\/madridanimalpark.com\/anfahrt\/","name":"Hur man tar sig till Zoo Aquarium Madrid","isPartOf":{"@id":"https:\/\/madridanimalpark.com\/#website"},"datePublished":"2025-05-28T21:38:41+00:00","dateModified":"2025-05-28T21:40:51+00:00","description":"Hur man tar sig till Zoo Aquarium Madrid - Med buss - Med bil - Med kollektivtrafik - Med t\u00e5g - Tips - Parkering","breadcrumb":{"@id":"https:\/\/madridanimalpark.com\/anfahrt\/#breadcrumb"},"inLanguage":"sv-SE","potentialAction":[{"@type":"ReadAction","target":["https:\/\/madridanimalpark.com\/anfahrt\/"]}]},{"@type":"BreadcrumbList","@id":"https:\/\/madridanimalpark.com\/anfahrt\/#breadcrumb","itemListElement":[{"@type":"ListItem","position":1,"name":"Home","item":"https:\/\/madridanimalpark.com\/"},{"@type":"ListItem","position":2,"name":"Anfahrt zum Zoo Aquarium Madrid"}]},{"@type":"WebSite","@id":"https:\/\/madridanimalpark.com\/#website","url":"https:\/\/madridanimalpark.com\/","name":"madridanimalpark.com","description":"Zoo Akvarium Madrid","publisher":{"@id":"https:\/\/madridanimalpark.com\/#organization"},"potentialAction":[{"@type":"SearchAction","target":{"@type":"EntryPoint","urlTemplate":"https:\/\/madridanimalpark.com\/?s={search_term_string}"},"query-input":{"@type":"PropertyValueSpecification","valueRequired":true,"valueName":"search_term_string"}}],"inLanguage":"sv-SE"},{"@type":"Organization","@id":"https:\/\/madridanimalpark.com\/#organization","name":"madridanimalpark.com","url":"https:\/\/madridanimalpark.com\/","logo":{"@type":"ImageObject","inLanguage":"sv-SE","@id":"https:\/\/madridanimalpark.com\/#\/schema\/logo\/image\/","url":"https:\/\/madridanimalpark.com\/wp-content\/uploads\/2025\/05\/madridanimalparklogo.png","contentUrl":"https:\/\/madridanimalpark.com\/wp-content\/uploads\/2025\/05\/madridanimalparklogo.png","width":2000,"height":658,"caption":"madridanimalpark.com"},"image":{"@id":"https:\/\/madridanimalpark.com\/#\/schema\/logo\/image\/"}}]}},"_links":{"self":[{"href":"https:\/\/madridanimalpark.com\/sv\/wp-json\/wp\/v2\/pages\/389","targetHints":{"allow":["GET"]}}],"collection":[{"href":"https:\/\/madridanimalpark.com\/sv\/wp-json\/wp\/v2\/pages"}],"about":[{"href":"https:\/\/madridanimalpark.com\/sv\/wp-json\/wp\/v2\/types\/page"}],"author":[{"embeddable":true,"href":"https:\/\/madridanimalpark.com\/sv\/wp-json\/wp\/v2\/users\/1"}],"replies":[{"embeddable":true,"href":"https:\/\/madridanimalpark.com\/sv\/wp-json\/wp\/v2\/comments?post=389"}],"version-history":[{"count":2,"href":"https:\/\/madridanimalpark.com\/sv\/wp-json\/wp\/v2\/pages\/389\/revisions"}],"predecessor-version":[{"id":391,"href":"https:\/\/madridanimalpark.com\/sv\/wp-json\/wp\/v2\/pages\/389\/revisions\/391"}],"wp:attachment":[{"href":"https:\/\/madridanimalpark.com\/sv\/wp-json\/wp\/v2\/media?parent=389"}],"curies":[{"name":"wp","href":"https:\/\/api.w.org\/{rel}","templated":true}]}}